{"id":28695,"date":"2015-09-12T14:14:04","date_gmt":"2015-09-12T14:14:04","guid":{"rendered":"https:\/\/rightstuff.eu\/shop\/machines\/lucky\/lucky-cpr-trueliner\/"},"modified":"2025-01-22T01:37:13","modified_gmt":"2025-01-22T00:37:13","slug":"lucky-cpr-trueliner","status":"publish","type":"product","link":"https:\/\/rightstuff.eu\/es\/producto\/lucky-cpr-trueliner\/","title":{"rendered":"M\u00e1quina de tatuar LUCKY TrueLiner Bronce"},"content":{"rendered":"<p>El mayor peligro cuando se utilizan trazadores de l\u00edneas potentes para l\u00edneas atrevidas es la difuminaci\u00f3n de la pintura. La m\u00e1quina de tatuar de lat\u00f3n LUCKY TrueLiner funciona de maravilla, combinando un impacto potente y preciso que deja la tinta a la profundidad adecuada. Este power liner es compatible con agujas 9-18 Rl. Est\u00e1 dise\u00f1ada para personas, que sin prisas y a gusto, simplemente tirando de la piel con un dedo, hacen l\u00edneas gruesas en una sola pasada. La unidad con bobinas perfectas de 26 mm y 9 vueltas es buena para agujas de 9 en adelante. Este aparato proporciona una estabilidad y confianza insuperables en la realizaci\u00f3n de l\u00edneas gruesas n\u00edtidas. Est\u00e1 dise\u00f1ado para funcionar en una sola pasada con la piel. <a href=\"https:\/\/rightstuff.eu\/blog\/become-tattoo-artist\/\">Artistas tatuadores<\/a>Quienes ten\u00edan problemas con el contorneado de l\u00edneas gruesas trabajando con los otros art\u00edculos, se olvidar\u00e1n de sus antiguas m\u00e1quinas cuando empiecen a trabajar con \u00e9ste.<br \/>\nEl armaz\u00f3n de lat\u00f3n hace que la herramienta sea bastante pesada: 250 gramos. Sin embargo, precisamente gracias a este material la vida \u00fatil de la m\u00e1quina es extremadamente larga. Esta herramienta de carrera larga funciona con una frecuencia de 135 Hz y una tensi\u00f3n de 6,6 V.<\/p>","protected":false},"excerpt":{"rendered":"<p>M\u00e1quina de tatuaje de bobina power liner<\/p>\n<p>El bastidor est\u00e1 mecanizado a partir de una sola pieza de Bronce<br \/>\nBobinas de alta calidad - 26 mm * 9 vueltas<br \/>\nHerrajes de acero pavonado<br \/>\nAgujas preferidas 9-18rl<br \/>\nCarrera larga<br \/>\nFunciona a 135hz a 6,6 voltios -sin carga<\/p>\n<p>Peso de la m\u00e1quina de tatuar 200gr.<\/p>","protected":false},"featured_media":49318,"comment_status":"open","ping_status":"closed","template":"","meta":{"site-sidebar-layout":"","site-content-layout":"","ast-site-content-layout":"default","site-content-style":"default","site-sidebar-style":"default","ast-global-header-display":"","ast-banner-title-visibility":"","ast-main-header-display":"","ast-hfb-above-header-display":"","ast-hfb-below-header-display":"","ast-hfb-mobile-header-display":"","site-post-title":"","ast-breadcrumbs-content":"","ast-featured-img":"","footer-sml-layout":"","ast-disable-related-posts":"","theme-transparent-header-meta":"","adv-header-id-meta":"","stick-header-meta":"","header-above-stick-meta":"","header-main-stick-meta":"","header-below-stick-meta":"","astra-migrate-meta-layouts":"default","ast-page-background-enabled":"default","ast-page-background-meta":{"desktop":{"background-color":"var(--ast-global-color-4)","background-image":"","background-repeat":"repeat","background-position":"center center","background-size":"auto","background-attachment":"scroll","background-type":"","background-media":"","overlay-type":"","overlay-color":"","overlay-opacity":"","overlay-gradient":""},"tablet":{"background-color":"","background-image":"","background-repeat":"repeat","background-position":"center center","background-size":"auto","background-attachment":"scroll","background-type":"","background-media":"","overlay-type":"","overlay-color":"","overlay-opacity":"","overlay-gradient":""},"mobile":{"background-color":"","background-image":"","background-repeat":"repeat","background-position":"center center","background-size":"auto","background-attachment":"scroll","background-type":"","background-media":"","overlay-type":"","overlay-color":"","overlay-opacity":"","overlay-gradient":""}},"ast-content-background-meta":{"desktop":{"background-color":"var(--ast-global-color-5)","background-image":"","background-repeat":"repeat","background-position":"center center","background-size":"auto","background-attachment":"scroll","background-type":"","background-media":"","overlay-type":"","overlay-color":"","overlay-opacity":"","overlay-gradient":""},"tablet":{"background-color":"var(--ast-global-color-5)","background-image":"","background-repeat":"repeat","background-position":"center center","background-size":"auto","background-attachment":"scroll","background-type":"","background-media":"","overlay-type":"","overlay-color":"","overlay-opacity":"","overlay-gradient":""},"mobile":{"background-color":"var(--ast-global-color-5)","background-image":"","background-repeat":"repeat","background-position":"center center","background-size":"auto","background-attachment":"scroll","background-type":"","background-media":"","overlay-type":"","overlay-color":"","overlay-opacity":"","overlay-gradient":""}}},"product_brand":[],"product_cat":[8],"product_tag":[82,93,83,99,1802,87,91,95,72],"class_list":{"0":"post-28695","1":"product","2":"type-product","3":"status-publish","4":"has-post-thumbnail","6":"product_cat-lucky","7":"product_tag-coil-tattoo-machines","8":"product_tag-custom-tattoo-guns","9":"product_tag-custom-tattoo-machines","10":"product_tag-handmade-tattoo-machines","11":"product_tag-maquinas-de-tatuaje-de-bobina","12":"product_tag-professional-tattoo-machines","13":"product_tag-tattoo-equipment","14":"product_tag-tattoo-guns","15":"product_tag-tattoo-machine-coils","16":"pa_brand-rightstuff","17":"desktop-align-center","18":"tablet-align-left","19":"mobile-align-left","20":"ast-product-gallery-layout-horizontal-slider","21":"ast-product-tabs-layout-horizontal","23":"first","24":"instock","25":"sale","26":"taxable","27":"shipping-taxable","28":"purchasable","29":"product-type-simple"},"_links":{"self":[{"href":"https:\/\/rightstuff.eu\/es\/wp-json\/wp\/v2\/product\/28695","targetHints":{"allow":["GET"]}}],"collection":[{"href":"https:\/\/rightstuff.eu\/es\/wp-json\/wp\/v2\/product"}],"about":[{"href":"https:\/\/rightstuff.eu\/es\/wp-json\/wp\/v2\/types\/product"}],"replies":[{"embeddable":true,"href":"https:\/\/rightstuff.eu\/es\/wp-json\/wp\/v2\/comments?post=28695"}],"version-history":[{"count":0,"href":"https:\/\/rightstuff.eu\/es\/wp-json\/wp\/v2\/product\/28695\/revisions"}],"wp:featuredmedia":[{"embeddable":true,"href":"https:\/\/rightstuff.eu\/es\/wp-json\/wp\/v2\/media\/49318"}],"wp:attachment":[{"href":"https:\/\/rightstuff.eu\/es\/wp-json\/wp\/v2\/media?parent=28695"}],"wp:term":[{"taxonomy":"product_brand","embeddable":true,"href":"https:\/\/rightstuff.eu\/es\/wp-json\/wp\/v2\/product_brand?post=28695"},{"taxonomy":"product_cat","embeddable":true,"href":"https:\/\/rightstuff.eu\/es\/wp-json\/wp\/v2\/product_cat?post=28695"},{"taxonomy":"product_tag","embeddable":true,"href":"https:\/\/rightstuff.eu\/es\/wp-json\/wp\/v2\/product_tag?post=28695"}],"curies":[{"name":"wp","href":"https:\/\/api.w.org\/{rel}","templated":true}]}}