{"id":1148,"date":"2015-09-05T07:51:08","date_gmt":"2015-09-05T05:51:08","guid":{"rendered":"https:\/\/rightstuff.eu\/shop\/machines\/lucky-blk-trueliner\/"},"modified":"2026-03-14T17:48:04","modified_gmt":"2026-03-14T16:48:04","slug":"lucky-blk-trueliner","status":"publish","type":"product","link":"https:\/\/rightstuff.eu\/es\/producto\/lucky-blk-trueliner\/","title":{"rendered":"M\u00e1quina de Tatuajes TrueLiner LUCKY BLK"},"content":{"rendered":"<p>Los profesionales del arte del tatuaje, que trabajan al estilo tradicional, siempre necesitan un equipo realmente bueno y eficaz: excelentes dispositivos para grandes grupos de agujas. No debe ser ni demasiado ligero ni demasiado pesado. El material debe dar un golpe fuerte. Debe sostenerse en un estilo cl\u00e1sico, y debe crear l\u00edneas precisas, perfectas, absolutamente ideales en una sola pasada. LUCKY BLK TrueLiner <a href=\"https:\/\/rightstuff.eu\/blog\/success-story-the-birth-of-the-rightstuf\/\">M\u00e1quina de tatuar<\/a> cumple todos los requisitos de estos maestros. Es una unidad potente para crear los contornos de las im\u00e1genes y los detalles de un tatuaje. Fabricada en acero ennegrecido, esta unidad pesa 200 gramos. Mientras tanto, su tama\u00f1o compacto permite a la persona implicada en el proceso de tatuaje trabajar sin tensi\u00f3n ni estr\u00e9s y sin sobrecargar demasiado las manos.<\/p>\n<p>Esta True Liner negra de carrera larga que resulta c\u00f3moda es f\u00e1cil de trabajar, funciona a una frecuencia de 135 Hz y un voltaje de 6, 6 V. Sus bobinas de 26 mm, excelentemente fabricadas, tienen 8 vueltas. Un profesional puede utilizarla en su negocio todos los d\u00edas. El aparato est\u00e1 dise\u00f1ado para trabajar con agujas de 9 -18 Rl.<\/p>","protected":false},"excerpt":{"rendered":"<p>M\u00e1quina de tatuar power liner<\/p>\n<p>El bastidor est\u00e1 mecanizado a partir de una sola pieza de acero<br \/>\nBobinas de alta calidad - 26 mm * 9 vueltas<br \/>\nHerrajes de acero ennegrecido<br \/>\nAgujas preferidas 9-18rl<br \/>\nCarrera larga<br \/>\nFunciona a 135hz a 6,6 voltios -sin carga<\/p>\n<p>Peso de la m\u00e1quina de tatuar 200gr.<\/p>","protected":false},"featured_media":58739,"comment_status":"open","ping_status":"closed","template":"","meta":{"site-sidebar-layout":"default","site-content-layout":"","ast-site-content-layout":"default","site-content-style":"default","site-sidebar-style":"default","ast-global-header-display":"","ast-banner-title-visibility":"","ast-main-header-display":"","ast-hfb-above-header-display":"","ast-hfb-below-header-display":"","ast-hfb-mobile-header-display":"","site-post-title":"","ast-breadcrumbs-content":"","ast-featured-img":"","footer-sml-layout":"","ast-disable-related-posts":"","theme-transparent-header-meta":"default","adv-header-id-meta":"","stick-header-meta":"default","header-above-stick-meta":"","header-main-stick-meta":"","header-below-stick-meta":"","astra-migrate-meta-layouts":"set","ast-page-background-enabled":"default","ast-page-background-meta":{"desktop":{"background-color":"var(--ast-global-color-4)","background-image":"","background-repeat":"repeat","background-position":"center center","background-size":"auto","background-attachment":"scroll","background-type":"","background-media":"","overlay-type":"","overlay-color":"","overlay-opacity":"","overlay-gradient":""},"tablet":{"background-color":"","background-image":"","background-repeat":"repeat","background-position":"center center","background-size":"auto","background-attachment":"scroll","background-type":"","background-media":"","overlay-type":"","overlay-color":"","overlay-opacity":"","overlay-gradient":""},"mobile":{"background-color":"","background-image":"","background-repeat":"repeat","background-position":"center center","background-size":"auto","background-attachment":"scroll","background-type":"","background-media":"","overlay-type":"","overlay-color":"","overlay-opacity":"","overlay-gradient":""}},"ast-content-background-meta":{"desktop":{"background-color":"var(--ast-global-color-5)","background-image":"","background-repeat":"repeat","background-position":"center center","background-size":"auto","background-attachment":"scroll","background-type":"","background-media":"","overlay-type":"","overlay-color":"","overlay-opacity":"","overlay-gradient":""},"tablet":{"background-color":"var(--ast-global-color-5)","background-image":"","background-repeat":"repeat","background-position":"center center","background-size":"auto","background-attachment":"scroll","background-type":"","background-media":"","overlay-type":"","overlay-color":"","overlay-opacity":"","overlay-gradient":""},"mobile":{"background-color":"var(--ast-global-color-5)","background-image":"","background-repeat":"repeat","background-position":"center center","background-size":"auto","background-attachment":"scroll","background-type":"","background-media":"","overlay-type":"","overlay-color":"","overlay-opacity":"","overlay-gradient":""}}},"product_brand":[],"product_cat":[8],"product_tag":[82,93,83,99,1802,87,91,95,72],"class_list":{"0":"post-1148","1":"product","2":"type-product","3":"status-publish","4":"has-post-thumbnail","6":"product_cat-lucky","7":"product_tag-coil-tattoo-machines","8":"product_tag-custom-tattoo-guns","9":"product_tag-custom-tattoo-machines","10":"product_tag-handmade-tattoo-machines","11":"product_tag-maquinas-de-tatuaje-de-bobina","12":"product_tag-professional-tattoo-machines","13":"product_tag-tattoo-equipment","14":"product_tag-tattoo-guns","15":"product_tag-tattoo-machine-coils","16":"pa_brand-rightstuff","17":"desktop-align-center","18":"tablet-align-left","19":"mobile-align-left","20":"ast-product-gallery-layout-horizontal-slider","21":"ast-product-tabs-layout-horizontal","23":"first","24":"instock","25":"sale","26":"taxable","27":"shipping-taxable","28":"purchasable","29":"product-type-simple"},"_links":{"self":[{"href":"https:\/\/rightstuff.eu\/es\/wp-json\/wp\/v2\/product\/1148","targetHints":{"allow":["GET"]}}],"collection":[{"href":"https:\/\/rightstuff.eu\/es\/wp-json\/wp\/v2\/product"}],"about":[{"href":"https:\/\/rightstuff.eu\/es\/wp-json\/wp\/v2\/types\/product"}],"replies":[{"embeddable":true,"href":"https:\/\/rightstuff.eu\/es\/wp-json\/wp\/v2\/comments?post=1148"}],"version-history":[{"count":0,"href":"https:\/\/rightstuff.eu\/es\/wp-json\/wp\/v2\/product\/1148\/revisions"}],"wp:featuredmedia":[{"embeddable":true,"href":"https:\/\/rightstuff.eu\/es\/wp-json\/wp\/v2\/media\/58739"}],"wp:attachment":[{"href":"https:\/\/rightstuff.eu\/es\/wp-json\/wp\/v2\/media?parent=1148"}],"wp:term":[{"taxonomy":"product_brand","embeddable":true,"href":"https:\/\/rightstuff.eu\/es\/wp-json\/wp\/v2\/product_brand?post=1148"},{"taxonomy":"product_cat","embeddable":true,"href":"https:\/\/rightstuff.eu\/es\/wp-json\/wp\/v2\/product_cat?post=1148"},{"taxonomy":"product_tag","embeddable":true,"href":"https:\/\/rightstuff.eu\/es\/wp-json\/wp\/v2\/product_tag?post=1148"}],"curies":[{"name":"wp","href":"https:\/\/api.w.org\/{rel}","templated":true}]}}