{"id":1144,"date":"2015-09-05T07:49:18","date_gmt":"2015-09-05T04:49:18","guid":{"rendered":"https:\/\/rightstuff.eu\/shop\/machines\/lucky-blk-shader\/"},"modified":"2023-11-21T20:23:56","modified_gmt":"2023-11-21T19:23:56","slug":"lucky-blk-shader","status":"publish","type":"product","link":"https:\/\/rightstuff.eu\/es\/producto\/lucky-blk-shader\/","title":{"rendered":"M\u00e1quina de Tatuaje LUCKY BLK Shader"},"content":{"rendered":"<p>Desde <a href=\"https:\/\/rightstuff.eu\/blog\/getting-a-permanent-tattoo\/\">tatuajes de la antig\u00fcedad<\/a> se han aplicado con objetos punzantes, como fragmentos de vasijas, espinas de pescado, palos puntiagudos y dientes de animales. El procedimiento era muy doloroso y requer\u00eda resistencia y fuerza de voluntad. Por ello, a los propietarios de tatuajes se les consideraba audaces y extremadamente fuertes. La m\u00e1quina especial para crear im\u00e1genes permanentes en la piel apareci\u00f3 en 1891 en Am\u00e9rica. Los primeros maestros utilizaban henna, ocre, carb\u00f3n e incluso holl\u00edn: \u00e9sta era la \"tinta\" de los primeros salones de tatuaje americanos. M\u00e1s tarde, \u00a1trabajaron incluso con p\u00f3lvora!<\/p>\n<p>Los equipos contempor\u00e1neos para tatuar utilizan tinta y pinturas especiales inocuas. Por ejemplo, trabajando con la m\u00e1quina de tatuar LUCKY BLK Shader de acero de trazo largo, un artista puede crear una imagen de piel cuadrada de gran tama\u00f1o. El cliente puede acudir al maestro varias veces, pero el resultado ser\u00e1 excelente. \u00a1El tatuaje tendr\u00e1 un aspecto realista! La unidad, que funciona con 7-15 agujas, funciona a 105 Hz y 6, 6 V cuando est\u00e1 descargada. Tiene bobinas de 26 mm con 10 vueltas y pesa 200 g.<\/p>","protected":false},"excerpt":{"rendered":"<h1 class=\"product_title entry-title\">M\u00e1quina de tatuar Shader<\/h1>\n<p>El bastidor est\u00e1 mecanizado a partir de una sola pieza de acero<br \/>\nBobinas de alta calidad - 26 mm * 10 vueltas<br \/>\nHerrajes de acero ennegrecido<br \/>\nAgujas preferidas 7-15m<br \/>\nCarrera larga<br \/>\nFunciona a 105hz a 6,6 voltios -sin carga<\/p>\n<p>Peso de la m\u00e1quina de tatuar 200gr.<\/p>","protected":false},"featured_media":49315,"comment_status":"open","ping_status":"closed","template":"","meta":{"site-sidebar-layout":"default","site-content-layout":"","ast-site-content-layout":"default","site-content-style":"default","site-sidebar-style":"default","ast-global-header-display":"","ast-banner-title-visibility":"","ast-main-header-display":"","ast-hfb-above-header-display":"","ast-hfb-below-header-display":"","ast-hfb-mobile-header-display":"","site-post-title":"","ast-breadcrumbs-content":"","ast-featured-img":"","footer-sml-layout":"","ast-disable-related-posts":"","theme-transparent-header-meta":"default","adv-header-id-meta":"","stick-header-meta":"default","header-above-stick-meta":"","header-main-stick-meta":"","header-below-stick-meta":"","astra-migrate-meta-layouts":"set","ast-page-background-enabled":"default","ast-page-background-meta":{"desktop":{"background-color":"var(--ast-global-color-4)","background-image":"","background-repeat":"repeat","background-position":"center center","background-size":"auto","background-attachment":"scroll","background-type":"","background-media":"","overlay-type":"","overlay-color":"","overlay-opacity":"","overlay-gradient":""},"tablet":{"background-color":"","background-image":"","background-repeat":"repeat","background-position":"center center","background-size":"auto","background-attachment":"scroll","background-type":"","background-media":"","overlay-type":"","overlay-color":"","overlay-opacity":"","overlay-gradient":""},"mobile":{"background-color":"","background-image":"","background-repeat":"repeat","background-position":"center center","background-size":"auto","background-attachment":"scroll","background-type":"","background-media":"","overlay-type":"","overlay-color":"","overlay-opacity":"","overlay-gradient":""}},"ast-content-background-meta":{"desktop":{"background-color":"var(--ast-global-color-5)","background-image":"","background-repeat":"repeat","background-position":"center center","background-size":"auto","background-attachment":"scroll","background-type":"","background-media":"","overlay-type":"","overlay-color":"","overlay-opacity":"","overlay-gradient":""},"tablet":{"background-color":"var(--ast-global-color-5)","background-image":"","background-repeat":"repeat","background-position":"center center","background-size":"auto","background-attachment":"scroll","background-type":"","background-media":"","overlay-type":"","overlay-color":"","overlay-opacity":"","overlay-gradient":""},"mobile":{"background-color":"var(--ast-global-color-5)","background-image":"","background-repeat":"repeat","background-position":"center center","background-size":"auto","background-attachment":"scroll","background-type":"","background-media":"","overlay-type":"","overlay-color":"","overlay-opacity":"","overlay-gradient":""}}},"product_brand":[],"product_cat":[8],"product_tag":[82,93,83,99,1802,87,89,91,95,72,96],"class_list":{"0":"post-1144","1":"product","2":"type-product","3":"status-publish","4":"has-post-thumbnail","6":"product_cat-lucky","7":"product_tag-coil-tattoo-machines","8":"product_tag-custom-tattoo-guns","9":"product_tag-custom-tattoo-machines","10":"product_tag-handmade-tattoo-machines","11":"product_tag-maquinas-de-tatuaje-de-bobina","12":"product_tag-professional-tattoo-machines","13":"product_tag-shader-tattoo-machines","14":"product_tag-tattoo-equipment","15":"product_tag-tattoo-guns","16":"product_tag-tattoo-machine-coils","17":"product_tag-tattoo-shading-guns","18":"pa_brand-rightstuff","19":"desktop-align-center","20":"tablet-align-left","21":"mobile-align-left","22":"ast-product-gallery-layout-horizontal-slider","23":"ast-product-tabs-layout-horizontal","25":"first","26":"outofstock","27":"sale","28":"taxable","29":"shipping-taxable","30":"purchasable","31":"product-type-simple"},"_links":{"self":[{"href":"https:\/\/rightstuff.eu\/es\/wp-json\/wp\/v2\/product\/1144","targetHints":{"allow":["GET"]}}],"collection":[{"href":"https:\/\/rightstuff.eu\/es\/wp-json\/wp\/v2\/product"}],"about":[{"href":"https:\/\/rightstuff.eu\/es\/wp-json\/wp\/v2\/types\/product"}],"replies":[{"embeddable":true,"href":"https:\/\/rightstuff.eu\/es\/wp-json\/wp\/v2\/comments?post=1144"}],"version-history":[{"count":0,"href":"https:\/\/rightstuff.eu\/es\/wp-json\/wp\/v2\/product\/1144\/revisions"}],"wp:featuredmedia":[{"embeddable":true,"href":"https:\/\/rightstuff.eu\/es\/wp-json\/wp\/v2\/media\/49315"}],"wp:attachment":[{"href":"https:\/\/rightstuff.eu\/es\/wp-json\/wp\/v2\/media?parent=1144"}],"wp:term":[{"taxonomy":"product_brand","embeddable":true,"href":"https:\/\/rightstuff.eu\/es\/wp-json\/wp\/v2\/product_brand?post=1144"},{"taxonomy":"product_cat","embeddable":true,"href":"https:\/\/rightstuff.eu\/es\/wp-json\/wp\/v2\/product_cat?post=1144"},{"taxonomy":"product_tag","embeddable":true,"href":"https:\/\/rightstuff.eu\/es\/wp-json\/wp\/v2\/product_tag?post=1144"}],"curies":[{"name":"wp","href":"https:\/\/api.w.org\/{rel}","templated":true}]}}