{"id":1124,"date":"2015-09-04T23:00:43","date_gmt":"2015-09-04T20:00:43","guid":{"rendered":"https:\/\/rightstuff.eu\/?post_type=product&#038;p=1124"},"modified":"2025-01-22T01:37:13","modified_gmt":"2025-01-22T00:37:13","slug":"dozzer-colorpacker","status":"publish","type":"product","link":"https:\/\/rightstuff.eu\/es\/producto\/dozzer-colorpacker\/","title":{"rendered":"M\u00e1quina de Tatuajes DOZZER ColorPacker"},"content":{"rendered":"<p>La humanidad invent\u00f3 los tatuajes hace siglos: los primeros maestros de este arte antiguo, pero \u00fanico, utilizaban en su trabajo s\u00f3lo pinturas naturales y tonos de color limitados. Hoy en d\u00eda este arte, que tambi\u00e9n es un gran negocio y un hobby para muchos artistas, es extremadamente popular. Gracias a la moderna conveniencia en <a href=\"https:\/\/rightstuff.eu\/product-tag\/tattoo-supplies\/\">equipo de uso<\/a> y tinta especial de todas las tonalidades, el tatuaje se ha convertido en la obra de arte m\u00e1s atractiva. Al ver a un tipo con el cuerpo cubierto de fant\u00e1sticas im\u00e1genes permanentes, debes saber - el maestro, que cre\u00f3 esta obra maestra, podr\u00eda utilizar la M\u00e1quina de Tatuaje DOZZER ColorPacker de un dispositivo similar.<\/p>\n<p>Trabajando con esta unidad, un artista puede sombrear f\u00e1cilmente una imagen eligiendo las pinturas de los colores necesarios. Practicando la realizaci\u00f3n de tatuajes de colores y utilizando agujas de 7 M o m\u00e1s, disfrutar\u00e1s con este aparato que pesa 210 gramos y tiene bobinas de diez vueltas de 26 mm.<\/p>","protected":false},"excerpt":{"rendered":"<p>El bastidor est\u00e1 mecanizado a partir de una sola pieza de Bronce<br \/>\nBobinas de alta calidad - 25 mm * 10 vueltas<br \/>\nHerrajes de acero ennegrecido<br \/>\nAgujas preferidas de 7 m en adelante<br \/>\nCarrera larga<br \/>\nFunciona a 95hz a 4,0 voltios -sin carga<\/p>\n<p>Peso de la m\u00e1quina de tatuar 210gr.<\/p>","protected":false},"featured_media":49303,"comment_status":"open","ping_status":"closed","template":"","meta":{"site-sidebar-layout":"","site-content-layout":"","ast-site-content-layout":"default","site-content-style":"default","site-sidebar-style":"default","ast-global-header-display":"","ast-banner-title-visibility":"","ast-main-header-display":"","ast-hfb-above-header-display":"","ast-hfb-below-header-display":"","ast-hfb-mobile-header-display":"","site-post-title":"","ast-breadcrumbs-content":"","ast-featured-img":"","footer-sml-layout":"","ast-disable-related-posts":"","theme-transparent-header-meta":"","adv-header-id-meta":"","stick-header-meta":"","header-above-stick-meta":"","header-main-stick-meta":"","header-below-stick-meta":"","astra-migrate-meta-layouts":"default","ast-page-background-enabled":"default","ast-page-background-meta":{"desktop":{"background-color":"var(--ast-global-color-4)","background-image":"","background-repeat":"repeat","background-position":"center center","background-size":"auto","background-attachment":"scroll","background-type":"","background-media":"","overlay-type":"","overlay-color":"","overlay-opacity":"","overlay-gradient":""},"tablet":{"background-color":"","background-image":"","background-repeat":"repeat","background-position":"center center","background-size":"auto","background-attachment":"scroll","background-type":"","background-media":"","overlay-type":"","overlay-color":"","overlay-opacity":"","overlay-gradient":""},"mobile":{"background-color":"","background-image":"","background-repeat":"repeat","background-position":"center center","background-size":"auto","background-attachment":"scroll","background-type":"","background-media":"","overlay-type":"","overlay-color":"","overlay-opacity":"","overlay-gradient":""}},"ast-content-background-meta":{"desktop":{"background-color":"var(--ast-global-color-5)","background-image":"","background-repeat":"repeat","background-position":"center center","background-size":"auto","background-attachment":"scroll","background-type":"","background-media":"","overlay-type":"","overlay-color":"","overlay-opacity":"","overlay-gradient":""},"tablet":{"background-color":"var(--ast-global-color-5)","background-image":"","background-repeat":"repeat","background-position":"center center","background-size":"auto","background-attachment":"scroll","background-type":"","background-media":"","overlay-type":"","overlay-color":"","overlay-opacity":"","overlay-gradient":""},"mobile":{"background-color":"var(--ast-global-color-5)","background-image":"","background-repeat":"repeat","background-position":"center center","background-size":"auto","background-attachment":"scroll","background-type":"","background-media":"","overlay-type":"","overlay-color":"","overlay-opacity":"","overlay-gradient":""}}},"product_brand":[],"product_cat":[32],"product_tag":[82,93,83,99,1801,87,91,95,72],"class_list":{"0":"post-1124","1":"product","2":"type-product","3":"status-publish","4":"has-post-thumbnail","6":"product_cat-dozzer","7":"product_tag-coil-tattoo-machines","8":"product_tag-custom-tattoo-guns","9":"product_tag-custom-tattoo-machines","10":"product_tag-handmade-tattoo-machines","11":"product_tag-machines-a-tatouer-les-bobines","12":"product_tag-professional-tattoo-machines","13":"product_tag-tattoo-equipment","14":"product_tag-tattoo-guns","15":"product_tag-tattoo-machine-coils","16":"pa_brand-rightstuff","17":"desktop-align-center","18":"tablet-align-left","19":"mobile-align-left","20":"ast-product-gallery-layout-horizontal-slider","21":"ast-product-tabs-layout-horizontal","23":"first","24":"instock","25":"sale","26":"taxable","27":"shipping-taxable","28":"purchasable","29":"product-type-simple"},"_links":{"self":[{"href":"https:\/\/rightstuff.eu\/es\/wp-json\/wp\/v2\/product\/1124","targetHints":{"allow":["GET"]}}],"collection":[{"href":"https:\/\/rightstuff.eu\/es\/wp-json\/wp\/v2\/product"}],"about":[{"href":"https:\/\/rightstuff.eu\/es\/wp-json\/wp\/v2\/types\/product"}],"replies":[{"embeddable":true,"href":"https:\/\/rightstuff.eu\/es\/wp-json\/wp\/v2\/comments?post=1124"}],"version-history":[{"count":0,"href":"https:\/\/rightstuff.eu\/es\/wp-json\/wp\/v2\/product\/1124\/revisions"}],"wp:featuredmedia":[{"embeddable":true,"href":"https:\/\/rightstuff.eu\/es\/wp-json\/wp\/v2\/media\/49303"}],"wp:attachment":[{"href":"https:\/\/rightstuff.eu\/es\/wp-json\/wp\/v2\/media?parent=1124"}],"wp:term":[{"taxonomy":"product_brand","embeddable":true,"href":"https:\/\/rightstuff.eu\/es\/wp-json\/wp\/v2\/product_brand?post=1124"},{"taxonomy":"product_cat","embeddable":true,"href":"https:\/\/rightstuff.eu\/es\/wp-json\/wp\/v2\/product_cat?post=1124"},{"taxonomy":"product_tag","embeddable":true,"href":"https:\/\/rightstuff.eu\/es\/wp-json\/wp\/v2\/product_tag?post=1124"}],"curies":[{"name":"wp","href":"https:\/\/api.w.org\/{rel}","templated":true}]}}