{"id":55,"date":"2015-08-26T16:52:43","date_gmt":"2015-08-26T16:52:43","guid":{"rendered":"https:\/\/rightstuff.eu\/?page_id=55"},"modified":"2025-09-17T17:17:04","modified_gmt":"2025-09-17T15:17:04","slug":"terms-and-conditions","status":"publish","type":"page","link":"https:\/\/rightstuff.eu\/es\/terms-and-conditions\/","title":{"rendered":"Condiciones generales de venta"},"content":{"rendered":"<p>Condiciones de la tienda en l\u00ednea&nbsp;<strong>rightstuff.eu<\/strong><br>(en vigor a partir del 09.01.2023)<\/p>\n\n\n\n<hr class=\"wp-block-separator has-alpha-channel-opacity\"\/>\n\n\n\n<h2 class=\"wp-block-heading\">\u00a71 Disposiciones generales<\/h2>\n\n\n\n<ol class=\"wp-block-list\">\n<li>Definiciones:<\/li>\n<\/ol>\n\n\n\n<p>a)&nbsp;<strong>D\u00edas laborables<\/strong>&nbsp;- d\u00edas de la semana, de lunes a viernes, salvo festivos.<\/p>\n\n\n\n<p>b)&nbsp;<strong>Entrega<\/strong>&nbsp;- el acto de entregar al Cliente las Mercanc\u00edas especificadas en el pedido por parte del Proveedor en nombre del Vendedor.<\/p>\n\n\n\n<p>c)&nbsp;<strong>Proveedor<\/strong>&nbsp;- la entidad que coopera con el Vendedor a efectos de la Entrega de las Mercanc\u00edas, como una empresa de mensajer\u00eda.<\/p>\n\n\n\n<p>d)&nbsp;<strong>Contrase\u00f1a<\/strong>&nbsp;- una secuencia de letras, n\u00fameros u otros caracteres elegidos por el Cliente durante el Registro en la Tienda Online, utilizados para asegurar el acceso a la Cuenta del Cliente.<\/p>\n\n\n\n<p>e)&nbsp;<strong>L\u00ednea directa<\/strong>&nbsp;- el n\u00famero de tel\u00e9fono +48 579297461, disponible para el contacto del Cliente con el Vendedor en relaci\u00f3n con la informaci\u00f3n relativa a los Contratos de Venta celebrados.<\/p>\n\n\n\n<p>f)&nbsp;<strong>Cliente<\/strong>&nbsp;- cualquier entidad que utilice la Tienda Online o realice una compra al Vendedor.<\/p>\n\n\n\n<p>g)&nbsp;<strong>Consumidores<\/strong>&nbsp;- una persona f\u00edsica que realice un negocio jur\u00eddico con el Vendedor que no est\u00e9 directamente relacionado con su actividad empresarial o profesional.<\/p>\n\n\n\n<p>h)&nbsp;<strong>Cuenta cliente<\/strong>&nbsp;- un panel individual para cada Cliente, creado por el Vendedor tras el Registro, que permite al Cliente utilizar determinadas funcionalidades de la Tienda Online.<\/p>\n\n\n\n<p>i)&nbsp;<strong>Comprador<\/strong>&nbsp;- cualquier entidad que realice una compra al Vendedor.<\/p>\n\n\n\n<p>j)&nbsp;<strong>Empresario<\/strong>&nbsp;- persona f\u00edsica, persona jur\u00eddica o unidad organizativa sin personalidad jur\u00eddica a la que la ley otorga capacidad jur\u00eddica, que ejerce una actividad empresarial o profesional en nombre propio y que celebra un negocio jur\u00eddico con el Vendedor directamente relacionado con dicha actividad.<\/p>\n\n\n\n<p>k)&nbsp;<strong>Condiciones generales de venta<\/strong>&nbsp;- este documento.<\/p>\n\n\n\n<p>l)&nbsp;<strong>Inscripci\u00f3n<\/strong>&nbsp;- el acto de crear una Cuenta de Cliente en la Tienda Online por parte del Cliente en la forma especificada en las presentes Condiciones Generales.<\/p>\n\n\n\n<p>m)&nbsp;<strong>Tienda en l\u00ednea<\/strong>&nbsp;- el sitio web&nbsp;<a href=\"http:\/\/www.rightstuff.eu\/\">www.rightstuff.eu<\/a>.<\/p>\n\n\n\n<p>n)&nbsp;<strong>Vendedor<\/strong>&nbsp;-&nbsp;<strong>OLEG MOZHEY<\/strong>, ul. B. Prusa 6\/75, 50-319 Wroc\u0142aw, REGON: 522398369, NIP: PL8982279308, que tambi\u00e9n es el propietario de la tienda en l\u00ednea.<\/p>\n\n\n\n<p>o)&nbsp;<strong>Sitio web de la tienda<\/strong>&nbsp;- los sitios web a trav\u00e9s de los cuales el Vendedor explota la Tienda Online, bajo el dominio&nbsp;<a href=\"http:\/\/www.rightstuff.eu\/\">www.rightstuff.eu<\/a>.<\/p>\n\n\n\n<p>p)&nbsp;<strong>Mercanc\u00edas<\/strong>&nbsp;- cualquier producto presentado por el Vendedor a trav\u00e9s del Sitio Web de la Tienda, que pueda ser objeto de un Contrato de Venta.<\/p>\n\n\n\n<p>q)&nbsp;<strong>Acuerdo de venta<\/strong>&nbsp;- un contrato de venta a distancia celebrado en virtud de las presentes Condiciones Generales entre el Comprador y el Vendedor.<\/p>\n\n\n\n<ol start=\"2\" class=\"wp-block-list\">\n<li>Estos T\u00e9rminos y Condiciones definen las reglas de compra en la Tienda Online rightstuff.eu operada por el Vendedor.<\/li>\n\n\n\n<li>En caso de problemas o preguntas sobre el uso de la Tienda Online, el Cliente podr\u00e1 ponerse en contacto con el Vendedor.<\/li>\n\n\n\n<li>El Comprador puede ponerse en contacto con el Vendedor:<br>a) por correo electr\u00f3nico:\u00a0<a href=\"mailto:orders@rightstuff.eu\">orders@rightstuff.eu<\/a><br>b) por tel\u00e9fono: +48 579297461<br>c) por correo: ul. B. Prusa 6\/75, 50-319 Wroc\u0142aw<\/li>\n\n\n\n<li>Un Comprador s\u00f3lo puede ser una persona f\u00edsica o jur\u00eddica con plena capacidad jur\u00eddica, o una persona f\u00edsica con capacidad jur\u00eddica limitada debidamente representada por un representante autorizado.<\/li>\n\n\n\n<li>Las entregas se realizan en el territorio de la Rep\u00fablica de Polonia y en pa\u00edses de la Uni\u00f3n Europea.<\/li>\n\n\n\n<li>Una condici\u00f3n para realizar un pedido es familiarizarse con estas Condiciones Generales y aceptar sus disposiciones antes de celebrar un Contrato de Venta o un contrato de servicios electr\u00f3nicos.<\/li>\n<\/ol>\n\n\n\n<hr class=\"wp-block-separator has-alpha-channel-opacity\"\/>\n\n\n\n<h2 class=\"wp-block-heading\">\u00a72 Requisitos t\u00e9cnicos<\/h2>\n\n\n\n<ol class=\"wp-block-list\">\n<li>Para utilizar los servicios prestados en virtud de las presentes Condiciones Generales, el Cliente deber\u00e1 disponer de:\n<ul class=\"wp-block-list\">\n<li>Versi\u00f3n de Internet Explorer no anterior a 7.0,<\/li>\n\n\n\n<li>Mozilla Firefox no anterior a la versi\u00f3n 3.0,<\/li>\n\n\n\n<li>Chrome (cualquier versi\u00f3n), o<\/li>\n\n\n\n<li>Opera no anterior a la versi\u00f3n 2,<br>con JavaScript activado.<\/li>\n<\/ul>\n<\/li>\n\n\n\n<li>El Cliente puede consentir el uso de Cookies. Los detalles relativos a la finalidad del almacenamiento y acceso a la informaci\u00f3n a trav\u00e9s de Cookies, as\u00ed como las opciones de configuraci\u00f3n de almacenamiento y acceso, se proporcionan en la Pol\u00edtica de Privacidad.<\/li>\n<\/ol>\n\n\n\n<hr class=\"wp-block-separator has-alpha-channel-opacity\"\/>\n\n\n\n<h2 class=\"wp-block-heading\">\u00a73 Servicios electr\u00f3nicos<\/h2>\n\n\n\n<ol class=\"wp-block-list\">\n<li>A trav\u00e9s del Sitio Web de la Tienda, el Vendedor presta gratuitamente los siguientes servicios electr\u00f3nicos:<br>a) permitir a los Clientes navegar por el surtido de la Tienda Online,<br>b) Cuenta de cliente,<br>c) Suscripci\u00f3n al bolet\u00edn.<\/li>\n\n\n\n<li>El contrato de navegaci\u00f3n por el surtido de la Tienda se celebra por un periodo definido y finaliza cuando el Cliente cierra el Sitio Web de la Tienda.<\/li>\n\n\n\n<li>El Contrato de Servicio de Cuenta del Cliente se celebra por tiempo indefinido.<\/li>\n\n\n\n<li>El Contrato de Servicio de Bolet\u00edn Informativo se celebra por tiempo indefinido.<\/li>\n\n\n\n<li>El Cliente se obliga a utilizar la Tienda Online de forma acorde a la Ley y a las buenas costumbres, con respeto a los derechos de la personalidad y a los derechos de propiedad intelectual e industrial de terceros.<\/li>\n\n\n\n<li>Se proh\u00edbe al Cliente proporcionar contenidos il\u00edcitos.<\/li>\n<\/ol>\n\n\n\n<hr class=\"wp-block-separator has-alpha-channel-opacity\"\/>\n\n\n\n<h2 class=\"wp-block-heading\">\u00a74 Acuerdo de venta<\/h2>\n\n\n\n<ol class=\"wp-block-list\">\n<li>La informaci\u00f3n sobre los Productos proporcionada en el Sitio web de la Tienda, en particular sus descripciones, par\u00e1metros t\u00e9cnicos y de rendimiento, y precios, constituye una invitaci\u00f3n a celebrar un contrato en el sentido del art\u00edculo 71 del C\u00f3digo Civil.<\/li>\n\n\n\n<li>Para realizar un pedido, el Cliente debe rellenar el formulario de pedido en el Sitio Web de la Tienda, seleccionando los Productos y facilitando la informaci\u00f3n personal y de entrega requerida.<\/li>\n\n\n\n<li>Los pedidos pueden hacerse 24 horas al d\u00eda, 7 d\u00edas a la semana.<\/li>\n\n\n\n<li>La celebraci\u00f3n de un Contrato de Venta entre el Cliente y el Vendedor se produce en el momento de la confirmaci\u00f3n de la aceptaci\u00f3n del pedido por parte del Vendedor, enviada a la direcci\u00f3n de correo electr\u00f3nico del Cliente.<\/li>\n\n\n\n<li>El contrato de venta se celebra en ingl\u00e9s.<\/li>\n<\/ol>\n\n\n\n<hr class=\"wp-block-separator has-alpha-channel-opacity\"\/>\n\n\n\n<h2 class=\"wp-block-heading\">\u00a75 Precios y formas de pago<\/h2>\n\n\n\n<ol class=\"wp-block-list\">\n<li>Los precios de los Productos mostrados en el Sitio Web de la Tienda son precios brutos (IVA incluido) y se expresan en euros (EUR) o z\u0142oty polaco (PLN), dependiendo de la selecci\u00f3n.<\/li>\n\n\n\n<li>El precio total de la Mercanc\u00eda, impuestos incluidos, as\u00ed como los gastos de env\u00edo y cualquier otro cargo, se comunicar\u00e1n al Cliente antes de realizar el pedido.<\/li>\n\n\n\n<li>El Cliente puede elegir entre las siguientes formas de pago:<br>a) pagos electr\u00f3nicos a trav\u00e9s de los sistemas de pago en l\u00ednea disponibles,<br>b) transferencia bancaria,<br>c) pago con tarjeta.<\/li>\n\n\n\n<li>En caso de impago por parte del Cliente en los 7 d\u00edas siguientes a la realizaci\u00f3n del pedido, \u00e9ste ser\u00e1 anulado.<\/li>\n<\/ol>\n\n\n\n<hr class=\"wp-block-separator has-alpha-channel-opacity\"\/>\n\n\n\n<h2 class=\"wp-block-heading\">\u00a76 Entrega<\/h2>\n\n\n\n<ol class=\"wp-block-list\">\n<li>La entrega de mercanc\u00edas se limita a Polonia y otros pa\u00edses de la UE.<\/li>\n\n\n\n<li>Los gastos de env\u00edo se indican cada vez en el sitio web de la tienda y durante el proceso de pedido.<\/li>\n\n\n\n<li>La entrega se realiza mediante servicios de mensajer\u00eda.<\/li>\n\n\n\n<li>El plazo de entrega es de hasta 14 d\u00edas laborables, salvo que se indique lo contrario en la descripci\u00f3n del producto.<\/li>\n<\/ol>\n\n\n\n<hr class=\"wp-block-separator has-alpha-channel-opacity\"\/>\n\n\n\n<h2 class=\"wp-block-heading\">\u00a77 Reclamaciones<\/h2>\n\n\n\n<ol class=\"wp-block-list\">\n<li>El Vendedor est\u00e1 obligado a entregar los Productos libres de defectos.<\/li>\n\n\n\n<li>El Vendedor es responsable ante el Cliente si la Mercanc\u00eda tiene un defecto f\u00edsico o legal (garant\u00eda).<\/li>\n\n\n\n<li>Las quejas pueden enviarse por correo electr\u00f3nico a\u00a0<a href=\"mailto:orders@rightstuff.eu\">orders@rightstuff.eu<\/a>\u00a0o por escrito a la direcci\u00f3n del Vendedor.<\/li>\n\n\n\n<li>La queja debe incluir:<br>a) los datos de contacto del Cliente,<br>b) informaci\u00f3n sobre la Mercanc\u00eda y el pedido,<br>c) descripci\u00f3n del defecto,<br>d) la demanda del Cliente.<\/li>\n\n\n\n<li>El Vendedor responder\u00e1 a la reclamaci\u00f3n en un plazo de 14 d\u00edas a partir de su recepci\u00f3n.<\/li>\n<\/ol>\n\n\n\n<hr class=\"wp-block-separator has-alpha-channel-opacity\"\/>\n\n\n\n<h2 class=\"wp-block-heading\">\u00a78 Garant\u00eda<\/h2>\n\n\n\n<ol class=\"wp-block-list\">\n<li>Si los Productos est\u00e1n cubiertos por una garant\u00eda del fabricante o del distribuidor, la informaci\u00f3n se facilita en la descripci\u00f3n de los Productos.<\/li>\n\n\n\n<li>Las condiciones de garant\u00eda se especifican en la tarjeta de garant\u00eda expedida por el garante.<\/li>\n<\/ol>\n\n\n\n<hr class=\"wp-block-separator has-alpha-channel-opacity\"\/>\n\n\n\n<h2 class=\"wp-block-heading\">\u00a79 Responsabilidad civil<\/h2>\n\n\n\n<ol class=\"wp-block-list\">\n<li>El Vendedor no ser\u00e1 responsable de las interrupciones en el funcionamiento de la Tienda Online causadas por causas de fuerza mayor, acciones no autorizadas de terceros o incompatibilidad de la Tienda Online con la infraestructura t\u00e9cnica del Cliente.<\/li>\n\n\n\n<li>El Vendedor no se hace responsable de los retrasos en la entrega causados por el servicio de mensajer\u00eda o las autoridades aduaneras.<\/li>\n<\/ol>\n\n\n\n<hr class=\"wp-block-separator has-alpha-channel-opacity\"\/>\n\n\n\n<h2 class=\"wp-block-heading\">\u00a710 Retirada del Acuerdo<\/h2>\n\n\n\n<ol class=\"wp-block-list\">\n<li>De conformidad con la Ley de 30 de mayo de 2014 sobre los Derechos de los Consumidores, el Comprador que sea Consumidor tiene derecho a desistir del Contrato de Venta en un plazo de 14 d\u00edas sin necesidad de justificaci\u00f3n.<\/li>\n\n\n\n<li>Para ejercer este derecho, el Consumidor deber\u00e1 presentar una declaraci\u00f3n de desistimiento por correo electr\u00f3nico o por escrito, tal como se indica en el apartado 1.4.<\/li>\n\n\n\n<li>El Consumidor est\u00e1 obligado a devolver los Bienes a su cargo en un plazo de 14 d\u00edas a partir de la fecha de desistimiento.<\/li>\n\n\n\n<li>El Vendedor reembolsar\u00e1 al Consumidor el precio de compra, incluidos los gastos de env\u00edo (en la medida en que lo exija la ley), en un plazo de 14 d\u00edas a partir de la recepci\u00f3n de los Productos devueltos o del justificante de env\u00edo.<\/li>\n\n\n\n<li>Excepciones: el derecho de desistimiento no se aplica a los Bienes fabricados conforme a las especificaciones del Consumidor, a los Bienes desprecintados tras la entrega que no sean aptos para su devoluci\u00f3n por motivos de salud o higiene, y a otras excepciones definidas por la ley.<\/li>\n<\/ol>\n\n\n\n<hr class=\"wp-block-separator has-alpha-channel-opacity\"\/>\n\n\n\n<h2 class=\"wp-block-heading\">\u00a710 bis Devoluciones y reembolsos<\/h2>\n\n\n\n<ol class=\"wp-block-list\">\n<li>El Vendedor hace todo lo posible para garantizar que todos los Productos sean como se describen y est\u00e9n libres de defectos. Si los Bienes no cumplen las expectativas del Comprador, podr\u00e1n ser devueltos de conformidad con esta secci\u00f3n y la legislaci\u00f3n aplicable.<\/li>\n\n\n\n<li>Las devoluciones se aceptar\u00e1n en un plazo de 14 d\u00edas a partir del d\u00eda en que el Consumidor reciba los Productos, de conformidad con el art\u00edculo 10 de las presentes Condiciones Generales.<\/li>\n\n\n\n<li>Los Productos devueltos deben estar intactos, completos, en su embalaje original (si procede) y libres de signos de uso m\u00e1s all\u00e1 de lo necesario para establecer su naturaleza, caracter\u00edsticas y funcionamiento.<\/li>\n\n\n\n<li>Los reembolsos se efectuar\u00e1n en un plazo de 14 d\u00edas naturales a partir de la fecha en que el Vendedor reciba los Productos devueltos o la prueba de su env\u00edo, lo que ocurra primero.<\/li>\n\n\n\n<li>Los reembolsos se realizan utilizando el mismo m\u00e9todo de pago utilizado por el Comprador, a menos que el Comprador acepte expresamente otro m\u00e9todo que no conlleve costes adicionales.<\/li>\n\n\n\n<li>Los gastos de devoluci\u00f3n correr\u00e1n a cargo del Consumidor, excepto cuando la devoluci\u00f3n se deba a un fallo del Vendedor (por ejemplo, Productos incorrectos o defectuosos).<\/li>\n\n\n\n<li>El vendedor no acepta devoluciones contra reembolso.<\/li>\n\n\n\n<li>No pueden devolverse los productos hechos por encargo, los productos de higiene y los art\u00edculos relacionados con la salud no precintados (por ejemplo, los cosm\u00e9ticos una vez abiertos).<\/li>\n\n\n\n<li>En caso de devoluciones parciales, s\u00f3lo se reembolsar\u00e1n los gastos del producto; los gastos de env\u00edo no se reembolsar\u00e1n si el Comprador se queda con al menos un producto del pedido.<\/li>\n\n\n\n<li><strong>Derechos de aduana e impuestos:<\/strong>\u00a0El Vendedor no cubre los derechos de aduana, impuestos de importaci\u00f3n o cualquier tasa adicional impuesta por el pa\u00eds de destino. Estos costes son responsabilidad exclusiva del Cliente.<\/li>\n\n\n\n<li><strong>Denegaci\u00f3n de parcelas:<\/strong>\u00a0Si el Cliente se niega a aceptar la entrega del paquete o no liquida los derechos\/impuestos de aduana, lo que da lugar a la devoluci\u00f3n de la Mercanc\u00eda al Vendedor, el importe del reembolso se reducir\u00e1 en:<\/li>\n<\/ol>\n\n\n\n<ul class=\"wp-block-list\">\n<li>los gastos de env\u00edo reales del Vendedor,<\/li>\n\n\n\n<li>los gastos de devoluci\u00f3n cobrados por el servicio de mensajer\u00eda, y<\/li>\n\n\n\n<li>cualquier derecho de aduana, impuesto o tasa de tramitaci\u00f3n impuestos al Vendedor en virtud de la legislaci\u00f3n local o de la UE.<\/li>\n<\/ul>\n\n\n\n<ol start=\"12\" class=\"wp-block-list\">\n<li>Todas las preguntas relativas a devoluciones y reembolsos deben dirigirse a:\u00a0<a href=\"mailto:orders@rightstuff.eu\">orders@rightstuff.eu<\/a>.<\/li>\n<\/ol>\n\n\n\n<hr class=\"wp-block-separator has-alpha-channel-opacity\"\/>\n\n\n\n<h2 class=\"wp-block-heading\">\u00a711 Protecci\u00f3n de datos personales<\/h2>\n\n\n\n<p>Las normas para la protecci\u00f3n de datos personales figuran en la Pol\u00edtica de Privacidad y Cookies, disponible en:&nbsp;<a href=\"https:\/\/rightstuff.eu\/privacy-refund-policy\/\">https:\/\/rightstuff.eu\/privacy-refund-policy\/<\/a>.<\/p>\n\n\n\n<hr class=\"wp-block-separator has-alpha-channel-opacity\"\/>\n\n\n\n<h2 class=\"wp-block-heading\">\u00a712 Disposiciones finales<\/h2>\n\n\n\n<ol class=\"wp-block-list\">\n<li>Los Acuerdos de Venta y el uso de la Tienda Online, incluidas las transacciones con empresarios extranjeros, se rigen por la legislaci\u00f3n polaca, en particular:\n<ul class=\"wp-block-list\">\n<li>el C\u00f3digo Civil de 23 de abril de 1964,<\/li>\n\n\n\n<li>la Ley de 30 de mayo de 2014 sobre los derechos de los consumidores,<\/li>\n\n\n\n<li>y dem\u00e1s normativa comunitaria aplicable en materia de protecci\u00f3n de los consumidores.<\/li>\n<\/ul>\n<\/li>\n\n\n\n<li>Cualquier disputa que surja entre el Vendedor y el Cliente ser\u00e1 resuelta por el tribunal competente en virtud de la legislaci\u00f3n aplicable.<\/li>\n\n\n\n<li>El Vendedor se reserva el derecho a modificar las presentes Condiciones Generales por razones v\u00e1lidas, incluidos cambios en la legislaci\u00f3n, cambios en los m\u00e9todos de pago o entrega, o actualizaciones tecnol\u00f3gicas. Se informar\u00e1 a los clientes de cualquier modificaci\u00f3n a trav\u00e9s del sitio web de la Tienda.<\/li>\n<\/ol>\n\n\n\n<hr class=\"wp-block-separator has-alpha-channel-opacity\"\/>\n\n\n\n<p><\/p>","protected":false},"excerpt":{"rendered":"<p>Terms and Conditions of the online store&nbsp;rightstuff.eu(in force from 09.01.2023) \u00a71 General Provisions a)&nbsp;Business Days&nbsp;\u2013 days of the week from Monday to Friday, excluding public holidays. b)&nbsp;Delivery&nbsp;\u2013 the act of delivering the Goods specified in the order to the Customer by the Supplier on behalf of the Seller. c)&nbsp;Supplier&nbsp;\u2013 the entity cooperating with the Seller [&hellip;]<\/p>\n","protected":false},"author":1,"featured_media":0,"parent":0,"menu_order":0,"comment_status":"closed","ping_status":"closed","template":"","meta":{"site-sidebar-layout":"default","site-content-layout":"","ast-site-content-layout":"default","site-content-style":"default","site-sidebar-style":"default","ast-global-header-display":"","ast-banner-title-visibility":"","ast-main-header-display":"","ast-hfb-above-header-display":"","ast-hfb-below-header-display":"","ast-hfb-mobile-header-display":"","site-post-title":"","ast-breadcrumbs-content":"","ast-featured-img":"","footer-sml-layout":"","ast-disable-related-posts":"","theme-transparent-header-meta":"","adv-header-id-meta":"","stick-header-meta":"","header-above-stick-meta":"","header-main-stick-meta":"","header-below-stick-meta":"","astra-migrate-meta-layouts":"set","ast-page-background-enabled":"default","ast-page-background-meta":{"desktop":{"background-color":"var(--ast-global-color-4)","background-image":"","background-repeat":"repeat","background-position":"center center","background-size":"auto","background-attachment":"scroll","background-type":"","background-media":"","overlay-type":"","overlay-color":"","overlay-opacity":"","overlay-gradient":""},"tablet":{"background-color":"","background-image":"","background-repeat":"repeat","background-position":"center center","background-size":"auto","background-attachment":"scroll","background-type":"","background-media":"","overlay-type":"","overlay-color":"","overlay-opacity":"","overlay-gradient":""},"mobile":{"background-color":"","background-image":"","background-repeat":"repeat","background-position":"center center","background-size":"auto","background-attachment":"scroll","background-type":"","background-media":"","overlay-type":"","overlay-color":"","overlay-opacity":"","overlay-gradient":""}},"ast-content-background-meta":{"desktop":{"background-color":"var(--ast-global-color-5)","background-image":"","background-repeat":"repeat","background-position":"center center","background-size":"auto","background-attachment":"scroll","background-type":"","background-media":"","overlay-type":"","overlay-color":"","overlay-opacity":"","overlay-gradient":""},"tablet":{"background-color":"var(--ast-global-color-5)","background-image":"","background-repeat":"repeat","background-position":"center center","background-size":"auto","background-attachment":"scroll","background-type":"","background-media":"","overlay-type":"","overlay-color":"","overlay-opacity":"","overlay-gradient":""},"mobile":{"background-color":"var(--ast-global-color-5)","background-image":"","background-repeat":"repeat","background-position":"center center","background-size":"auto","background-attachment":"scroll","background-type":"","background-media":"","overlay-type":"","overlay-color":"","overlay-opacity":"","overlay-gradient":""}},"footnotes":""},"class_list":["post-55","page","type-page","status-publish","hentry"],"_links":{"self":[{"href":"https:\/\/rightstuff.eu\/es\/wp-json\/wp\/v2\/pages\/55","targetHints":{"allow":["GET"]}}],"collection":[{"href":"https:\/\/rightstuff.eu\/es\/wp-json\/wp\/v2\/pages"}],"about":[{"href":"https:\/\/rightstuff.eu\/es\/wp-json\/wp\/v2\/types\/page"}],"author":[{"embeddable":true,"href":"https:\/\/rightstuff.eu\/es\/wp-json\/wp\/v2\/users\/1"}],"replies":[{"embeddable":true,"href":"https:\/\/rightstuff.eu\/es\/wp-json\/wp\/v2\/comments?post=55"}],"version-history":[{"count":0,"href":"https:\/\/rightstuff.eu\/es\/wp-json\/wp\/v2\/pages\/55\/revisions"}],"wp:attachment":[{"href":"https:\/\/rightstuff.eu\/es\/wp-json\/wp\/v2\/media?parent=55"}],"curies":[{"name":"wp","href":"https:\/\/api.w.org\/{rel}","templated":true}]}}