{"id":31051,"date":"2018-04-12T12:27:09","date_gmt":"2018-04-12T09:27:09","guid":{"rendered":"https:\/\/rightstuff.eu\/?page_id=31051"},"modified":"2018-06-26T10:09:58","modified_gmt":"2018-06-26T07:09:58","slug":"discounts","status":"publish","type":"page","link":"https:\/\/rightstuff.eu\/es\/discounts\/","title":{"rendered":"Descuentos"},"content":{"rendered":"<p>Llega un momento en que todos empezamos a pensar en ahorrarnos el presupuesto, y todos comprendemos que con unos precios en constante aumento esta cuesti\u00f3n es especialmente relevante. Entonces empezamos a mirar las listas de precios de las tiendas online, buscando todo tipo de rebajas y promociones para los productos que nos interesan.<\/p>\n<p>\u00a1En nuestro sitio puedes encontrar un mont\u00f3n de informaci\u00f3n \u00fatil sobre las promociones y ventas en la m\u00e1quina de tatuaje de su propia producci\u00f3n y suministros de tatuaje! Te agradecemos que te hayas convertido en nuestro cliente e intentaremos hacer todo lo posible e imposible para que tus compras sean rentables.<\/p>\n<p>Adem\u00e1s, hemos publicado un mont\u00f3n de art\u00edculos \u00fatiles y cognitivos sobre el producto y diferentes art\u00edculos sobre el tema del tatuaje.<\/p>\n<p>Todos los descuentos y promociones se actualizan constantemente, \u00a1mira el sitio Rightstuff.eu y no te pierdas tus ventajas!<\/p>\n<p>Puedes estar absolutamente seguro de que, adquiriendo un equipo profesional para tatuar, te proporcionar\u00e1s la m\u00e1xima comodidad en el proceso de trabajo y ofrecer\u00e1s a tus clientes unos resultados excelentes de acuerdo con sus deseos.<\/p>","protected":false},"excerpt":{"rendered":"<p>There comes a time when everyone starts to think about saving the budget, and we all understand that at constantly rising prices this issue is especially relevant. Then we start looking at price lists in online stores, looking for all sorts of sales and promotions for the goods we are interested in. On our site [&hellip;]<\/p>\n","protected":false},"author":1,"featured_media":0,"parent":0,"menu_order":0,"comment_status":"closed","ping_status":"closed","template":"","meta":{"site-sidebar-layout":"default","site-content-layout":"","ast-site-content-layout":"default","site-content-style":"default","site-sidebar-style":"default","ast-global-header-display":"","ast-banner-title-visibility":"","ast-main-header-display":"","ast-hfb-above-header-display":"","ast-hfb-below-header-display":"","ast-hfb-mobile-header-display":"","site-post-title":"","ast-breadcrumbs-content":"","ast-featured-img":"","footer-sml-layout":"","ast-disable-related-posts":"","theme-transparent-header-meta":"","adv-header-id-meta":"","stick-header-meta":"","header-above-stick-meta":"","header-main-stick-meta":"","header-below-stick-meta":"","astra-migrate-meta-layouts":"default","ast-page-background-enabled":"default","ast-page-background-meta":{"desktop":{"background-color":"var(--ast-global-color-4)","background-image":"","background-repeat":"repeat","background-position":"center center","background-size":"auto","background-attachment":"scroll","background-type":"","background-media":"","overlay-type":"","overlay-color":"","overlay-opacity":"","overlay-gradient":""},"tablet":{"background-color":"","background-image":"","background-repeat":"repeat","background-position":"center center","background-size":"auto","background-attachment":"scroll","background-type":"","background-media":"","overlay-type":"","overlay-color":"","overlay-opacity":"","overlay-gradient":""},"mobile":{"background-color":"","background-image":"","background-repeat":"repeat","background-position":"center center","background-size":"auto","background-attachment":"scroll","background-type":"","background-media":"","overlay-type":"","overlay-color":"","overlay-opacity":"","overlay-gradient":""}},"ast-content-background-meta":{"desktop":{"background-color":"var(--ast-global-color-5)","background-image":"","background-repeat":"repeat","background-position":"center center","background-size":"auto","background-attachment":"scroll","background-type":"","background-media":"","overlay-type":"","overlay-color":"","overlay-opacity":"","overlay-gradient":""},"tablet":{"background-color":"var(--ast-global-color-5)","background-image":"","background-repeat":"repeat","background-position":"center center","background-size":"auto","background-attachment":"scroll","background-type":"","background-media":"","overlay-type":"","overlay-color":"","overlay-opacity":"","overlay-gradient":""},"mobile":{"background-color":"var(--ast-global-color-5)","background-image":"","background-repeat":"repeat","background-position":"center center","background-size":"auto","background-attachment":"scroll","background-type":"","background-media":"","overlay-type":"","overlay-color":"","overlay-opacity":"","overlay-gradient":""}},"footnotes":""},"class_list":["post-31051","page","type-page","status-publish","hentry"],"_links":{"self":[{"href":"https:\/\/rightstuff.eu\/es\/wp-json\/wp\/v2\/pages\/31051","targetHints":{"allow":["GET"]}}],"collection":[{"href":"https:\/\/rightstuff.eu\/es\/wp-json\/wp\/v2\/pages"}],"about":[{"href":"https:\/\/rightstuff.eu\/es\/wp-json\/wp\/v2\/types\/page"}],"author":[{"embeddable":true,"href":"https:\/\/rightstuff.eu\/es\/wp-json\/wp\/v2\/users\/1"}],"replies":[{"embeddable":true,"href":"https:\/\/rightstuff.eu\/es\/wp-json\/wp\/v2\/comments?post=31051"}],"version-history":[{"count":0,"href":"https:\/\/rightstuff.eu\/es\/wp-json\/wp\/v2\/pages\/31051\/revisions"}],"wp:attachment":[{"href":"https:\/\/rightstuff.eu\/es\/wp-json\/wp\/v2\/media?parent=31051"}],"curies":[{"name":"wp","href":"https:\/\/api.w.org\/{rel}","templated":true}]}}