{"id":58785,"date":"2025-12-19T17:27:24","date_gmt":"2025-12-19T16:27:24","guid":{"rendered":"https:\/\/rightstuff.eu\/?post_type=product&#038;p=58785"},"modified":"2026-03-07T02:23:29","modified_gmt":"2026-03-07T01:23:29","slug":"wireless-tattoo-machine-revo-shot","status":"publish","type":"product","link":"https:\/\/rightstuff.eu\/de\/produkt\/wireless-tattoo-machine-revo-shot\/","title":{"rendered":"Drahtlose T\u00e4towiermaschine REVO SHOT"},"content":{"rendered":"<div id=\"model-response-message-contentr_45e9a586cfd6033b\" class=\"markdown markdown-main-panel\" dir=\"ltr\">\n<p dir=\"auto\"><strong>REVO SHOT \u2013 Ultrakompakte kabellose Pr\u00e4zision<\/strong><\/p>\n<p dir=\"auto\">Nicht nur ein weiterer kurzer kabelloser Stift. REVO SHOT ist die k\u00fcrzeste und leichteste T\u00e4towiermaschine auf dem Markt mit einem 1600-mAh-Akku, der bis zu <strong>5 Stunden<\/strong> f\u00fcr ununterbrochenes Arbeiten in einem superkompakten Geh\u00e4use.<\/p>\n<p dir=\"auto\">Was REVO SHOT so einzigartig macht, ist sein zum Patent angemeldetes \u00dcbertragungssystem mit mechanischem \u201cNachgeben\u201d. Im Gegensatz zu herk\u00f6mmlichen Direktantriebsstiften minimiert dieses System die Nadeltremoration, reduziert Hauttraumata und sorgt f\u00fcr ein nat\u00fcrliches, reaktionsschnelles Gef\u00fchl. Das Ergebnis? Sch\u00e4rfere Konturen, gleichm\u00e4\u00dfigere Schattierungen, schnellere Sitzungen und besser verheilende Tattoos.<\/p>\n<p dir=\"auto\">\u2705 Wesentliche Vorteile<\/p>\n<ul dir=\"auto\">\n<li>Ultrakompakt und leicht \u2013 die k\u00fcrzeste Maschine ihrer Klasse mit einem 1600-mAh-Akku.<\/li>\n<li>Patentiertes Antriebssystem (kein Direktantrieb) \u2013 mechanische \u201cNachgiebigkeit\u201d f\u00fcr \u00fcberragende Pr\u00e4zision und Kontrolle.<\/li>\n<li>Sanft zur Haut \u2013 weniger Trauma = schnellere Heilung f\u00fcr Kunden.<\/li>\n<li>Verbesserte Man\u00f6vrierf\u00e4higkeit \u2013 ideal f\u00fcr Detailarbeiten und enge R\u00e4ume.<\/li>\n<li>Perfekte Konturen \u2013 von 1RL- bis 14RS-Nadeln, immer stabil und klar.<\/li>\n<\/ul>\n<p dir=\"auto\">\ud83d\udd27 Technische Daten<\/p>\n<ul dir=\"auto\">\n<li>Griff: 33 mm<\/li>\n<li>L\u00e4nge: 98,5 mm<\/li>\n<li>Durchmesser: 29,5 mm<\/li>\n<li>Akku: 1600 mAh (bis zu 5 Stunden)<\/li>\n<li>Huboptionen: 3,2 \/ 3,5 \/ 3,8 \/ 4,2 \/ 4,7 mm<\/li>\n<li>Nadeltiefe: bis zu 4,5 mm<\/li>\n<li>Motordrehzahl: 10.000 U\/min<\/li>\n<li>Spannungsbereich: 3\u20137 V (bevorzugter Bereich)<\/li>\n<li>Geh\u00e4usematerial: Aluminium<\/li>\n<li>Gewicht: 150 g (Standard) oder 175 g (schwere Ausf\u00fchrung)<\/li>\n<li>Optionaler Griff: Edelstahlgriff (+65 g)<\/li>\n<li>Kompatibilit\u00e4t der Kartuschen: Alle Standardkartuschen<\/li>\n<\/ul>\n<p dir=\"auto\">\ud83d\udee0\ufe0f Warum REVO SHOT w\u00e4hlen? Weil es nicht nur kabellos ist \u2013 es ist ein Pr\u00e4zisions-SHOT. Mit seinem ultrakurzen Design, seiner agilen Handhabung und seinem einzigartigen \u00dcbertragungssystem bietet REVO SHOT detailorientierten K\u00fcnstlern un\u00fcbertroffene Kontrolle, Komfort und Genauigkeit.<\/p>\n<\/div>","protected":false},"excerpt":{"rendered":"<p class=\"p1\"><b>REVO SHOT Kabellose Tattoo-Maschine<\/b><b><\/b><\/p>\n<p class=\"p3\">Ultrakompakte kabellose T\u00e4towiermaschine, die f\u00fcr maximale Beweglichkeit und Pr\u00e4zision entwickelt wurde.<\/p>\n<p class=\"p3\">Der k\u00fcrzeste und leichteste kabellose Tattoo-Stift mit einer <span class=\"s1\"><b>1600-mAh-Akku mit bis zu 5 Stunden Betriebsdauer.<\/b><\/span><\/p>","protected":false},"featured_media":58769,"comment_status":"open","ping_status":"closed","template":"","meta":{"site-sidebar-layout":"default","site-content-layout":"default","ast-site-content-layout":"default","site-content-style":"default","site-sidebar-style":"default","ast-global-header-display":"","ast-banner-title-visibility":"","ast-main-header-display":"","ast-hfb-above-header-display":"","ast-hfb-below-header-display":"","ast-hfb-mobile-header-display":"","site-post-title":"","ast-breadcrumbs-content":"","ast-featured-img":"","footer-sml-layout":"","ast-disable-related-posts":"","theme-transparent-header-meta":"default","adv-header-id-meta":"","stick-header-meta":"default","header-above-stick-meta":"","header-main-stick-meta":"","header-below-stick-meta":"","astra-migrate-meta-layouts":"set","ast-page-background-enabled":"default","ast-page-background-meta":{"desktop":{"background-color":"var(--ast-global-color-4)","background-image":"","background-repeat":"repeat","background-position":"center center","background-size":"auto","background-attachment":"scroll","background-type":"","background-media":"","overlay-type":"","overlay-color":"","overlay-opacity":"","overlay-gradient":""},"tablet":{"background-color":"","background-image":"","background-repeat":"repeat","background-position":"center center","background-size":"auto","background-attachment":"scroll","background-type":"","background-media":"","overlay-type":"","overlay-color":"","overlay-opacity":"","overlay-gradient":""},"mobile":{"background-color":"","background-image":"","background-repeat":"repeat","background-position":"center center","background-size":"auto","background-attachment":"scroll","background-type":"","background-media":"","overlay-type":"","overlay-color":"","overlay-opacity":"","overlay-gradient":""}},"ast-content-background-meta":{"desktop":{"background-color":"var(--ast-global-color-5)","background-image":"","background-repeat":"repeat","background-position":"center center","background-size":"auto","background-attachment":"scroll","background-type":"","background-media":"","overlay-type":"","overlay-color":"","overlay-opacity":"","overlay-gradient":""},"tablet":{"background-color":"var(--ast-global-color-5)","background-image":"","background-repeat":"repeat","background-position":"center center","background-size":"auto","background-attachment":"scroll","background-type":"","background-media":"","overlay-type":"","overlay-color":"","overlay-opacity":"","overlay-gradient":""},"mobile":{"background-color":"var(--ast-global-color-5)","background-image":"","background-repeat":"repeat","background-position":"center center","background-size":"auto","background-attachment":"scroll","background-type":"","background-media":"","overlay-type":"","overlay-color":"","overlay-opacity":"","overlay-gradient":""}}},"product_brand":[],"product_cat":[1997,1803],"product_tag":[101,93,100,99,53,1798,50,87,2024,98,48,97,1792,71,91,95,52,41,51],"class_list":{"0":"post-58785","1":"product","2":"type-product","3":"status-publish","4":"has-post-thumbnail","6":"product_cat-wireless-tattoo-machines","7":"product_cat-pen-tattoo-machines","8":"product_tag-custom-rotary-machines","9":"product_tag-custom-tattoo-guns","10":"product_tag-handmade-rotary-tattoo-machines","11":"product_tag-handmade-tattoo-machines","12":"product_tag-hornet-tattoo-machine","13":"product_tag-maquinas-rotativas-de-tatuaje","14":"product_tag-pen-tattoo-machine","15":"product_tag-professional-tattoo-machines","16":"product_tag-revoshot","17":"product_tag-rotary-tattoo-guns","18":"product_tag-rotary-tattoo-machine","19":"product_tag-rotary-tattoo-pen","20":"product_tag-rotary-tattoomaschinen","21":"product_tag-tattoo-cartridges","22":"product_tag-tattoo-equipment","23":"product_tag-tattoo-guns","24":"product_tag-tattoo-machine-pen","25":"product_tag-tattoo-machines","26":"product_tag-tattoo-pen","27":"desktop-align-center","28":"tablet-align-left","29":"mobile-align-left","30":"ast-product-gallery-layout-horizontal-slider","31":"ast-product-single-variable","32":"ast-product-tabs-layout-horizontal","34":"first","35":"instock","36":"taxable","37":"shipping-taxable","38":"purchasable","39":"product-type-variable","40":"has-default-attributes"},"_links":{"self":[{"href":"https:\/\/rightstuff.eu\/de\/wp-json\/wp\/v2\/product\/58785","targetHints":{"allow":["GET"]}}],"collection":[{"href":"https:\/\/rightstuff.eu\/de\/wp-json\/wp\/v2\/product"}],"about":[{"href":"https:\/\/rightstuff.eu\/de\/wp-json\/wp\/v2\/types\/product"}],"replies":[{"embeddable":true,"href":"https:\/\/rightstuff.eu\/de\/wp-json\/wp\/v2\/comments?post=58785"}],"version-history":[{"count":0,"href":"https:\/\/rightstuff.eu\/de\/wp-json\/wp\/v2\/product\/58785\/revisions"}],"wp:featuredmedia":[{"embeddable":true,"href":"https:\/\/rightstuff.eu\/de\/wp-json\/wp\/v2\/media\/58769"}],"wp:attachment":[{"href":"https:\/\/rightstuff.eu\/de\/wp-json\/wp\/v2\/media?parent=58785"}],"wp:term":[{"taxonomy":"product_brand","embeddable":true,"href":"https:\/\/rightstuff.eu\/de\/wp-json\/wp\/v2\/product_brand?post=58785"},{"taxonomy":"product_cat","embeddable":true,"href":"https:\/\/rightstuff.eu\/de\/wp-json\/wp\/v2\/product_cat?post=58785"},{"taxonomy":"product_tag","embeddable":true,"href":"https:\/\/rightstuff.eu\/de\/wp-json\/wp\/v2\/product_tag?post=58785"}],"curies":[{"name":"wp","href":"https:\/\/api.w.org\/{rel}","templated":true}]}}