{"id":58059,"date":"2025-07-29T19:54:52","date_gmt":"2025-07-29T17:54:52","guid":{"rendered":"https:\/\/rightstuff.eu\/?post_type=product&#038;p=58059"},"modified":"2026-04-13T01:31:04","modified_gmt":"2026-04-12T23:31:04","slug":"revo-stainless-steel-grip","status":"publish","type":"product","link":"https:\/\/rightstuff.eu\/de\/produkt\/revo-stainless-steel-grip\/","title":{"rendered":"REVO-Edelstahl-Griff"},"content":{"rendered":"<p>Der Durchmesser dieses REVO festen und bequemen Tattoo-Maschinengriffs betr\u00e4gt 33 mm. Daher, wenn Sie ein gro\u00dfer T\u00e4towierer mit einem gro\u00dfen und starken Griff sind, wird das Produkt perfekt f\u00fcr Sie sein. Trotz der Gr\u00f6\u00dfe des 33-mm-Edelstahlgriffs liegt er sehr gut in der Hand. Er \u00e4hnelt dem Gef\u00fchl, mit einem echten Bleistift zu zeichnen. Der 33-mm-Edelstahlgriff von REVO ist von hoher Qualit\u00e4t und Langlebigkeit, so dass er viele Jahre lang verwendet werden kann.<\/p>","protected":false},"excerpt":{"rendered":"<p>REVO drahtlose Tattoo-Maschine Edelstahl Griff 33mm<\/p>\n<p>Gewicht: 105 Gramm<\/p>","protected":false},"featured_media":58080,"comment_status":"open","ping_status":"closed","template":"","meta":{"site-sidebar-layout":"default","site-content-layout":"default","ast-site-content-layout":"default","site-content-style":"default","site-sidebar-style":"default","ast-global-header-display":"","ast-banner-title-visibility":"","ast-main-header-display":"","ast-hfb-above-header-display":"","ast-hfb-below-header-display":"","ast-hfb-mobile-header-display":"","site-post-title":"","ast-breadcrumbs-content":"","ast-featured-img":"","footer-sml-layout":"","ast-disable-related-posts":"","theme-transparent-header-meta":"default","adv-header-id-meta":"","stick-header-meta":"default","header-above-stick-meta":"","header-main-stick-meta":"","header-below-stick-meta":"","astra-migrate-meta-layouts":"set","ast-page-background-enabled":"default","ast-page-background-meta":{"desktop":{"background-color":"var(--ast-global-color-4)","background-image":"","background-repeat":"repeat","background-position":"center center","background-size":"auto","background-attachment":"scroll","background-type":"","background-media":"","overlay-type":"","overlay-color":"","overlay-opacity":"","overlay-gradient":""},"tablet":{"background-color":"","background-image":"","background-repeat":"repeat","background-position":"center center","background-size":"auto","background-attachment":"scroll","background-type":"","background-media":"","overlay-type":"","overlay-color":"","overlay-opacity":"","overlay-gradient":""},"mobile":{"background-color":"","background-image":"","background-repeat":"repeat","background-position":"center center","background-size":"auto","background-attachment":"scroll","background-type":"","background-media":"","overlay-type":"","overlay-color":"","overlay-opacity":"","overlay-gradient":""}},"ast-content-background-meta":{"desktop":{"background-color":"var(--ast-global-color-5)","background-image":"","background-repeat":"repeat","background-position":"center center","background-size":"auto","background-attachment":"scroll","background-type":"","background-media":"","overlay-type":"","overlay-color":"","overlay-opacity":"","overlay-gradient":""},"tablet":{"background-color":"var(--ast-global-color-5)","background-image":"","background-repeat":"repeat","background-position":"center center","background-size":"auto","background-attachment":"scroll","background-type":"","background-media":"","overlay-type":"","overlay-color":"","overlay-opacity":"","overlay-gradient":""},"mobile":{"background-color":"var(--ast-global-color-5)","background-image":"","background-repeat":"repeat","background-position":"center center","background-size":"auto","background-attachment":"scroll","background-type":"","background-media":"","overlay-type":"","overlay-color":"","overlay-opacity":"","overlay-gradient":""}}},"product_brand":[],"product_cat":[1803,2029,2030,1997],"product_tag":[101,100,98,48,97,1792,90,91,92,86],"class_list":{"0":"post-58059","1":"product","2":"type-product","3":"status-publish","4":"has-post-thumbnail","6":"product_cat-pen-tattoo-machines","7":"product_cat-revo","8":"product_cat-revo-shot","9":"product_cat-wireless-tattoo-machines","10":"product_tag-custom-rotary-machines","11":"product_tag-handmade-rotary-tattoo-machines","12":"product_tag-rotary-tattoo-guns","13":"product_tag-rotary-tattoo-machine","14":"product_tag-rotary-tattoo-pen","15":"product_tag-rotary-tattoomaschinen","16":"product_tag-tattoo-accessories","17":"product_tag-tattoo-equipment","18":"product_tag-tattoo-machines-parts","19":"product_tag-tattoo-needle-supply","20":"pa_brand-rightstuff","21":"desktop-align-center","22":"tablet-align-left","23":"mobile-align-left","24":"ast-product-gallery-layout-horizontal-slider","25":"ast-product-tabs-layout-horizontal","27":"first","28":"instock","29":"taxable","30":"shipping-taxable","31":"purchasable","32":"product-type-simple"},"_links":{"self":[{"href":"https:\/\/rightstuff.eu\/de\/wp-json\/wp\/v2\/product\/58059","targetHints":{"allow":["GET"]}}],"collection":[{"href":"https:\/\/rightstuff.eu\/de\/wp-json\/wp\/v2\/product"}],"about":[{"href":"https:\/\/rightstuff.eu\/de\/wp-json\/wp\/v2\/types\/product"}],"replies":[{"embeddable":true,"href":"https:\/\/rightstuff.eu\/de\/wp-json\/wp\/v2\/comments?post=58059"}],"version-history":[{"count":0,"href":"https:\/\/rightstuff.eu\/de\/wp-json\/wp\/v2\/product\/58059\/revisions"}],"wp:featuredmedia":[{"embeddable":true,"href":"https:\/\/rightstuff.eu\/de\/wp-json\/wp\/v2\/media\/58080"}],"wp:attachment":[{"href":"https:\/\/rightstuff.eu\/de\/wp-json\/wp\/v2\/media?parent=58059"}],"wp:term":[{"taxonomy":"product_brand","embeddable":true,"href":"https:\/\/rightstuff.eu\/de\/wp-json\/wp\/v2\/product_brand?post=58059"},{"taxonomy":"product_cat","embeddable":true,"href":"https:\/\/rightstuff.eu\/de\/wp-json\/wp\/v2\/product_cat?post=58059"},{"taxonomy":"product_tag","embeddable":true,"href":"https:\/\/rightstuff.eu\/de\/wp-json\/wp\/v2\/product_tag?post=58059"}],"curies":[{"name":"wp","href":"https:\/\/api.w.org\/{rel}","templated":true}]}}