{"id":57677,"date":"2025-04-29T19:03:02","date_gmt":"2025-04-29T17:03:02","guid":{"rendered":"https:\/\/rightstuff.eu\/?post_type=product&#038;p=57677"},"modified":"2025-12-04T13:11:03","modified_gmt":"2025-12-04T12:11:03","slug":"tondaus-skin-marker-sterile","status":"publish","type":"product","link":"https:\/\/rightstuff.eu\/de\/produkt\/tondaus-skin-marker-sterile\/","title":{"rendered":"Tondaus Hautmarker Steril"},"content":{"rendered":"<p><span class=\"\">TONDAUS\u2122 Surgical Skin Markers wurden entwickelt, um dem Chirurgen eine einfache Markierung ausgew\u00e4hlter Bereiche vor oder w\u00e4hrend des Eingriffs zu erm\u00f6glichen. Dies wird mit einer scheuerfesten, ungiftigen, gut sichtbaren, violetten Enzianl\u00f6sung erreicht. Das in jeder Packung enthaltene Lineal erm\u00f6glicht eine pr\u00e4zise Messung (mit metrischen und Zoll-Angaben). Zugleich ist es flexibel und passt sich allen K\u00f6rperkonturen an.<\/span><\/p>\n<h3>Charakteristisch:<\/h3>\n<ul>\n<li>Doppelseitige Spitze: 0,5 mm und 1,0 mm,<\/li>\n<li>schnell trocknendes Produkt,<\/li>\n<li>resistent gegen Desinfektionsmittel,<\/li>\n<li>violett,<\/li>\n<li>Lineal enthalten,<\/li>\n<li>zus\u00e4tzliche Skala auf dem Marker aufgedruckt,<\/li>\n<li>steril,<\/li>\n<li>Verpackung: Papier-Folie.<\/li>\n<\/ul>\n<p>Der von uns angebotene chirurgische Hautmarker ist ein Produkt, das auch den h\u00f6chsten Anspr\u00fcchen gerecht wird. Er erleichtert das Markieren der Haut, zum Beispiel bei Operationen. Er kann sowohl in der plastischen und allgemeinen Chirurgie als auch in der Radiologie, Dermatologie oder im R\u00f6ntgenlabor eingesetzt werden.<\/p>\n<p>Das Produkt ist nur f\u00fcr den professionellen Gebrauch bestimmt.<\/p>","protected":false},"excerpt":{"rendered":"<ul>\n<li>Doppelseitige Spitze: 0,5 mm und 1,0 mm,<\/li>\n<li>schnell trocknendes Produkt,<\/li>\n<li>resistent gegen Desinfektionsmittel,<\/li>\n<li>violett,<\/li>\n<li>Lineal enthalten,<\/li>\n<li>zus\u00e4tzliche Skala auf dem Marker aufgedruckt,<\/li>\n<li>steril,<\/li>\n<li>Verpackung: Papier-Folie.<\/li>\n<\/ul>","protected":false},"featured_media":57474,"comment_status":"open","ping_status":"closed","template":"","meta":{"site-sidebar-layout":"default","site-content-layout":"","ast-site-content-layout":"default","site-content-style":"default","site-sidebar-style":"default","ast-global-header-display":"","ast-banner-title-visibility":"","ast-main-header-display":"","ast-hfb-above-header-display":"","ast-hfb-below-header-display":"","ast-hfb-mobile-header-display":"","site-post-title":"","ast-breadcrumbs-content":"","ast-featured-img":"","footer-sml-layout":"","ast-disable-related-posts":"","theme-transparent-header-meta":"default","adv-header-id-meta":"","stick-header-meta":"default","header-above-stick-meta":"","header-main-stick-meta":"","header-below-stick-meta":"","astra-migrate-meta-layouts":"set","ast-page-background-enabled":"default","ast-page-background-meta":{"desktop":{"background-color":"var(--ast-global-color-4)","background-image":"","background-repeat":"repeat","background-position":"center center","background-size":"auto","background-attachment":"scroll","background-type":"","background-media":"","overlay-type":"","overlay-color":"","overlay-opacity":"","overlay-gradient":""},"tablet":{"background-color":"","background-image":"","background-repeat":"repeat","background-position":"center center","background-size":"auto","background-attachment":"scroll","background-type":"","background-media":"","overlay-type":"","overlay-color":"","overlay-opacity":"","overlay-gradient":""},"mobile":{"background-color":"","background-image":"","background-repeat":"repeat","background-position":"center center","background-size":"auto","background-attachment":"scroll","background-type":"","background-media":"","overlay-type":"","overlay-color":"","overlay-opacity":"","overlay-gradient":""}},"ast-content-background-meta":{"desktop":{"background-color":"var(--ast-global-color-5)","background-image":"","background-repeat":"repeat","background-position":"center center","background-size":"auto","background-attachment":"scroll","background-type":"","background-media":"","overlay-type":"","overlay-color":"","overlay-opacity":"","overlay-gradient":""},"tablet":{"background-color":"var(--ast-global-color-5)","background-image":"","background-repeat":"repeat","background-position":"center center","background-size":"auto","background-attachment":"scroll","background-type":"","background-media":"","overlay-type":"","overlay-color":"","overlay-opacity":"","overlay-gradient":""},"mobile":{"background-color":"var(--ast-global-color-5)","background-image":"","background-repeat":"repeat","background-position":"center center","background-size":"auto","background-attachment":"scroll","background-type":"","background-media":"","overlay-type":"","overlay-color":"","overlay-opacity":"","overlay-gradient":""}}},"product_brand":[],"product_cat":[1986,2003],"product_tag":[],"class_list":{"0":"post-57677","1":"product","2":"type-product","3":"status-publish","4":"has-post-thumbnail","6":"product_cat-transfer","7":"product_cat-studio-supplies","8":"desktop-align-center","9":"tablet-align-left","10":"mobile-align-left","11":"ast-product-gallery-layout-horizontal-slider","12":"ast-product-tabs-layout-horizontal","14":"first","15":"outofstock","16":"taxable","17":"shipping-taxable","18":"purchasable","19":"product-type-simple"},"_links":{"self":[{"href":"https:\/\/rightstuff.eu\/de\/wp-json\/wp\/v2\/product\/57677","targetHints":{"allow":["GET"]}}],"collection":[{"href":"https:\/\/rightstuff.eu\/de\/wp-json\/wp\/v2\/product"}],"about":[{"href":"https:\/\/rightstuff.eu\/de\/wp-json\/wp\/v2\/types\/product"}],"replies":[{"embeddable":true,"href":"https:\/\/rightstuff.eu\/de\/wp-json\/wp\/v2\/comments?post=57677"}],"version-history":[{"count":0,"href":"https:\/\/rightstuff.eu\/de\/wp-json\/wp\/v2\/product\/57677\/revisions"}],"wp:featuredmedia":[{"embeddable":true,"href":"https:\/\/rightstuff.eu\/de\/wp-json\/wp\/v2\/media\/57474"}],"wp:attachment":[{"href":"https:\/\/rightstuff.eu\/de\/wp-json\/wp\/v2\/media?parent=57677"}],"wp:term":[{"taxonomy":"product_brand","embeddable":true,"href":"https:\/\/rightstuff.eu\/de\/wp-json\/wp\/v2\/product_brand?post=57677"},{"taxonomy":"product_cat","embeddable":true,"href":"https:\/\/rightstuff.eu\/de\/wp-json\/wp\/v2\/product_cat?post=57677"},{"taxonomy":"product_tag","embeddable":true,"href":"https:\/\/rightstuff.eu\/de\/wp-json\/wp\/v2\/product_tag?post=57677"}],"curies":[{"name":"wp","href":"https:\/\/api.w.org\/{rel}","templated":true}]}}