{"id":57671,"date":"2025-04-29T18:56:40","date_gmt":"2025-04-29T16:56:40","guid":{"rendered":"https:\/\/rightstuff.eu\/?post_type=product&#038;p=57671"},"modified":"2025-04-29T18:57:28","modified_gmt":"2025-04-29T16:57:28","slug":"tattoo-eazer-foam","status":"publish","type":"product","link":"https:\/\/rightstuff.eu\/de\/produkt\/tattoo-eazer-foam\/","title":{"rendered":"Tattoo Eazer Schaum 250 ml"},"content":{"rendered":"<p>Antibakterieller und desinfizierender Schaum zum Waschen w\u00e4hrend des T\u00e4towierens.<\/p>\n<p>Reinigt die Haut perfekt von \u00fcbersch\u00fcssiger Tinte, Blut und Vaseline. Mit dem Zusatz von Hamamelidis Wasser lindert es Schwellungen, R\u00f6tungen und reduziert Blutungen.<br \/>\nUnterst\u00fctzt wirkungsvoll den Heilungsprozess des frischen Tattoos.<\/p>\n<p>Der Tr\u00e4gerstoff ist Sapo Kalinus (Kaliumseife aus Lein\u00f6l).<br \/>\n\u00dcbt antiseptische und antiseborrhoische und erweicht die Haut, so dass ein leichteres Eindringen von allen medizinischen Substanzen, die Schaum enthalten.<\/p>\n<p>Fassungsverm\u00f6gen: 250 ml<\/p>","protected":false},"excerpt":{"rendered":"<p>Antibakterieller und desinfizierender Schaum zum Waschen w\u00e4hrend des T\u00e4towierens.<\/p>\n<p>Fassungsverm\u00f6gen: 250 ml<\/p>","protected":false},"featured_media":57672,"comment_status":"open","ping_status":"closed","template":"","meta":{"site-sidebar-layout":"default","site-content-layout":"","ast-site-content-layout":"default","site-content-style":"default","site-sidebar-style":"default","ast-global-header-display":"","ast-banner-title-visibility":"","ast-main-header-display":"","ast-hfb-above-header-display":"","ast-hfb-below-header-display":"","ast-hfb-mobile-header-display":"","site-post-title":"","ast-breadcrumbs-content":"","ast-featured-img":"","footer-sml-layout":"","ast-disable-related-posts":"","theme-transparent-header-meta":"default","adv-header-id-meta":"","stick-header-meta":"default","header-above-stick-meta":"","header-main-stick-meta":"","header-below-stick-meta":"","astra-migrate-meta-layouts":"set","ast-page-background-enabled":"default","ast-page-background-meta":{"desktop":{"background-color":"var(--ast-global-color-4)","background-image":"","background-repeat":"repeat","background-position":"center center","background-size":"auto","background-attachment":"scroll","background-type":"","background-media":"","overlay-type":"","overlay-color":"","overlay-opacity":"","overlay-gradient":""},"tablet":{"background-color":"","background-image":"","background-repeat":"repeat","background-position":"center center","background-size":"auto","background-attachment":"scroll","background-type":"","background-media":"","overlay-type":"","overlay-color":"","overlay-opacity":"","overlay-gradient":""},"mobile":{"background-color":"","background-image":"","background-repeat":"repeat","background-position":"center center","background-size":"auto","background-attachment":"scroll","background-type":"","background-media":"","overlay-type":"","overlay-color":"","overlay-opacity":"","overlay-gradient":""}},"ast-content-background-meta":{"desktop":{"background-color":"var(--ast-global-color-5)","background-image":"","background-repeat":"repeat","background-position":"center center","background-size":"auto","background-attachment":"scroll","background-type":"","background-media":"","overlay-type":"","overlay-color":"","overlay-opacity":"","overlay-gradient":""},"tablet":{"background-color":"var(--ast-global-color-5)","background-image":"","background-repeat":"repeat","background-position":"center center","background-size":"auto","background-attachment":"scroll","background-type":"","background-media":"","overlay-type":"","overlay-color":"","overlay-opacity":"","overlay-gradient":""},"mobile":{"background-color":"var(--ast-global-color-5)","background-image":"","background-repeat":"repeat","background-position":"center center","background-size":"auto","background-attachment":"scroll","background-type":"","background-media":"","overlay-type":"","overlay-color":"","overlay-opacity":"","overlay-gradient":""}}},"product_brand":[2015],"product_cat":[2003],"product_tag":[],"class_list":{"0":"post-57671","1":"product","2":"type-product","3":"status-publish","4":"has-post-thumbnail","6":"product_brand-tattoo-eazer-cosmetics","7":"product_cat-studio-supplies","8":"desktop-align-center","9":"tablet-align-left","10":"mobile-align-left","11":"ast-product-gallery-layout-horizontal-slider","12":"ast-product-gallery-with-no-image","13":"ast-product-tabs-layout-horizontal","15":"first","16":"outofstock","17":"taxable","18":"shipping-taxable","19":"purchasable","20":"product-type-simple"},"_links":{"self":[{"href":"https:\/\/rightstuff.eu\/de\/wp-json\/wp\/v2\/product\/57671","targetHints":{"allow":["GET"]}}],"collection":[{"href":"https:\/\/rightstuff.eu\/de\/wp-json\/wp\/v2\/product"}],"about":[{"href":"https:\/\/rightstuff.eu\/de\/wp-json\/wp\/v2\/types\/product"}],"replies":[{"embeddable":true,"href":"https:\/\/rightstuff.eu\/de\/wp-json\/wp\/v2\/comments?post=57671"}],"version-history":[{"count":0,"href":"https:\/\/rightstuff.eu\/de\/wp-json\/wp\/v2\/product\/57671\/revisions"}],"wp:featuredmedia":[{"embeddable":true,"href":"https:\/\/rightstuff.eu\/de\/wp-json\/wp\/v2\/media\/57672"}],"wp:attachment":[{"href":"https:\/\/rightstuff.eu\/de\/wp-json\/wp\/v2\/media?parent=57671"}],"wp:term":[{"taxonomy":"product_brand","embeddable":true,"href":"https:\/\/rightstuff.eu\/de\/wp-json\/wp\/v2\/product_brand?post=57671"},{"taxonomy":"product_cat","embeddable":true,"href":"https:\/\/rightstuff.eu\/de\/wp-json\/wp\/v2\/product_cat?post=57671"},{"taxonomy":"product_tag","embeddable":true,"href":"https:\/\/rightstuff.eu\/de\/wp-json\/wp\/v2\/product_tag?post=57671"}],"curies":[{"name":"wp","href":"https:\/\/api.w.org\/{rel}","templated":true}]}}