{"id":57615,"date":"2025-04-27T22:21:28","date_gmt":"2025-04-27T20:21:28","guid":{"rendered":"https:\/\/rightstuff.eu\/?post_type=product&#038;p=57615"},"modified":"2025-04-28T12:29:28","modified_gmt":"2025-04-28T10:29:28","slug":"rotary-tattoo-machine-keg-variable-pearl-green","status":"publish","type":"product","link":"https:\/\/rightstuff.eu\/de\/produkt\/rotary-tattoo-machine-keg-variable-pearl-green\/","title":{"rendered":"Rotations-T\u00e4towiermaschine -KEG Variable (Perlgr\u00fcn)"},"content":{"rendered":"<p>Um eine T\u00e4towierung zu erstellen, verwendet der Meister eine Rotations- oder eine Induktionsmaschine. Das einfachste Beispiel f\u00fcr ein Rotationsger\u00e4t ist ein selbst gebautes Ger\u00e4t f\u00fcr Hautmalereien, das aus einem Stift und einem kleinen Motor besteht. Right Stuff bietet Fachleuten, die ihre Tattoo-Salons besitzen, oder K\u00fcnstlern, die bestimmte Gedanken \u00fcber ein profitables Tattoo-Gesch\u00e4ft haben, dieses Perlengr\u00fcn <a href=\"https:\/\/rightstuff.eu\/blog\/best-rotary-tattoo-machines\/\">Rotations-T\u00e4towiermaschine<\/a> - KEG-Variable.<\/p>\n<p>Es ist ein einfaches Arbeitsger\u00e4t: Diese Maschine ist ein effektives Ger\u00e4t zum Zeichnen der Konturen eines Tattoos. Mit ihr kann ein Meister leicht eine hohe Genauigkeit beim Zeichnen von Tattoo-Linien erreichen! Die Rotationsmaschine verbessert die Qualit\u00e4tsmerkmale der aufgetragenen Bilder. Durch die hohe Geschwindigkeit der Nadelbewegung sinkt das Schmerzempfinden und der Kunde f\u00fchlt sich entspannt. Dieses Modell vibriert kaum, wenn es arbeitet - der K\u00fcnstler f\u00fchlt sich nicht m\u00fcde, wenn er ein Hautbild erstellt.<\/p>\n<p>Dieses perlgr\u00fcne Aluminiummodell wiegt nur 140 Gramm. Der Hub der Maschine variiert von 1 bis 5 Millimetern. Das Ger\u00e4t arbeitet mit einer Drehzahl von 8000 U\/min und einer Spannung von 6 -13 V.<\/p>","protected":false},"excerpt":{"rendered":"<p>Rotierende Tattoo-Maschine<\/p>\n<p>Direktantrieb<\/p>\n<p>Variabler 1mm bis 5mm Hub<br \/>\n8000 UMDREHUNGEN PRO MINUTE<br \/>\nBevorzugte Spannung 6-13 Volt<\/p>\n<p>Empfohlene Nadeln: Bis zu 18 Liner, bis zu 39 Mag<\/p>\n<p>Clip Cord + RCA Anschluss<br \/>\nAluminium K\u00f6rper<br \/>\nGewicht 140 gr.<\/p>","protected":false},"featured_media":57618,"comment_status":"open","ping_status":"closed","template":"","meta":{"site-sidebar-layout":"default","site-content-layout":"","ast-site-content-layout":"default","site-content-style":"default","site-sidebar-style":"default","ast-global-header-display":"","ast-banner-title-visibility":"","ast-main-header-display":"","ast-hfb-above-header-display":"","ast-hfb-below-header-display":"","ast-hfb-mobile-header-display":"","site-post-title":"","ast-breadcrumbs-content":"","ast-featured-img":"","footer-sml-layout":"","ast-disable-related-posts":"","theme-transparent-header-meta":"default","adv-header-id-meta":"","stick-header-meta":"default","header-above-stick-meta":"","header-main-stick-meta":"","header-below-stick-meta":"","astra-migrate-meta-layouts":"set","ast-page-background-enabled":"default","ast-page-background-meta":{"desktop":{"background-color":"var(--ast-global-color-4)","background-image":"","background-repeat":"repeat","background-position":"center center","background-size":"auto","background-attachment":"scroll","background-type":"","background-media":"","overlay-type":"","overlay-color":"","overlay-opacity":"","overlay-gradient":""},"tablet":{"background-color":"","background-image":"","background-repeat":"repeat","background-position":"center center","background-size":"auto","background-attachment":"scroll","background-type":"","background-media":"","overlay-type":"","overlay-color":"","overlay-opacity":"","overlay-gradient":""},"mobile":{"background-color":"","background-image":"","background-repeat":"repeat","background-position":"center center","background-size":"auto","background-attachment":"scroll","background-type":"","background-media":"","overlay-type":"","overlay-color":"","overlay-opacity":"","overlay-gradient":""}},"ast-content-background-meta":{"desktop":{"background-color":"var(--ast-global-color-5)","background-image":"","background-repeat":"repeat","background-position":"center center","background-size":"auto","background-attachment":"scroll","background-type":"","background-media":"","overlay-type":"","overlay-color":"","overlay-opacity":"","overlay-gradient":""},"tablet":{"background-color":"var(--ast-global-color-5)","background-image":"","background-repeat":"repeat","background-position":"center center","background-size":"auto","background-attachment":"scroll","background-type":"","background-media":"","overlay-type":"","overlay-color":"","overlay-opacity":"","overlay-gradient":""},"mobile":{"background-color":"var(--ast-global-color-5)","background-image":"","background-repeat":"repeat","background-position":"center center","background-size":"auto","background-attachment":"scroll","background-type":"","background-media":"","overlay-type":"","overlay-color":"","overlay-opacity":"","overlay-gradient":""}}},"product_brand":[],"product_cat":[1995],"product_tag":[101,93,83,74,100,99,87,98,48,97,1792,91,95,23,72],"class_list":{"0":"post-57615","1":"product","2":"type-product","3":"status-publish","4":"has-post-thumbnail","6":"product_cat-variable","7":"product_tag-custom-rotary-machines","8":"product_tag-custom-tattoo-guns","9":"product_tag-custom-tattoo-machines","10":"product_tag-direct-drive-tattoo-machine","11":"product_tag-handmade-rotary-tattoo-machines","12":"product_tag-handmade-tattoo-machines","13":"product_tag-professional-tattoo-machines","14":"product_tag-rotary-tattoo-guns","15":"product_tag-rotary-tattoo-machine","16":"product_tag-rotary-tattoo-pen","17":"product_tag-rotary-tattoomaschinen","18":"product_tag-tattoo-equipment","19":"product_tag-tattoo-guns","20":"product_tag-tattoo-machine","21":"product_tag-tattoo-machine-coils","22":"pa_brand-rightstuff","23":"desktop-align-center","24":"tablet-align-left","25":"mobile-align-left","26":"ast-product-gallery-layout-horizontal-slider","27":"ast-product-tabs-layout-horizontal","29":"first","30":"instock","31":"taxable","32":"shipping-taxable","33":"purchasable","34":"product-type-simple"},"_links":{"self":[{"href":"https:\/\/rightstuff.eu\/de\/wp-json\/wp\/v2\/product\/57615","targetHints":{"allow":["GET"]}}],"collection":[{"href":"https:\/\/rightstuff.eu\/de\/wp-json\/wp\/v2\/product"}],"about":[{"href":"https:\/\/rightstuff.eu\/de\/wp-json\/wp\/v2\/types\/product"}],"replies":[{"embeddable":true,"href":"https:\/\/rightstuff.eu\/de\/wp-json\/wp\/v2\/comments?post=57615"}],"version-history":[{"count":0,"href":"https:\/\/rightstuff.eu\/de\/wp-json\/wp\/v2\/product\/57615\/revisions"}],"wp:featuredmedia":[{"embeddable":true,"href":"https:\/\/rightstuff.eu\/de\/wp-json\/wp\/v2\/media\/57618"}],"wp:attachment":[{"href":"https:\/\/rightstuff.eu\/de\/wp-json\/wp\/v2\/media?parent=57615"}],"wp:term":[{"taxonomy":"product_brand","embeddable":true,"href":"https:\/\/rightstuff.eu\/de\/wp-json\/wp\/v2\/product_brand?post=57615"},{"taxonomy":"product_cat","embeddable":true,"href":"https:\/\/rightstuff.eu\/de\/wp-json\/wp\/v2\/product_cat?post=57615"},{"taxonomy":"product_tag","embeddable":true,"href":"https:\/\/rightstuff.eu\/de\/wp-json\/wp\/v2\/product_tag?post=57615"}],"curies":[{"name":"wp","href":"https:\/\/api.w.org\/{rel}","templated":true}]}}