{"id":57574,"date":"2025-04-27T13:37:04","date_gmt":"2025-04-27T11:37:04","guid":{"rendered":"https:\/\/rightstuff.eu\/?post_type=product&#038;p=57574"},"modified":"2025-04-27T13:37:58","modified_gmt":"2025-04-27T11:37:58","slug":"killer-ink-disposable-tubes-30mm-15mg","status":"publish","type":"product","link":"https:\/\/rightstuff.eu\/de\/produkt\/killer-ink-disposable-tubes-30mm-15mg\/","title":{"rendered":"Killer Ink Einwegr\u00f6hrchen 30MM 15MG"},"content":{"rendered":"<p>Schachtel mit 20 Killer Ink Premium Einwegr\u00f6hrchen mit 30-mm-Griff und einer geschlossenen 15-Magnum-Spitze.<\/p>\n<p>Die Killer Ink Premium Einwegr\u00f6hrchen sind ergonomisch geformt und bieten Komfort und Tintenfluss. Die Spitze und der hintere Schaft bestehen aus einem superstarken Polycarbonat-Material, das w\u00e4hrend des Gebrauchs nicht zerbricht und die Nadel m\u00fchelos gleiten l\u00e4sst. Sie sind leicht get\u00f6nt, um ein erstklassiges Aussehen zu erzielen, und erm\u00f6glichen dennoch eine vollst\u00e4ndige Sichtbarkeit w\u00e4hrend des T\u00e4towierens. Die Griffe bestehen aus hochwertigem Silikon und sind perfekt ausbalanciert und gewichtet.<\/p>","protected":false},"excerpt":{"rendered":"<p>Schachtel mit 20 Killer Ink Premium Einwegr\u00f6hrchen mit 30-mm-Griff und einer geschlossenen Magnum-Spitze.<\/p>","protected":false},"featured_media":56356,"comment_status":"open","ping_status":"closed","template":"","meta":{"site-sidebar-layout":"default","site-content-layout":"","ast-site-content-layout":"default","site-content-style":"default","site-sidebar-style":"default","ast-global-header-display":"","ast-banner-title-visibility":"","ast-main-header-display":"","ast-hfb-above-header-display":"","ast-hfb-below-header-display":"","ast-hfb-mobile-header-display":"","site-post-title":"","ast-breadcrumbs-content":"","ast-featured-img":"","footer-sml-layout":"","ast-disable-related-posts":"","theme-transparent-header-meta":"default","adv-header-id-meta":"","stick-header-meta":"default","header-above-stick-meta":"","header-main-stick-meta":"","header-below-stick-meta":"","astra-migrate-meta-layouts":"set","ast-page-background-enabled":"default","ast-page-background-meta":{"desktop":{"background-color":"var(--ast-global-color-4)","background-image":"","background-repeat":"repeat","background-position":"center center","background-size":"auto","background-attachment":"scroll","background-type":"","background-media":"","overlay-type":"","overlay-color":"","overlay-opacity":"","overlay-gradient":""},"tablet":{"background-color":"","background-image":"","background-repeat":"repeat","background-position":"center center","background-size":"auto","background-attachment":"scroll","background-type":"","background-media":"","overlay-type":"","overlay-color":"","overlay-opacity":"","overlay-gradient":""},"mobile":{"background-color":"","background-image":"","background-repeat":"repeat","background-position":"center center","background-size":"auto","background-attachment":"scroll","background-type":"","background-media":"","overlay-type":"","overlay-color":"","overlay-opacity":"","overlay-gradient":""}},"ast-content-background-meta":{"desktop":{"background-color":"var(--ast-global-color-5)","background-image":"","background-repeat":"repeat","background-position":"center center","background-size":"auto","background-attachment":"scroll","background-type":"","background-media":"","overlay-type":"","overlay-color":"","overlay-opacity":"","overlay-gradient":""},"tablet":{"background-color":"var(--ast-global-color-5)","background-image":"","background-repeat":"repeat","background-position":"center center","background-size":"auto","background-attachment":"scroll","background-type":"","background-media":"","overlay-type":"","overlay-color":"","overlay-opacity":"","overlay-gradient":""},"mobile":{"background-color":"var(--ast-global-color-5)","background-image":"","background-repeat":"repeat","background-position":"center center","background-size":"auto","background-attachment":"scroll","background-type":"","background-media":"","overlay-type":"","overlay-color":"","overlay-opacity":"","overlay-gradient":""}}},"product_brand":[2012],"product_cat":[67],"product_tag":[88,90,91,92,86,94,69],"class_list":{"0":"post-57574","1":"product","2":"type-product","3":"status-publish","4":"has-post-thumbnail","6":"product_brand-killer-ink","7":"product_cat-tips-grips-tubes","8":"product_tag-professional-tattoo-kit","9":"product_tag-tattoo-accessories","10":"product_tag-tattoo-equipment","11":"product_tag-tattoo-machines-parts","12":"product_tag-tattoo-needle-supply","13":"product_tag-tattoo-sets","14":"product_tag-tattoo-supplies","15":"desktop-align-center","16":"tablet-align-left","17":"mobile-align-left","18":"ast-product-gallery-layout-horizontal-slider","19":"ast-product-single-variable","20":"ast-product-tabs-layout-horizontal","22":"first","23":"outofstock","24":"taxable","25":"shipping-taxable","26":"purchasable","27":"product-type-variable"},"_links":{"self":[{"href":"https:\/\/rightstuff.eu\/de\/wp-json\/wp\/v2\/product\/57574","targetHints":{"allow":["GET"]}}],"collection":[{"href":"https:\/\/rightstuff.eu\/de\/wp-json\/wp\/v2\/product"}],"about":[{"href":"https:\/\/rightstuff.eu\/de\/wp-json\/wp\/v2\/types\/product"}],"replies":[{"embeddable":true,"href":"https:\/\/rightstuff.eu\/de\/wp-json\/wp\/v2\/comments?post=57574"}],"version-history":[{"count":0,"href":"https:\/\/rightstuff.eu\/de\/wp-json\/wp\/v2\/product\/57574\/revisions"}],"wp:featuredmedia":[{"embeddable":true,"href":"https:\/\/rightstuff.eu\/de\/wp-json\/wp\/v2\/media\/56356"}],"wp:attachment":[{"href":"https:\/\/rightstuff.eu\/de\/wp-json\/wp\/v2\/media?parent=57574"}],"wp:term":[{"taxonomy":"product_brand","embeddable":true,"href":"https:\/\/rightstuff.eu\/de\/wp-json\/wp\/v2\/product_brand?post=57574"},{"taxonomy":"product_cat","embeddable":true,"href":"https:\/\/rightstuff.eu\/de\/wp-json\/wp\/v2\/product_cat?post=57574"},{"taxonomy":"product_tag","embeddable":true,"href":"https:\/\/rightstuff.eu\/de\/wp-json\/wp\/v2\/product_tag?post=57574"}],"curies":[{"name":"wp","href":"https:\/\/api.w.org\/{rel}","templated":true}]}}