{"id":57503,"date":"2025-04-26T15:55:29","date_gmt":"2025-04-26T13:55:29","guid":{"rendered":"https:\/\/rightstuff.eu\/?post_type=product&#038;p=57503"},"modified":"2025-04-26T15:58:44","modified_gmt":"2025-04-26T13:58:44","slug":"aloe-tattoo-stencil-eraser","status":"publish","type":"product","link":"https:\/\/rightstuff.eu\/de\/produkt\/aloe-tattoo-stencil-eraser\/","title":{"rendered":"Aloe Tattoo Schablone Radiergummi"},"content":{"rendered":"<div class=\"product-view__description\">\n<p>Tattoo Stencil Eraser von Aloe Tattoo kann verwendet werden, um eine Tattoo-Schablone von der Haut zu entfernen, wenn Sie die Platzierung \u00e4ndern wollen oder einfach nur entfernen, was von der Schablone \u00fcbrig ist. Die Schablone kann leicht entfernt werden, auch wenn sie bereits vollst\u00e4ndig getrocknet ist. Wischen Sie einfach mit dem Tattoo Stencil Eraser in kreisenden Bewegungen \u00fcber die Haut, bis die Schablone entfernt ist. Reinigen Sie die Haut mit destilliertem Wasser, wenn die Schablone entfernt ist, verwenden Sie keine Seife.<\/p>\n<p><strong>Hauptmerkmale:<\/strong><\/p>\n<ul>\n<li>Nicht reizender Schablonenentferner<\/li>\n<li>Funktioniert sogar auf vollst\u00e4ndig getrockneten Schablonen<\/li>\n<li>Erh\u00e4ltlich in 250ml<\/li>\n<\/ul>\n<\/div>\n<div class=\"product-view__tabs cms\">\n<div class=\"tab\"><\/div>\n<\/div>","protected":false},"excerpt":{"rendered":"<ul>\n<li>Nicht reizender Schablonenentferner<\/li>\n<li>Funktioniert sogar auf vollst\u00e4ndig getrockneten Schablonen<\/li>\n<li>Erh\u00e4ltlich in 250ml<\/li>\n<\/ul>","protected":false},"featured_media":57509,"comment_status":"open","ping_status":"closed","template":"","meta":{"site-sidebar-layout":"default","site-content-layout":"","ast-site-content-layout":"default","site-content-style":"default","site-sidebar-style":"default","ast-global-header-display":"","ast-banner-title-visibility":"","ast-main-header-display":"","ast-hfb-above-header-display":"","ast-hfb-below-header-display":"","ast-hfb-mobile-header-display":"","site-post-title":"","ast-breadcrumbs-content":"","ast-featured-img":"","footer-sml-layout":"","ast-disable-related-posts":"","theme-transparent-header-meta":"default","adv-header-id-meta":"","stick-header-meta":"default","header-above-stick-meta":"","header-main-stick-meta":"","header-below-stick-meta":"","astra-migrate-meta-layouts":"set","ast-page-background-enabled":"default","ast-page-background-meta":{"desktop":{"background-color":"var(--ast-global-color-4)","background-image":"","background-repeat":"repeat","background-position":"center center","background-size":"auto","background-attachment":"scroll","background-type":"","background-media":"","overlay-type":"","overlay-color":"","overlay-opacity":"","overlay-gradient":""},"tablet":{"background-color":"","background-image":"","background-repeat":"repeat","background-position":"center center","background-size":"auto","background-attachment":"scroll","background-type":"","background-media":"","overlay-type":"","overlay-color":"","overlay-opacity":"","overlay-gradient":""},"mobile":{"background-color":"","background-image":"","background-repeat":"repeat","background-position":"center center","background-size":"auto","background-attachment":"scroll","background-type":"","background-media":"","overlay-type":"","overlay-color":"","overlay-opacity":"","overlay-gradient":""}},"ast-content-background-meta":{"desktop":{"background-color":"var(--ast-global-color-5)","background-image":"","background-repeat":"repeat","background-position":"center center","background-size":"auto","background-attachment":"scroll","background-type":"","background-media":"","overlay-type":"","overlay-color":"","overlay-opacity":"","overlay-gradient":""},"tablet":{"background-color":"var(--ast-global-color-5)","background-image":"","background-repeat":"repeat","background-position":"center center","background-size":"auto","background-attachment":"scroll","background-type":"","background-media":"","overlay-type":"","overlay-color":"","overlay-opacity":"","overlay-gradient":""},"mobile":{"background-color":"var(--ast-global-color-5)","background-image":"","background-repeat":"repeat","background-position":"center center","background-size":"auto","background-attachment":"scroll","background-type":"","background-media":"","overlay-type":"","overlay-color":"","overlay-opacity":"","overlay-gradient":""}}},"product_brand":[2010],"product_cat":[1986],"product_tag":[],"class_list":{"0":"post-57503","1":"product","2":"type-product","3":"status-publish","4":"has-post-thumbnail","6":"product_brand-aloe-tattoo","7":"product_cat-transfer","8":"desktop-align-center","9":"tablet-align-left","10":"mobile-align-left","11":"ast-product-gallery-layout-horizontal-slider","12":"ast-product-gallery-with-no-image","13":"ast-product-tabs-layout-horizontal","15":"first","16":"outofstock","17":"taxable","18":"shipping-taxable","19":"purchasable","20":"product-type-simple"},"_links":{"self":[{"href":"https:\/\/rightstuff.eu\/de\/wp-json\/wp\/v2\/product\/57503","targetHints":{"allow":["GET"]}}],"collection":[{"href":"https:\/\/rightstuff.eu\/de\/wp-json\/wp\/v2\/product"}],"about":[{"href":"https:\/\/rightstuff.eu\/de\/wp-json\/wp\/v2\/types\/product"}],"replies":[{"embeddable":true,"href":"https:\/\/rightstuff.eu\/de\/wp-json\/wp\/v2\/comments?post=57503"}],"version-history":[{"count":0,"href":"https:\/\/rightstuff.eu\/de\/wp-json\/wp\/v2\/product\/57503\/revisions"}],"wp:featuredmedia":[{"embeddable":true,"href":"https:\/\/rightstuff.eu\/de\/wp-json\/wp\/v2\/media\/57509"}],"wp:attachment":[{"href":"https:\/\/rightstuff.eu\/de\/wp-json\/wp\/v2\/media?parent=57503"}],"wp:term":[{"taxonomy":"product_brand","embeddable":true,"href":"https:\/\/rightstuff.eu\/de\/wp-json\/wp\/v2\/product_brand?post=57503"},{"taxonomy":"product_cat","embeddable":true,"href":"https:\/\/rightstuff.eu\/de\/wp-json\/wp\/v2\/product_cat?post=57503"},{"taxonomy":"product_tag","embeddable":true,"href":"https:\/\/rightstuff.eu\/de\/wp-json\/wp\/v2\/product_tag?post=57503"}],"curies":[{"name":"wp","href":"https:\/\/api.w.org\/{rel}","templated":true}]}}