{"id":57493,"date":"2025-04-25T19:26:50","date_gmt":"2025-04-25T17:26:50","guid":{"rendered":"https:\/\/rightstuff.eu\/?post_type=product&#038;p=57493"},"modified":"2026-01-12T16:03:03","modified_gmt":"2026-01-12T15:03:03","slug":"unistar-tattoo-film-dressing","status":"publish","type":"product","link":"https:\/\/rightstuff.eu\/de\/produkt\/unistar-tattoo-film-dressing\/","title":{"rendered":"UNISTAR Tattoo Film Dressing"},"content":{"rendered":"<p>Tattoo Film Dressing von UNISTAR ist eine d\u00fcnne, flexible Klebefolie f\u00fcr Tattoos, die frische Tattoos sch\u00fctzt und ihre Heilung unterst\u00fctzt!<\/p>\n<p>Diese Folie ist elastisch und dehnbar und l\u00e4sst sich daher leicht auftragen. Sie schlie\u00dft die nat\u00fcrliche Feuchtigkeit ein und bietet gleichzeitig eine Barriere gegen Wasser und Abrieb und bildet eine antimikrobielle Beschichtung, die das Eindringen von Krankheitserregern und Verunreinigungen in die Wunde verhindert.<\/p>\n<div class=\"product-view__tabs__rm-wrapper\">\n<p>Es sch\u00fctzt die T\u00e4towierung, l\u00e4sst die Haut aber auch atmen, verhindert die Bildung von Schorf und verringert das Infektionsrisiko.<\/p>\n<p>Waschen Sie die frische T\u00e4towierung sorgf\u00e4ltig und lassen Sie sie vollst\u00e4ndig trocknen. Tragen Sie den Verband auf die Haut auf und achten Sie darauf, dass ein paar Zentimeter um den Rand der T\u00e4towierung herum bleiben.<\/p>\n<p>Abmessungen: 15 cm x 10 m<\/p>\n<\/div>","protected":false},"excerpt":{"rendered":"<p>Tattoo Film Dressing von UNISTAR ist eine d\u00fcnne, flexible Klebefolie f\u00fcr Tattoos, die frische Tattoos sch\u00fctzt und ihre Heilung unterst\u00fctzt!<\/p>","protected":false},"featured_media":57494,"comment_status":"open","ping_status":"closed","template":"","meta":{"site-sidebar-layout":"default","site-content-layout":"","ast-site-content-layout":"default","site-content-style":"default","site-sidebar-style":"default","ast-global-header-display":"","ast-banner-title-visibility":"","ast-main-header-display":"","ast-hfb-above-header-display":"","ast-hfb-below-header-display":"","ast-hfb-mobile-header-display":"","site-post-title":"","ast-breadcrumbs-content":"","ast-featured-img":"","footer-sml-layout":"","ast-disable-related-posts":"","theme-transparent-header-meta":"default","adv-header-id-meta":"","stick-header-meta":"default","header-above-stick-meta":"","header-main-stick-meta":"","header-below-stick-meta":"","astra-migrate-meta-layouts":"set","ast-page-background-enabled":"default","ast-page-background-meta":{"desktop":{"background-color":"var(--ast-global-color-4)","background-image":"","background-repeat":"repeat","background-position":"center center","background-size":"auto","background-attachment":"scroll","background-type":"","background-media":"","overlay-type":"","overlay-color":"","overlay-opacity":"","overlay-gradient":""},"tablet":{"background-color":"","background-image":"","background-repeat":"repeat","background-position":"center center","background-size":"auto","background-attachment":"scroll","background-type":"","background-media":"","overlay-type":"","overlay-color":"","overlay-opacity":"","overlay-gradient":""},"mobile":{"background-color":"","background-image":"","background-repeat":"repeat","background-position":"center center","background-size":"auto","background-attachment":"scroll","background-type":"","background-media":"","overlay-type":"","overlay-color":"","overlay-opacity":"","overlay-gradient":""}},"ast-content-background-meta":{"desktop":{"background-color":"var(--ast-global-color-5)","background-image":"","background-repeat":"repeat","background-position":"center center","background-size":"auto","background-attachment":"scroll","background-type":"","background-media":"","overlay-type":"","overlay-color":"","overlay-opacity":"","overlay-gradient":""},"tablet":{"background-color":"var(--ast-global-color-5)","background-image":"","background-repeat":"repeat","background-position":"center center","background-size":"auto","background-attachment":"scroll","background-type":"","background-media":"","overlay-type":"","overlay-color":"","overlay-opacity":"","overlay-gradient":""},"mobile":{"background-color":"var(--ast-global-color-5)","background-image":"","background-repeat":"repeat","background-position":"center center","background-size":"auto","background-attachment":"scroll","background-type":"","background-media":"","overlay-type":"","overlay-color":"","overlay-opacity":"","overlay-gradient":""}}},"product_brand":[2008],"product_cat":[2004,2003],"product_tag":[],"class_list":{"0":"post-57493","1":"product","2":"type-product","3":"status-publish","4":"has-post-thumbnail","6":"product_brand-unistar","7":"product_cat-aftercare","8":"product_cat-studio-supplies","9":"desktop-align-center","10":"tablet-align-left","11":"mobile-align-left","12":"ast-product-gallery-layout-horizontal-slider","13":"ast-product-gallery-with-no-image","14":"ast-product-single-variable","15":"ast-product-tabs-layout-horizontal","17":"first","18":"instock","19":"taxable","20":"shipping-taxable","21":"purchasable","22":"product-type-variable"},"_links":{"self":[{"href":"https:\/\/rightstuff.eu\/de\/wp-json\/wp\/v2\/product\/57493","targetHints":{"allow":["GET"]}}],"collection":[{"href":"https:\/\/rightstuff.eu\/de\/wp-json\/wp\/v2\/product"}],"about":[{"href":"https:\/\/rightstuff.eu\/de\/wp-json\/wp\/v2\/types\/product"}],"replies":[{"embeddable":true,"href":"https:\/\/rightstuff.eu\/de\/wp-json\/wp\/v2\/comments?post=57493"}],"version-history":[{"count":0,"href":"https:\/\/rightstuff.eu\/de\/wp-json\/wp\/v2\/product\/57493\/revisions"}],"wp:featuredmedia":[{"embeddable":true,"href":"https:\/\/rightstuff.eu\/de\/wp-json\/wp\/v2\/media\/57494"}],"wp:attachment":[{"href":"https:\/\/rightstuff.eu\/de\/wp-json\/wp\/v2\/media?parent=57493"}],"wp:term":[{"taxonomy":"product_brand","embeddable":true,"href":"https:\/\/rightstuff.eu\/de\/wp-json\/wp\/v2\/product_brand?post=57493"},{"taxonomy":"product_cat","embeddable":true,"href":"https:\/\/rightstuff.eu\/de\/wp-json\/wp\/v2\/product_cat?post=57493"},{"taxonomy":"product_tag","embeddable":true,"href":"https:\/\/rightstuff.eu\/de\/wp-json\/wp\/v2\/product_tag?post=57493"}],"curies":[{"name":"wp","href":"https:\/\/api.w.org\/{rel}","templated":true}]}}