{"id":57471,"date":"2025-04-25T14:00:47","date_gmt":"2025-04-25T12:00:47","guid":{"rendered":"https:\/\/rightstuff.eu\/?post_type=product&#038;p=57471"},"modified":"2025-04-25T14:06:07","modified_gmt":"2025-04-25T12:06:07","slug":"neba-tattoo-foam-soap","status":"publish","type":"product","link":"https:\/\/rightstuff.eu\/de\/produkt\/neba-tattoo-foam-soap\/","title":{"rendered":"Neba Beruhigende Tattoo-Schaumseife 150 ml"},"content":{"rendered":"<p class=\"\" data-start=\"127\" data-end=\"243\">Au\u00dferdem wurde die Neba Soothing Tattoo Foam Soap vollst\u00e4ndig dermatologisch getestet, um die Sicherheit Ihrer Haut zu gew\u00e4hrleisten.<\/p>\n<ul>\n<li data-start=\"245\" data-end=\"472\">Hamamelis und Aloe-Vera-Saft haben beruhigende Eigenschaften<\/li>\n<li data-start=\"245\" data-end=\"472\">verursacht kein Gef\u00fchl der Enge<\/li>\n<li data-start=\"245\" data-end=\"472\">hinterl\u00e4sst die Haut frisch und sauber<\/li>\n<li data-start=\"245\" data-end=\"472\">f\u00fcr die Tattoo-Nachsorge und die t\u00e4gliche K\u00f6rperpflege<\/li>\n<li data-start=\"245\" data-end=\"472\">hergestellt in Polen<\/li>\n<li data-start=\"245\" data-end=\"472\">nicht an Tieren getestet - Veganerfreundlich<\/li>\n<\/ul>","protected":false},"excerpt":{"rendered":"<ul>\n<li>kein Nachsp\u00fclen mit Wasser erforderlich<\/li>\n<li>reinigt wirksam die Haut und entfernt Tintenr\u00fcckst\u00e4nde<\/li>\n<\/ul>","protected":false},"featured_media":57472,"comment_status":"open","ping_status":"closed","template":"","meta":{"site-sidebar-layout":"default","site-content-layout":"","ast-site-content-layout":"default","site-content-style":"default","site-sidebar-style":"default","ast-global-header-display":"","ast-banner-title-visibility":"","ast-main-header-display":"","ast-hfb-above-header-display":"","ast-hfb-below-header-display":"","ast-hfb-mobile-header-display":"","site-post-title":"","ast-breadcrumbs-content":"","ast-featured-img":"","footer-sml-layout":"","ast-disable-related-posts":"","theme-transparent-header-meta":"default","adv-header-id-meta":"","stick-header-meta":"default","header-above-stick-meta":"","header-main-stick-meta":"","header-below-stick-meta":"","astra-migrate-meta-layouts":"set","ast-page-background-enabled":"default","ast-page-background-meta":{"desktop":{"background-color":"var(--ast-global-color-4)","background-image":"","background-repeat":"repeat","background-position":"center center","background-size":"auto","background-attachment":"scroll","background-type":"","background-media":"","overlay-type":"","overlay-color":"","overlay-opacity":"","overlay-gradient":""},"tablet":{"background-color":"","background-image":"","background-repeat":"repeat","background-position":"center center","background-size":"auto","background-attachment":"scroll","background-type":"","background-media":"","overlay-type":"","overlay-color":"","overlay-opacity":"","overlay-gradient":""},"mobile":{"background-color":"","background-image":"","background-repeat":"repeat","background-position":"center center","background-size":"auto","background-attachment":"scroll","background-type":"","background-media":"","overlay-type":"","overlay-color":"","overlay-opacity":"","overlay-gradient":""}},"ast-content-background-meta":{"desktop":{"background-color":"var(--ast-global-color-5)","background-image":"","background-repeat":"repeat","background-position":"center center","background-size":"auto","background-attachment":"scroll","background-type":"","background-media":"","overlay-type":"","overlay-color":"","overlay-opacity":"","overlay-gradient":""},"tablet":{"background-color":"var(--ast-global-color-5)","background-image":"","background-repeat":"repeat","background-position":"center center","background-size":"auto","background-attachment":"scroll","background-type":"","background-media":"","overlay-type":"","overlay-color":"","overlay-opacity":"","overlay-gradient":""},"mobile":{"background-color":"var(--ast-global-color-5)","background-image":"","background-repeat":"repeat","background-position":"center center","background-size":"auto","background-attachment":"scroll","background-type":"","background-media":"","overlay-type":"","overlay-color":"","overlay-opacity":"","overlay-gradient":""}}},"product_brand":[2005],"product_cat":[2003],"product_tag":[],"class_list":{"0":"post-57471","1":"product","2":"type-product","3":"status-publish","4":"has-post-thumbnail","6":"product_brand-neba","7":"product_cat-studio-supplies","8":"desktop-align-center","9":"tablet-align-left","10":"mobile-align-left","11":"ast-product-gallery-layout-horizontal-slider","12":"ast-product-gallery-with-no-image","13":"ast-product-tabs-layout-horizontal","15":"first","16":"outofstock","17":"taxable","18":"shipping-taxable","19":"purchasable","20":"product-type-simple"},"_links":{"self":[{"href":"https:\/\/rightstuff.eu\/de\/wp-json\/wp\/v2\/product\/57471","targetHints":{"allow":["GET"]}}],"collection":[{"href":"https:\/\/rightstuff.eu\/de\/wp-json\/wp\/v2\/product"}],"about":[{"href":"https:\/\/rightstuff.eu\/de\/wp-json\/wp\/v2\/types\/product"}],"replies":[{"embeddable":true,"href":"https:\/\/rightstuff.eu\/de\/wp-json\/wp\/v2\/comments?post=57471"}],"version-history":[{"count":0,"href":"https:\/\/rightstuff.eu\/de\/wp-json\/wp\/v2\/product\/57471\/revisions"}],"wp:featuredmedia":[{"embeddable":true,"href":"https:\/\/rightstuff.eu\/de\/wp-json\/wp\/v2\/media\/57472"}],"wp:attachment":[{"href":"https:\/\/rightstuff.eu\/de\/wp-json\/wp\/v2\/media?parent=57471"}],"wp:term":[{"taxonomy":"product_brand","embeddable":true,"href":"https:\/\/rightstuff.eu\/de\/wp-json\/wp\/v2\/product_brand?post=57471"},{"taxonomy":"product_cat","embeddable":true,"href":"https:\/\/rightstuff.eu\/de\/wp-json\/wp\/v2\/product_cat?post=57471"},{"taxonomy":"product_tag","embeddable":true,"href":"https:\/\/rightstuff.eu\/de\/wp-json\/wp\/v2\/product_tag?post=57471"}],"curies":[{"name":"wp","href":"https:\/\/api.w.org\/{rel}","templated":true}]}}