{"id":56649,"date":"2024-12-21T17:24:16","date_gmt":"2024-12-21T16:24:16","guid":{"rendered":"https:\/\/rightstuff.eu\/?post_type=product&#038;p=56649"},"modified":"2025-01-22T01:27:05","modified_gmt":"2025-01-22T00:27:05","slug":"shim-rotary-tattoo-machine-grey","status":"publish","type":"product","link":"https:\/\/rightstuff.eu\/de\/produkt\/shim-rotary-tattoo-machine-grey\/","title":{"rendered":"Shim - Rotations-T\u00e4towiermaschine Grau"},"content":{"rendered":"<p>Wenn Sie auf der Suche nach einer ma\u00dfgeschneiderten Rotations-Tattoo-Maschine sind, dann suchen Sie nicht weiter. Unsere Shim-Maschine wird mit \u00e4u\u00dferster Sorgfalt und Pr\u00e4zision handgefertigt. Es ist f\u00fcr erfahrene T\u00e4towierer, die die beste Leistung und Qualit\u00e4t verlangen, konzipiert. Dies ist eine der besten <a href=\"https:\/\/rightstuff.eu\/cartridges\/magnum-cartridges\/magnum-cartridge-19m-030\/\">Patronen-Tattoo<\/a> Maschine l\u00e4uft reibungslos und einwandfrei und ist damit ideal f\u00fcr jede T\u00e4towieranwendung.<\/p>","protected":false},"excerpt":{"rendered":"<p><a href=\"https:\/\/rightstuff.eu\/blog\/review-shim-rotary-tattoo-machine-by-rightstuff\/\">Rotierende Tattoo-Maschine<\/a><\/p>\n<p>3,0 \/ 3,5 \/ 3,8 \/ 4,5 mm Hub<br \/>\n10000 UMDREHUNGEN PRO MINUTE<br \/>\nBevorzugte Spannung 5-10 Volt<br \/>\nInklusive 4 Kolbenstangen mit unterschiedlicher Steifigkeit<\/p>\n<p>Empfohlene Nadeln: Bis zu 15 Liner, bis zu 23 Mag<br \/>\nAluminium K\u00f6rper<br \/>\nHochwertiger deutscher Motor<br \/>\nGewicht 53 gr.<br \/>\nNur RCA<\/p>","protected":false},"featured_media":56571,"comment_status":"open","ping_status":"closed","template":"","meta":{"site-sidebar-layout":"default","site-content-layout":"default","ast-site-content-layout":"default","site-content-style":"default","site-sidebar-style":"default","ast-global-header-display":"","ast-banner-title-visibility":"","ast-main-header-display":"","ast-hfb-above-header-display":"","ast-hfb-below-header-display":"","ast-hfb-mobile-header-display":"","site-post-title":"","ast-breadcrumbs-content":"","ast-featured-img":"","footer-sml-layout":"","ast-disable-related-posts":"","theme-transparent-header-meta":"default","adv-header-id-meta":"","stick-header-meta":"default","header-above-stick-meta":"","header-main-stick-meta":"","header-below-stick-meta":"","astra-migrate-meta-layouts":"set","ast-page-background-enabled":"default","ast-page-background-meta":{"desktop":{"background-color":"var(--ast-global-color-4)","background-image":"","background-repeat":"repeat","background-position":"center center","background-size":"auto","background-attachment":"scroll","background-type":"","background-media":"","overlay-type":"","overlay-color":"","overlay-opacity":"","overlay-gradient":""},"tablet":{"background-color":"","background-image":"","background-repeat":"repeat","background-position":"center center","background-size":"auto","background-attachment":"scroll","background-type":"","background-media":"","overlay-type":"","overlay-color":"","overlay-opacity":"","overlay-gradient":""},"mobile":{"background-color":"","background-image":"","background-repeat":"repeat","background-position":"center center","background-size":"auto","background-attachment":"scroll","background-type":"","background-media":"","overlay-type":"","overlay-color":"","overlay-opacity":"","overlay-gradient":""}},"ast-content-background-meta":{"desktop":{"background-color":"var(--ast-global-color-5)","background-image":"","background-repeat":"repeat","background-position":"center center","background-size":"auto","background-attachment":"scroll","background-type":"","background-media":"","overlay-type":"","overlay-color":"","overlay-opacity":"","overlay-gradient":""},"tablet":{"background-color":"var(--ast-global-color-5)","background-image":"","background-repeat":"repeat","background-position":"center center","background-size":"auto","background-attachment":"scroll","background-type":"","background-media":"","overlay-type":"","overlay-color":"","overlay-opacity":"","overlay-gradient":""},"mobile":{"background-color":"var(--ast-global-color-5)","background-image":"","background-repeat":"repeat","background-position":"center center","background-size":"auto","background-attachment":"scroll","background-type":"","background-media":"","overlay-type":"","overlay-color":"","overlay-opacity":"","overlay-gradient":""}}},"product_brand":[],"product_cat":[31],"product_tag":[1804,101,93,83,100,99,87,98,48,1806,97,1792,91,95,72,41],"class_list":{"0":"post-56649","1":"product","2":"type-product","3":"status-publish","4":"has-post-thumbnail","6":"product_cat-shim","7":"product_tag-beginner-tattoo-kits","8":"product_tag-custom-rotary-machines","9":"product_tag-custom-tattoo-guns","10":"product_tag-custom-tattoo-machines","11":"product_tag-handmade-rotary-tattoo-machines","12":"product_tag-handmade-tattoo-machines","13":"product_tag-professional-tattoo-machines","14":"product_tag-rotary-tattoo-guns","15":"product_tag-rotary-tattoo-machine","16":"product_tag-rotary-tattoo-machines","17":"product_tag-rotary-tattoo-pen","18":"product_tag-rotary-tattoomaschinen","19":"product_tag-tattoo-equipment","20":"product_tag-tattoo-guns","21":"product_tag-tattoo-machine-coils","22":"product_tag-tattoo-machines","23":"desktop-align-center","24":"tablet-align-left","25":"mobile-align-left","26":"ast-product-gallery-layout-horizontal-slider","27":"ast-product-single-variable","28":"ast-product-tabs-layout-horizontal","30":"first","31":"outofstock","32":"taxable","33":"shipping-taxable","34":"purchasable","35":"product-type-variable"},"_links":{"self":[{"href":"https:\/\/rightstuff.eu\/de\/wp-json\/wp\/v2\/product\/56649","targetHints":{"allow":["GET"]}}],"collection":[{"href":"https:\/\/rightstuff.eu\/de\/wp-json\/wp\/v2\/product"}],"about":[{"href":"https:\/\/rightstuff.eu\/de\/wp-json\/wp\/v2\/types\/product"}],"replies":[{"embeddable":true,"href":"https:\/\/rightstuff.eu\/de\/wp-json\/wp\/v2\/comments?post=56649"}],"version-history":[{"count":0,"href":"https:\/\/rightstuff.eu\/de\/wp-json\/wp\/v2\/product\/56649\/revisions"}],"wp:featuredmedia":[{"embeddable":true,"href":"https:\/\/rightstuff.eu\/de\/wp-json\/wp\/v2\/media\/56571"}],"wp:attachment":[{"href":"https:\/\/rightstuff.eu\/de\/wp-json\/wp\/v2\/media?parent=56649"}],"wp:term":[{"taxonomy":"product_brand","embeddable":true,"href":"https:\/\/rightstuff.eu\/de\/wp-json\/wp\/v2\/product_brand?post=56649"},{"taxonomy":"product_cat","embeddable":true,"href":"https:\/\/rightstuff.eu\/de\/wp-json\/wp\/v2\/product_cat?post=56649"},{"taxonomy":"product_tag","embeddable":true,"href":"https:\/\/rightstuff.eu\/de\/wp-json\/wp\/v2\/product_tag?post=56649"}],"curies":[{"name":"wp","href":"https:\/\/api.w.org\/{rel}","templated":true}]}}