{"id":56445,"date":"2024-11-27T18:29:17","date_gmt":"2024-11-27T17:29:17","guid":{"rendered":"https:\/\/rightstuff.eu\/?post_type=product&#038;p=56445"},"modified":"2025-08-09T15:54:42","modified_gmt":"2025-08-09T13:54:42","slug":"hornet-honey-stencil","status":"publish","type":"product","link":"https:\/\/rightstuff.eu\/de\/produkt\/hornet-honey-stencil\/","title":{"rendered":"Hornissenhonig-Schablone 250 ml"},"content":{"rendered":"<p>Werden Sie klebrig mit Hornet Honey Stencil!<\/p>\n<p>Diese L\u00f6sung zum Auftragen der Schablone ergibt klare, definierte Linien f\u00fcr eine Schablone, die sich w\u00e4hrend des gesamten T\u00e4towierungstermins nicht verschiebt!<\/p>\n<p>Tragen Sie die Honig-Schablone mit kreisenden Bewegungen auf die Haut auf, platzieren Sie Ihre Schablone und dr\u00fccken Sie sie dann mit einer sanften, festen Bewegung an. Lassen Sie die Schablone 10 Minuten aush\u00e4rten, w\u00e4hrend Sie den s\u00fc\u00dfen Honigduft genie\u00dfen. Vermeiden Sie eine \u00fcberm\u00e4\u00dfige Reinigung, damit Sie stundenlang t\u00e4towieren k\u00f6nnen, ohne dass Ihre Schablone Schaden nimmt.<\/p>\n<p><strong>Hauptmerkmale:<\/strong><\/p>\n<ul>\n<li>Inhalt: 250 ml<\/li>\n<\/ul>","protected":false},"excerpt":{"rendered":"<p>Diese L\u00f6sung zum Auftragen der Schablone ergibt klare, definierte Linien f\u00fcr eine Schablone, die sich w\u00e4hrend des gesamten T\u00e4towierungstermins nicht verschiebt!<\/p>","protected":false},"featured_media":57504,"comment_status":"open","ping_status":"closed","template":"","meta":{"site-sidebar-layout":"default","site-content-layout":"","ast-site-content-layout":"default","site-content-style":"default","site-sidebar-style":"default","ast-global-header-display":"","ast-banner-title-visibility":"","ast-main-header-display":"","ast-hfb-above-header-display":"","ast-hfb-below-header-display":"","ast-hfb-mobile-header-display":"","site-post-title":"","ast-breadcrumbs-content":"","ast-featured-img":"","footer-sml-layout":"","ast-disable-related-posts":"","theme-transparent-header-meta":"default","adv-header-id-meta":"","stick-header-meta":"default","header-above-stick-meta":"","header-main-stick-meta":"","header-below-stick-meta":"","astra-migrate-meta-layouts":"set","ast-page-background-enabled":"default","ast-page-background-meta":{"desktop":{"background-color":"var(--ast-global-color-4)","background-image":"","background-repeat":"repeat","background-position":"center center","background-size":"auto","background-attachment":"scroll","background-type":"","background-media":"","overlay-type":"","overlay-color":"","overlay-opacity":"","overlay-gradient":""},"tablet":{"background-color":"","background-image":"","background-repeat":"repeat","background-position":"center center","background-size":"auto","background-attachment":"scroll","background-type":"","background-media":"","overlay-type":"","overlay-color":"","overlay-opacity":"","overlay-gradient":""},"mobile":{"background-color":"","background-image":"","background-repeat":"repeat","background-position":"center center","background-size":"auto","background-attachment":"scroll","background-type":"","background-media":"","overlay-type":"","overlay-color":"","overlay-opacity":"","overlay-gradient":""}},"ast-content-background-meta":{"desktop":{"background-color":"var(--ast-global-color-5)","background-image":"","background-repeat":"repeat","background-position":"center center","background-size":"auto","background-attachment":"scroll","background-type":"","background-media":"","overlay-type":"","overlay-color":"","overlay-opacity":"","overlay-gradient":""},"tablet":{"background-color":"var(--ast-global-color-5)","background-image":"","background-repeat":"repeat","background-position":"center center","background-size":"auto","background-attachment":"scroll","background-type":"","background-media":"","overlay-type":"","overlay-color":"","overlay-opacity":"","overlay-gradient":""},"mobile":{"background-color":"var(--ast-global-color-5)","background-image":"","background-repeat":"repeat","background-position":"center center","background-size":"auto","background-attachment":"scroll","background-type":"","background-media":"","overlay-type":"","overlay-color":"","overlay-opacity":"","overlay-gradient":""}}},"product_brand":[2009],"product_cat":[1985,1986],"product_tag":[],"class_list":{"0":"post-56445","1":"product","2":"type-product","3":"status-publish","4":"has-post-thumbnail","6":"product_brand-hornet","7":"product_cat-tattoo-supply","8":"product_cat-transfer","9":"desktop-align-center","10":"tablet-align-left","11":"mobile-align-left","12":"ast-product-gallery-layout-horizontal-slider","13":"ast-product-gallery-with-no-image","14":"ast-product-tabs-layout-horizontal","16":"first","17":"outofstock","18":"taxable","19":"shipping-taxable","20":"purchasable","21":"product-type-simple"},"_links":{"self":[{"href":"https:\/\/rightstuff.eu\/de\/wp-json\/wp\/v2\/product\/56445","targetHints":{"allow":["GET"]}}],"collection":[{"href":"https:\/\/rightstuff.eu\/de\/wp-json\/wp\/v2\/product"}],"about":[{"href":"https:\/\/rightstuff.eu\/de\/wp-json\/wp\/v2\/types\/product"}],"replies":[{"embeddable":true,"href":"https:\/\/rightstuff.eu\/de\/wp-json\/wp\/v2\/comments?post=56445"}],"version-history":[{"count":0,"href":"https:\/\/rightstuff.eu\/de\/wp-json\/wp\/v2\/product\/56445\/revisions"}],"wp:featuredmedia":[{"embeddable":true,"href":"https:\/\/rightstuff.eu\/de\/wp-json\/wp\/v2\/media\/57504"}],"wp:attachment":[{"href":"https:\/\/rightstuff.eu\/de\/wp-json\/wp\/v2\/media?parent=56445"}],"wp:term":[{"taxonomy":"product_brand","embeddable":true,"href":"https:\/\/rightstuff.eu\/de\/wp-json\/wp\/v2\/product_brand?post=56445"},{"taxonomy":"product_cat","embeddable":true,"href":"https:\/\/rightstuff.eu\/de\/wp-json\/wp\/v2\/product_cat?post=56445"},{"taxonomy":"product_tag","embeddable":true,"href":"https:\/\/rightstuff.eu\/de\/wp-json\/wp\/v2\/product_tag?post=56445"}],"curies":[{"name":"wp","href":"https:\/\/api.w.org\/{rel}","templated":true}]}}