{"id":56288,"date":"2024-11-22T17:14:20","date_gmt":"2024-11-22T16:14:20","guid":{"rendered":"https:\/\/rightstuff.eu\/?post_type=product&#038;p=56288"},"modified":"2024-11-22T17:16:41","modified_gmt":"2024-11-22T16:16:41","slug":"eternal-ink-rich-espresso","status":"publish","type":"product","link":"https:\/\/rightstuff.eu\/de\/produkt\/eternal-ink-rich-espresso\/","title":{"rendered":"Ewige Tinte - Reichhaltiger Espresso (30 ml)"},"content":{"rendered":"<p>Dieser Farbton von Eternal Ink Rich Espresso Brown ist eine hervorragende Option f\u00fcr eine Vielzahl von Tattoo-Designs, vor allem aber f\u00fcr Portr\u00e4t-Tattoos, da sich die Farbe leicht mischen l\u00e4sst. Die Farbe eignet sich hervorragend zur Schattierung von Gesichtsdetails, um ihnen Tiefe zu verleihen, und sie l\u00e4sst sich hervorragend in eine Vielzahl von Haarfarben integrieren, oder sogar als Grundlage f\u00fcr ein schokoladenfarbenes Haustierportr\u00e4t, um das Sie vielleicht gebeten wurden. Die M\u00f6glichkeiten sind nahezu endlos, und wir tun so viel wie m\u00f6glich, um sicherzustellen, dass die Tinte Sie nicht im Stich l\u00e4sst. Es handelt sich um eine ungiftige, organische Tinte, die in verschiedenen Gr\u00f6\u00dfen erh\u00e4ltlich ist, damit Sie alles haben, was Sie brauchen. Wir stellen auch sicher, dass die Tinte sterilisiert und niemals eingefroren wird, damit alles, was Sie bestellen, sauber und frisch ist.<\/p>","protected":false},"excerpt":{"rendered":"<p>Dieser Farbton von Eternal Ink Rich Espresso brown eignet sich hervorragend f\u00fcr eine Vielzahl von Tattoo-Designs, vor allem aber f\u00fcr Portr\u00e4t-Tattoos, da sich die Farbe leicht mischen l\u00e4sst.<\/p>","protected":false},"featured_media":56266,"comment_status":"closed","ping_status":"closed","template":"","meta":{"site-sidebar-layout":"default","site-content-layout":"","ast-site-content-layout":"default","site-content-style":"default","site-sidebar-style":"default","ast-global-header-display":"","ast-banner-title-visibility":"","ast-main-header-display":"","ast-hfb-above-header-display":"","ast-hfb-below-header-display":"","ast-hfb-mobile-header-display":"","site-post-title":"","ast-breadcrumbs-content":"","ast-featured-img":"","footer-sml-layout":"","ast-disable-related-posts":"","theme-transparent-header-meta":"default","adv-header-id-meta":"","stick-header-meta":"default","header-above-stick-meta":"","header-main-stick-meta":"","header-below-stick-meta":"","astra-migrate-meta-layouts":"set","ast-page-background-enabled":"default","ast-page-background-meta":{"desktop":{"background-color":"var(--ast-global-color-4)","background-image":"","background-repeat":"repeat","background-position":"center center","background-size":"auto","background-attachment":"scroll","background-type":"","background-media":"","overlay-type":"","overlay-color":"","overlay-opacity":"","overlay-gradient":""},"tablet":{"background-color":"","background-image":"","background-repeat":"repeat","background-position":"center center","background-size":"auto","background-attachment":"scroll","background-type":"","background-media":"","overlay-type":"","overlay-color":"","overlay-opacity":"","overlay-gradient":""},"mobile":{"background-color":"","background-image":"","background-repeat":"repeat","background-position":"center center","background-size":"auto","background-attachment":"scroll","background-type":"","background-media":"","overlay-type":"","overlay-color":"","overlay-opacity":"","overlay-gradient":""}},"ast-content-background-meta":{"desktop":{"background-color":"var(--ast-global-color-5)","background-image":"","background-repeat":"repeat","background-position":"center center","background-size":"auto","background-attachment":"scroll","background-type":"","background-media":"","overlay-type":"","overlay-color":"","overlay-opacity":"","overlay-gradient":""},"tablet":{"background-color":"var(--ast-global-color-5)","background-image":"","background-repeat":"repeat","background-position":"center center","background-size":"auto","background-attachment":"scroll","background-type":"","background-media":"","overlay-type":"","overlay-color":"","overlay-opacity":"","overlay-gradient":""},"mobile":{"background-color":"var(--ast-global-color-5)","background-image":"","background-repeat":"repeat","background-position":"center center","background-size":"auto","background-attachment":"scroll","background-type":"","background-media":"","overlay-type":"","overlay-color":"","overlay-opacity":"","overlay-gradient":""}}},"product_brand":[],"product_cat":[1956,1965],"product_tag":[1971,1962,1954],"class_list":{"0":"post-56288","1":"product","2":"type-product","3":"status-publish","4":"has-post-thumbnail","6":"product_cat-inks","7":"product_cat-eternal-ink","8":"product_tag-brown-ink","9":"product_tag-eternal","10":"product_tag-ink","11":"desktop-align-center","12":"tablet-align-left","13":"mobile-align-left","14":"ast-product-gallery-layout-horizontal-slider","15":"ast-product-gallery-with-no-image","16":"ast-product-tabs-layout-horizontal","18":"first","19":"instock","20":"taxable","21":"shipping-taxable","22":"purchasable","23":"product-type-simple"},"_links":{"self":[{"href":"https:\/\/rightstuff.eu\/de\/wp-json\/wp\/v2\/product\/56288","targetHints":{"allow":["GET"]}}],"collection":[{"href":"https:\/\/rightstuff.eu\/de\/wp-json\/wp\/v2\/product"}],"about":[{"href":"https:\/\/rightstuff.eu\/de\/wp-json\/wp\/v2\/types\/product"}],"replies":[{"embeddable":true,"href":"https:\/\/rightstuff.eu\/de\/wp-json\/wp\/v2\/comments?post=56288"}],"version-history":[{"count":0,"href":"https:\/\/rightstuff.eu\/de\/wp-json\/wp\/v2\/product\/56288\/revisions"}],"wp:featuredmedia":[{"embeddable":true,"href":"https:\/\/rightstuff.eu\/de\/wp-json\/wp\/v2\/media\/56266"}],"wp:attachment":[{"href":"https:\/\/rightstuff.eu\/de\/wp-json\/wp\/v2\/media?parent=56288"}],"wp:term":[{"taxonomy":"product_brand","embeddable":true,"href":"https:\/\/rightstuff.eu\/de\/wp-json\/wp\/v2\/product_brand?post=56288"},{"taxonomy":"product_cat","embeddable":true,"href":"https:\/\/rightstuff.eu\/de\/wp-json\/wp\/v2\/product_cat?post=56288"},{"taxonomy":"product_tag","embeddable":true,"href":"https:\/\/rightstuff.eu\/de\/wp-json\/wp\/v2\/product_tag?post=56288"}],"curies":[{"name":"wp","href":"https:\/\/api.w.org\/{rel}","templated":true}]}}