{"id":56285,"date":"2024-11-22T17:09:55","date_gmt":"2024-11-22T16:09:55","guid":{"rendered":"https:\/\/rightstuff.eu\/?post_type=product&#038;p=56285"},"modified":"2024-11-22T17:12:03","modified_gmt":"2024-11-22T16:12:03","slug":"eternal-ink-avocado","status":"publish","type":"product","link":"https:\/\/rightstuff.eu\/de\/produkt\/eternal-ink-avocado\/","title":{"rendered":"Ewige Tinte - Avocado (30 ml)"},"content":{"rendered":"<p>Bei der Suche nach einem neutralen Gr\u00fcnton kann Avocado eine ideale Wahl sein. Die Farbe l\u00e4sst sich gut mit anderen Gr\u00fcn- und Braunt\u00f6nen kombinieren, da sie viel w\u00e4rmer und weicher ist als einige der Alternativen. Dies kann eine gute Option f\u00fcr gro\u00dfe Farbbl\u00f6cke oder subtilere Details und \u00dcberg\u00e4nge sein. Die Tinte selbst ist sehr sanft zur Haut, d. h. es ist unwahrscheinlich, dass sie bei Ihren Kunden eine Reaktion oder Reizung hervorruft, da die bei der Herstellung der Tinte verwendeten nat\u00fcrlichen Materialien eine organische, ungiftige Option darstellen. Wie bei allen unseren Tinten stellen wir sicher, dass sie niemals eingefroren wird, d. h. Sie k\u00f6nnen sicher sein, dass sie frisch ist, und wir sterilisieren sie, um Irritationen oder Infektionen zu vermeiden.<\/p>","protected":false},"excerpt":{"rendered":"<p>Wenn Sie einen neutralen Gr\u00fcnton suchen, kann Eternal Ink Avocado eine ideale Wahl sein. Die Farbe l\u00e4sst sich gut mit anderen Gr\u00fcn- und Braunt\u00f6nen kombinieren, da sie ein viel w\u00e4rmeres und weicheres Gr\u00fcn ist als einige der Alternativen.<\/p>","protected":false},"featured_media":56265,"comment_status":"closed","ping_status":"closed","template":"","meta":{"site-sidebar-layout":"default","site-content-layout":"","ast-site-content-layout":"default","site-content-style":"default","site-sidebar-style":"default","ast-global-header-display":"","ast-banner-title-visibility":"","ast-main-header-display":"","ast-hfb-above-header-display":"","ast-hfb-below-header-display":"","ast-hfb-mobile-header-display":"","site-post-title":"","ast-breadcrumbs-content":"","ast-featured-img":"","footer-sml-layout":"","ast-disable-related-posts":"","theme-transparent-header-meta":"default","adv-header-id-meta":"","stick-header-meta":"default","header-above-stick-meta":"","header-main-stick-meta":"","header-below-stick-meta":"","astra-migrate-meta-layouts":"set","ast-page-background-enabled":"default","ast-page-background-meta":{"desktop":{"background-color":"var(--ast-global-color-4)","background-image":"","background-repeat":"repeat","background-position":"center center","background-size":"auto","background-attachment":"scroll","background-type":"","background-media":"","overlay-type":"","overlay-color":"","overlay-opacity":"","overlay-gradient":""},"tablet":{"background-color":"","background-image":"","background-repeat":"repeat","background-position":"center center","background-size":"auto","background-attachment":"scroll","background-type":"","background-media":"","overlay-type":"","overlay-color":"","overlay-opacity":"","overlay-gradient":""},"mobile":{"background-color":"","background-image":"","background-repeat":"repeat","background-position":"center center","background-size":"auto","background-attachment":"scroll","background-type":"","background-media":"","overlay-type":"","overlay-color":"","overlay-opacity":"","overlay-gradient":""}},"ast-content-background-meta":{"desktop":{"background-color":"var(--ast-global-color-5)","background-image":"","background-repeat":"repeat","background-position":"center center","background-size":"auto","background-attachment":"scroll","background-type":"","background-media":"","overlay-type":"","overlay-color":"","overlay-opacity":"","overlay-gradient":""},"tablet":{"background-color":"var(--ast-global-color-5)","background-image":"","background-repeat":"repeat","background-position":"center center","background-size":"auto","background-attachment":"scroll","background-type":"","background-media":"","overlay-type":"","overlay-color":"","overlay-opacity":"","overlay-gradient":""},"mobile":{"background-color":"var(--ast-global-color-5)","background-image":"","background-repeat":"repeat","background-position":"center center","background-size":"auto","background-attachment":"scroll","background-type":"","background-media":"","overlay-type":"","overlay-color":"","overlay-opacity":"","overlay-gradient":""}}},"product_brand":[],"product_cat":[1956,1965],"product_tag":[1962,1970,1954],"class_list":{"0":"post-56285","1":"product","2":"type-product","3":"status-publish","4":"has-post-thumbnail","6":"product_cat-inks","7":"product_cat-eternal-ink","8":"product_tag-eternal","9":"product_tag-green-ink","10":"product_tag-ink","11":"desktop-align-center","12":"tablet-align-left","13":"mobile-align-left","14":"ast-product-gallery-layout-horizontal-slider","15":"ast-product-gallery-with-no-image","16":"ast-product-tabs-layout-horizontal","18":"first","19":"instock","20":"taxable","21":"shipping-taxable","22":"purchasable","23":"product-type-simple"},"_links":{"self":[{"href":"https:\/\/rightstuff.eu\/de\/wp-json\/wp\/v2\/product\/56285","targetHints":{"allow":["GET"]}}],"collection":[{"href":"https:\/\/rightstuff.eu\/de\/wp-json\/wp\/v2\/product"}],"about":[{"href":"https:\/\/rightstuff.eu\/de\/wp-json\/wp\/v2\/types\/product"}],"replies":[{"embeddable":true,"href":"https:\/\/rightstuff.eu\/de\/wp-json\/wp\/v2\/comments?post=56285"}],"version-history":[{"count":0,"href":"https:\/\/rightstuff.eu\/de\/wp-json\/wp\/v2\/product\/56285\/revisions"}],"wp:featuredmedia":[{"embeddable":true,"href":"https:\/\/rightstuff.eu\/de\/wp-json\/wp\/v2\/media\/56265"}],"wp:attachment":[{"href":"https:\/\/rightstuff.eu\/de\/wp-json\/wp\/v2\/media?parent=56285"}],"wp:term":[{"taxonomy":"product_brand","embeddable":true,"href":"https:\/\/rightstuff.eu\/de\/wp-json\/wp\/v2\/product_brand?post=56285"},{"taxonomy":"product_cat","embeddable":true,"href":"https:\/\/rightstuff.eu\/de\/wp-json\/wp\/v2\/product_cat?post=56285"},{"taxonomy":"product_tag","embeddable":true,"href":"https:\/\/rightstuff.eu\/de\/wp-json\/wp\/v2\/product_tag?post=56285"}],"curies":[{"name":"wp","href":"https:\/\/api.w.org\/{rel}","templated":true}]}}