{"id":56256,"date":"2024-11-22T15:31:41","date_gmt":"2024-11-22T14:31:41","guid":{"rendered":"https:\/\/rightstuff.eu\/?post_type=product&#038;p=56256"},"modified":"2026-02-23T12:41:36","modified_gmt":"2026-02-23T11:41:36","slug":"eternal-white","status":"publish","type":"product","link":"https:\/\/rightstuff.eu\/de\/produkt\/eternal-white\/","title":{"rendered":"Ewige Tinte - Wei\u00df (120 ml)"},"content":{"rendered":"<p>Wei\u00df ist eine kr\u00e4ftige und attraktive Farbe, die gut mit einer Vielzahl von verschiedenen Tattoo-Designs verwendet werden kann, um das attraktive Aussehen zu erzeugen, das Sie sich von Ihren Tattoo-Designs erhoffen. Die Farbe ist als Teil der Eternal Inks Classic Primary Colors Reihe erh\u00e4ltlich. Sie ist ein kr\u00e4ftiger und lebendiger Wei\u00dfton, der perfekt die Farbe wiedergibt, die man von ihm erwarten w\u00fcrde. Sie ist in einer Auswahl der beliebtesten Gr\u00f6\u00dfen erh\u00e4ltlich, was bedeutet, dass Sie so viel bestellen k\u00f6nnen, wie Sie ben\u00f6tigen, unabh\u00e4ngig davon, wie viel oder wie oft Sie sie verwenden m\u00f6chten. Wie alle Eternal-Tinten ist auch diese Tinte organisch, ungiftig und langlebig, so dass Sie sicher sein k\u00f6nnen, dass sie gut abheilt und auf der Haut nat\u00fcrlich aussieht.<\/p>","protected":false},"excerpt":{"rendered":"<p>Ewige Tattoo-Tinte Wei\u00df<\/p>","protected":false},"featured_media":56544,"comment_status":"closed","ping_status":"closed","template":"","meta":{"site-sidebar-layout":"default","site-content-layout":"","ast-site-content-layout":"default","site-content-style":"default","site-sidebar-style":"default","ast-global-header-display":"","ast-banner-title-visibility":"","ast-main-header-display":"","ast-hfb-above-header-display":"","ast-hfb-below-header-display":"","ast-hfb-mobile-header-display":"","site-post-title":"","ast-breadcrumbs-content":"","ast-featured-img":"","footer-sml-layout":"","ast-disable-related-posts":"","theme-transparent-header-meta":"default","adv-header-id-meta":"","stick-header-meta":"default","header-above-stick-meta":"","header-main-stick-meta":"","header-below-stick-meta":"","astra-migrate-meta-layouts":"set","ast-page-background-enabled":"default","ast-page-background-meta":{"desktop":{"background-color":"var(--ast-global-color-4)","background-image":"","background-repeat":"repeat","background-position":"center center","background-size":"auto","background-attachment":"scroll","background-type":"","background-media":"","overlay-type":"","overlay-color":"","overlay-opacity":"","overlay-gradient":""},"tablet":{"background-color":"","background-image":"","background-repeat":"repeat","background-position":"center center","background-size":"auto","background-attachment":"scroll","background-type":"","background-media":"","overlay-type":"","overlay-color":"","overlay-opacity":"","overlay-gradient":""},"mobile":{"background-color":"","background-image":"","background-repeat":"repeat","background-position":"center center","background-size":"auto","background-attachment":"scroll","background-type":"","background-media":"","overlay-type":"","overlay-color":"","overlay-opacity":"","overlay-gradient":""}},"ast-content-background-meta":{"desktop":{"background-color":"var(--ast-global-color-5)","background-image":"","background-repeat":"repeat","background-position":"center center","background-size":"auto","background-attachment":"scroll","background-type":"","background-media":"","overlay-type":"","overlay-color":"","overlay-opacity":"","overlay-gradient":""},"tablet":{"background-color":"var(--ast-global-color-5)","background-image":"","background-repeat":"repeat","background-position":"center center","background-size":"auto","background-attachment":"scroll","background-type":"","background-media":"","overlay-type":"","overlay-color":"","overlay-opacity":"","overlay-gradient":""},"mobile":{"background-color":"var(--ast-global-color-5)","background-image":"","background-repeat":"repeat","background-position":"center center","background-size":"auto","background-attachment":"scroll","background-type":"","background-media":"","overlay-type":"","overlay-color":"","overlay-opacity":"","overlay-gradient":""}}},"product_brand":[],"product_cat":[1956,1964,1965],"product_tag":[1962,1954,1963],"class_list":{"0":"post-56256","1":"product","2":"type-product","3":"status-publish","4":"has-post-thumbnail","6":"product_cat-inks","7":"product_cat-black-white-inks","8":"product_cat-eternal-ink","9":"product_tag-eternal","10":"product_tag-ink","11":"product_tag-white-ink","12":"desktop-align-center","13":"tablet-align-left","14":"mobile-align-left","15":"ast-product-gallery-layout-horizontal-slider","16":"ast-product-gallery-with-no-image","17":"ast-product-tabs-layout-horizontal","19":"first","20":"instock","21":"taxable","22":"shipping-taxable","23":"purchasable","24":"product-type-simple"},"_links":{"self":[{"href":"https:\/\/rightstuff.eu\/de\/wp-json\/wp\/v2\/product\/56256","targetHints":{"allow":["GET"]}}],"collection":[{"href":"https:\/\/rightstuff.eu\/de\/wp-json\/wp\/v2\/product"}],"about":[{"href":"https:\/\/rightstuff.eu\/de\/wp-json\/wp\/v2\/types\/product"}],"replies":[{"embeddable":true,"href":"https:\/\/rightstuff.eu\/de\/wp-json\/wp\/v2\/comments?post=56256"}],"version-history":[{"count":0,"href":"https:\/\/rightstuff.eu\/de\/wp-json\/wp\/v2\/product\/56256\/revisions"}],"wp:featuredmedia":[{"embeddable":true,"href":"https:\/\/rightstuff.eu\/de\/wp-json\/wp\/v2\/media\/56544"}],"wp:attachment":[{"href":"https:\/\/rightstuff.eu\/de\/wp-json\/wp\/v2\/media?parent=56256"}],"wp:term":[{"taxonomy":"product_brand","embeddable":true,"href":"https:\/\/rightstuff.eu\/de\/wp-json\/wp\/v2\/product_brand?post=56256"},{"taxonomy":"product_cat","embeddable":true,"href":"https:\/\/rightstuff.eu\/de\/wp-json\/wp\/v2\/product_cat?post=56256"},{"taxonomy":"product_tag","embeddable":true,"href":"https:\/\/rightstuff.eu\/de\/wp-json\/wp\/v2\/product_tag?post=56256"}],"curies":[{"name":"wp","href":"https:\/\/api.w.org\/{rel}","templated":true}]}}