{"id":56229,"date":"2024-11-20T18:51:49","date_gmt":"2024-11-20T17:51:49","guid":{"rendered":"https:\/\/rightstuff.eu\/?post_type=product&#038;p=56229"},"modified":"2026-01-13T14:52:24","modified_gmt":"2026-01-13T13:52:24","slug":"dynamic-grey-wash-set","status":"publish","type":"product","link":"https:\/\/rightstuff.eu\/de\/produkt\/dynamic-grey-wash-set\/","title":{"rendered":"Dynamic Grey Wash Set - T\u00e4towiertinte (120 ml)"},"content":{"rendered":"<p>Dynamic Ink pr\u00e4sentiert ihr lang erwartetes Greywash Set mit 4 einzigartigen Mischungen f\u00fcr die Perfektionierung von Schwarz und Grau. Dieses Set wurde unter Verwendung der Original-Schwarzformel entwickelt, die eine der beliebtesten und am h\u00e4ufigsten verwendeten Schwarztinten auf dem Markt ist.<\/p>\n<p>Dynamic ist bekannt f\u00fcr seine Tinten von hervorragender Qualit\u00e4t, die mit reinstem Wasser in Krankenhausqualit\u00e4t hergestellt werden, das w\u00e4hrend des Herstellungsprozesses in der Fabrik gefiltert, destilliert und UV-sterilisiert wird. Das macht die #00-Mischl\u00f6sung in ihren Waschmitteln zu einer der reinsten und garantiert stabile Qualit\u00e4t und Konsistenz in jeder Flasche.<\/p>\n<p>Hergestellt nach den h\u00f6chsten Standards und mit einem Zusatz von Zaubernuss, wird dieses Grauwaschset neue Ma\u00dfst\u00e4be in der Branche setzen. Flaschengr\u00f6\u00dfe: 4oz.<\/p>\n<p><b>Dieses Dynamic Greywash Set enth\u00e4lt:<\/b><\/p>\n<p>#20 - Eine d\u00fcnne W\u00e4sche und die leichteste der Serie.<br \/>\n#40 - Ein sanfter, heller bis mitteltoniger Waschton.<br \/>\n#60 - Eine tiefe und seidige Waschung in mittlerem Farbton.<br \/>\n#80 - Die dunkelste Farbe der Serie, eine tiefe und vollmundige Farbe.<\/p>\n<figure id=\"attachment_56231\" aria-describedby=\"caption-attachment-56231\" style=\"width: 300px\" class=\"wp-caption alignnone\"><img fetchpriority=\"high\" decoding=\"async\" class=\"size-medium wp-image-56231\" src=\"https:\/\/rightstuff.eu\/wp-content\/uploads\/2024\/11\/4oz_colorset_greywash_front-1-300x300.jpg\" alt=\"Dynamic Ink Grey Wash Set\" width=\"300\" height=\"300\" title=\"\" srcset=\"https:\/\/rightstuff.eu\/wp-content\/uploads\/2024\/11\/4oz_colorset_greywash_front-1-300x300.jpg 300w, https:\/\/rightstuff.eu\/wp-content\/uploads\/2024\/11\/4oz_colorset_greywash_front-1-100x100.jpg 100w, https:\/\/rightstuff.eu\/wp-content\/uploads\/2024\/11\/4oz_colorset_greywash_front-1-600x600.jpg 600w, https:\/\/rightstuff.eu\/wp-content\/uploads\/2024\/11\/4oz_colorset_greywash_front-1-1024x1024.jpg 1024w, https:\/\/rightstuff.eu\/wp-content\/uploads\/2024\/11\/4oz_colorset_greywash_front-1-150x150.jpg 150w, https:\/\/rightstuff.eu\/wp-content\/uploads\/2024\/11\/4oz_colorset_greywash_front-1-768x768.jpg 768w, https:\/\/rightstuff.eu\/wp-content\/uploads\/2024\/11\/4oz_colorset_greywash_front-1-12x12.jpg 12w, https:\/\/rightstuff.eu\/wp-content\/uploads\/2024\/11\/4oz_colorset_greywash_front-1.jpg 1200w\" sizes=\"(max-width: 300px) 100vw, 300px\" \/><figcaption id=\"caption-attachment-56231\" class=\"wp-caption-text\">Dynamic Ink Grey Wash Set<\/figcaption><\/figure>","protected":false},"excerpt":{"rendered":"<p><b>Dieses Dynamic Greywash Set enth\u00e4lt:<\/b><\/p>\n<p>#20 - Eine d\u00fcnne W\u00e4sche und die leichteste der Serie.<br \/>\n#40 - Ein sanfter, heller bis mitteltoniger Waschton.<br \/>\n#60 - Eine tiefe und seidige Waschung in mittlerem Farbton.<br \/>\n#80 - Die dunkelste Farbe der Serie, eine tiefe und vollmundige Farbe.<\/p>","protected":false},"featured_media":56464,"comment_status":"closed","ping_status":"closed","template":"","meta":{"site-sidebar-layout":"default","site-content-layout":"","ast-site-content-layout":"default","site-content-style":"default","site-sidebar-style":"default","ast-global-header-display":"","ast-banner-title-visibility":"","ast-main-header-display":"","ast-hfb-above-header-display":"","ast-hfb-below-header-display":"","ast-hfb-mobile-header-display":"","site-post-title":"","ast-breadcrumbs-content":"","ast-featured-img":"","footer-sml-layout":"","ast-disable-related-posts":"","theme-transparent-header-meta":"default","adv-header-id-meta":"","stick-header-meta":"default","header-above-stick-meta":"","header-main-stick-meta":"","header-below-stick-meta":"","astra-migrate-meta-layouts":"set","ast-page-background-enabled":"default","ast-page-background-meta":{"desktop":{"background-color":"var(--ast-global-color-4)","background-image":"","background-repeat":"repeat","background-position":"center center","background-size":"auto","background-attachment":"scroll","background-type":"","background-media":"","overlay-type":"","overlay-color":"","overlay-opacity":"","overlay-gradient":""},"tablet":{"background-color":"","background-image":"","background-repeat":"repeat","background-position":"center center","background-size":"auto","background-attachment":"scroll","background-type":"","background-media":"","overlay-type":"","overlay-color":"","overlay-opacity":"","overlay-gradient":""},"mobile":{"background-color":"","background-image":"","background-repeat":"repeat","background-position":"center center","background-size":"auto","background-attachment":"scroll","background-type":"","background-media":"","overlay-type":"","overlay-color":"","overlay-opacity":"","overlay-gradient":""}},"ast-content-background-meta":{"desktop":{"background-color":"var(--ast-global-color-5)","background-image":"","background-repeat":"repeat","background-position":"center center","background-size":"auto","background-attachment":"scroll","background-type":"","background-media":"","overlay-type":"","overlay-color":"","overlay-opacity":"","overlay-gradient":""},"tablet":{"background-color":"var(--ast-global-color-5)","background-image":"","background-repeat":"repeat","background-position":"center center","background-size":"auto","background-attachment":"scroll","background-type":"","background-media":"","overlay-type":"","overlay-color":"","overlay-opacity":"","overlay-gradient":""},"mobile":{"background-color":"var(--ast-global-color-5)","background-image":"","background-repeat":"repeat","background-position":"center center","background-size":"auto","background-attachment":"scroll","background-type":"","background-media":"","overlay-type":"","overlay-color":"","overlay-opacity":"","overlay-gradient":""}}},"product_brand":[],"product_cat":[1956,1964],"product_tag":[1958,1954],"class_list":{"0":"post-56229","1":"product","2":"type-product","3":"status-publish","4":"has-post-thumbnail","6":"product_cat-inks","7":"product_cat-black-white-inks","8":"product_tag-dynamic","9":"product_tag-ink","10":"desktop-align-center","11":"tablet-align-left","12":"mobile-align-left","13":"ast-product-gallery-layout-horizontal-slider","14":"ast-product-gallery-with-no-image","15":"ast-product-tabs-layout-horizontal","17":"first","18":"instock","19":"taxable","20":"shipping-taxable","21":"purchasable","22":"product-type-simple"},"_links":{"self":[{"href":"https:\/\/rightstuff.eu\/de\/wp-json\/wp\/v2\/product\/56229","targetHints":{"allow":["GET"]}}],"collection":[{"href":"https:\/\/rightstuff.eu\/de\/wp-json\/wp\/v2\/product"}],"about":[{"href":"https:\/\/rightstuff.eu\/de\/wp-json\/wp\/v2\/types\/product"}],"replies":[{"embeddable":true,"href":"https:\/\/rightstuff.eu\/de\/wp-json\/wp\/v2\/comments?post=56229"}],"version-history":[{"count":0,"href":"https:\/\/rightstuff.eu\/de\/wp-json\/wp\/v2\/product\/56229\/revisions"}],"wp:featuredmedia":[{"embeddable":true,"href":"https:\/\/rightstuff.eu\/de\/wp-json\/wp\/v2\/media\/56464"}],"wp:attachment":[{"href":"https:\/\/rightstuff.eu\/de\/wp-json\/wp\/v2\/media?parent=56229"}],"wp:term":[{"taxonomy":"product_brand","embeddable":true,"href":"https:\/\/rightstuff.eu\/de\/wp-json\/wp\/v2\/product_brand?post=56229"},{"taxonomy":"product_cat","embeddable":true,"href":"https:\/\/rightstuff.eu\/de\/wp-json\/wp\/v2\/product_cat?post=56229"},{"taxonomy":"product_tag","embeddable":true,"href":"https:\/\/rightstuff.eu\/de\/wp-json\/wp\/v2\/product_tag?post=56229"}],"curies":[{"name":"wp","href":"https:\/\/api.w.org\/{rel}","templated":true}]}}