{"id":56122,"date":"2024-09-27T00:59:01","date_gmt":"2024-09-26T22:59:01","guid":{"rendered":"https:\/\/rightstuff.eu\/?post_type=product&#038;p=56122"},"modified":"2025-07-15T14:29:49","modified_gmt":"2025-07-15T12:29:49","slug":"minidozzer-trueliner-rs-x-stm","status":"publish","type":"product","link":"https:\/\/rightstuff.eu\/de\/produkt\/minidozzer-trueliner-rs-x-stm\/","title":{"rendered":"miniDOZZER TrueLiner RS x STM"},"content":{"rendered":"<p>Die K\u00fcnstler, die gerade ihre ersten sch\u00fcchternen Schritte in einem Gesch\u00e4ft machen, das sich T\u00e4towieren nennt, machen oft den gr\u00f6\u00dften Fehler. Sie fangen an, an der Ausr\u00fcstung zu sparen, und versuchen sogar, kommerziell hergestellte Ger\u00e4te durch selbstgebaute zu ersetzen. Um jedem Meister, der mit Hautbildern arbeitet, zu helfen, bietet der Right Stuff Store ihnen die Bestellung einer preiswerten miniDOZZER TrueLiner Tattoo Maschine an. Im Gegensatz zu sehr billigen, leichten, unprofessionellen Ger\u00e4ten zeichnet sich dieses Ger\u00e4t durch eine l\u00e4ngere Lebensdauer und die beste Qualit\u00e4t bei der Erstellung gleichm\u00e4\u00dfiger Linien und klarer Bilder ohne Verwischungen aus.<\/p>\n<p>Dieser Artikel mit 26 mm dicken Spulen und 9 Windungen, dessen Rahmen aus patinierter Bronze gefertigt ist, wiegt 220 Gramm. Das mag dir zun\u00e4chst ein bisschen schwer erscheinen. Aber dieses Ger\u00e4t ist genau auf deine Bequemlichkeit ausgelegt, so dass du bald Freude an der Maschine haben wirst. Wenn du eine Tattoo-Kontur f\u00fcr einen Kunden erstellst, sp\u00fcrst du keine Vibration oder nur ein ganz leichtes Sch\u00fctteln. Verwende 7 -14 Rl Nadeln mit diesem Liner; betreibe ihn mit einer Frequenz von 140 Hz und einer Spannung von 6,5 V.<\/p>","protected":false},"excerpt":{"rendered":"<p>Der Rahmen ist aus einem einzigen St\u00fcck Messing gefr\u00e4st<\/p>\n<p>Carved and engraved by Sancez \u2013 STM Tattoo Machine<\/p>\n<p>Carving may differ from the one shown on the photo<br \/>\nHigh quality custom coils \u2013 26 mm * 8 wraps<br \/>\nHardware aus Stahl<br \/>\nBevorzugte Nadeln 7-14rl<br \/>\nLanger Hub<br \/>\nRuns 130hz at 6,5 volt -unloaded<\/p>\n<p>Tattoo-Maschine Gewicht 200 gr.<\/p>","protected":false},"featured_media":57051,"comment_status":"open","ping_status":"closed","template":"","meta":{"site-sidebar-layout":"default","site-content-layout":"","ast-site-content-layout":"default","site-content-style":"default","site-sidebar-style":"default","ast-global-header-display":"","ast-banner-title-visibility":"","ast-main-header-display":"","ast-hfb-above-header-display":"","ast-hfb-below-header-display":"","ast-hfb-mobile-header-display":"","site-post-title":"","ast-breadcrumbs-content":"","ast-featured-img":"","footer-sml-layout":"","ast-disable-related-posts":"","theme-transparent-header-meta":"default","adv-header-id-meta":"","stick-header-meta":"default","header-above-stick-meta":"","header-main-stick-meta":"","header-below-stick-meta":"","astra-migrate-meta-layouts":"set","ast-page-background-enabled":"default","ast-page-background-meta":{"desktop":{"background-color":"var(--ast-global-color-4)","background-image":"","background-repeat":"repeat","background-position":"center center","background-size":"auto","background-attachment":"scroll","background-type":"","background-media":"","overlay-type":"","overlay-color":"","overlay-opacity":"","overlay-gradient":""},"tablet":{"background-color":"","background-image":"","background-repeat":"repeat","background-position":"center center","background-size":"auto","background-attachment":"scroll","background-type":"","background-media":"","overlay-type":"","overlay-color":"","overlay-opacity":"","overlay-gradient":""},"mobile":{"background-color":"","background-image":"","background-repeat":"repeat","background-position":"center center","background-size":"auto","background-attachment":"scroll","background-type":"","background-media":"","overlay-type":"","overlay-color":"","overlay-opacity":"","overlay-gradient":""}},"ast-content-background-meta":{"desktop":{"background-color":"var(--ast-global-color-5)","background-image":"","background-repeat":"repeat","background-position":"center center","background-size":"auto","background-attachment":"scroll","background-type":"","background-media":"","overlay-type":"","overlay-color":"","overlay-opacity":"","overlay-gradient":""},"tablet":{"background-color":"var(--ast-global-color-5)","background-image":"","background-repeat":"repeat","background-position":"center center","background-size":"auto","background-attachment":"scroll","background-type":"","background-media":"","overlay-type":"","overlay-color":"","overlay-opacity":"","overlay-gradient":""},"mobile":{"background-color":"var(--ast-global-color-5)","background-image":"","background-repeat":"repeat","background-position":"center center","background-size":"auto","background-attachment":"scroll","background-type":"","background-media":"","overlay-type":"","overlay-color":"","overlay-opacity":"","overlay-gradient":""}}},"product_brand":[],"product_cat":[32],"product_tag":[82,93,83,99,1801,87,91,95,72],"class_list":{"0":"post-56122","1":"product","2":"type-product","3":"status-publish","4":"has-post-thumbnail","6":"product_cat-dozzer","7":"product_tag-coil-tattoo-machines","8":"product_tag-custom-tattoo-guns","9":"product_tag-custom-tattoo-machines","10":"product_tag-handmade-tattoo-machines","11":"product_tag-machines-a-tatouer-les-bobines","12":"product_tag-professional-tattoo-machines","13":"product_tag-tattoo-equipment","14":"product_tag-tattoo-guns","15":"product_tag-tattoo-machine-coils","16":"desktop-align-center","17":"tablet-align-left","18":"mobile-align-left","19":"ast-product-gallery-layout-horizontal-slider","20":"ast-product-tabs-layout-horizontal","22":"first","23":"outofstock","24":"taxable","25":"shipping-taxable","26":"purchasable","27":"product-type-simple"},"_links":{"self":[{"href":"https:\/\/rightstuff.eu\/de\/wp-json\/wp\/v2\/product\/56122","targetHints":{"allow":["GET"]}}],"collection":[{"href":"https:\/\/rightstuff.eu\/de\/wp-json\/wp\/v2\/product"}],"about":[{"href":"https:\/\/rightstuff.eu\/de\/wp-json\/wp\/v2\/types\/product"}],"replies":[{"embeddable":true,"href":"https:\/\/rightstuff.eu\/de\/wp-json\/wp\/v2\/comments?post=56122"}],"version-history":[{"count":0,"href":"https:\/\/rightstuff.eu\/de\/wp-json\/wp\/v2\/product\/56122\/revisions"}],"wp:featuredmedia":[{"embeddable":true,"href":"https:\/\/rightstuff.eu\/de\/wp-json\/wp\/v2\/media\/57051"}],"wp:attachment":[{"href":"https:\/\/rightstuff.eu\/de\/wp-json\/wp\/v2\/media?parent=56122"}],"wp:term":[{"taxonomy":"product_brand","embeddable":true,"href":"https:\/\/rightstuff.eu\/de\/wp-json\/wp\/v2\/product_brand?post=56122"},{"taxonomy":"product_cat","embeddable":true,"href":"https:\/\/rightstuff.eu\/de\/wp-json\/wp\/v2\/product_cat?post=56122"},{"taxonomy":"product_tag","embeddable":true,"href":"https:\/\/rightstuff.eu\/de\/wp-json\/wp\/v2\/product_tag?post=56122"}],"curies":[{"name":"wp","href":"https:\/\/api.w.org\/{rel}","templated":true}]}}