{"id":55640,"date":"2023-11-25T13:54:09","date_gmt":"2023-11-25T12:54:09","guid":{"rendered":"https:\/\/rightstuff.eu\/?post_type=product&#038;p=55640"},"modified":"2026-02-09T02:34:42","modified_gmt":"2026-02-09T01:34:42","slug":"rotary-hybrid-rotary-cross-cldgr","status":"publish","type":"product","link":"https:\/\/rightstuff.eu\/de\/produkt\/rotary-hybrid-rotary-cross-cldgr\/","title":{"rendered":"Drehende Hybrid-Drehung - CROSS CLDGR"},"content":{"rendered":"<p>Cross Rotary Tattoo-Maschine mit RCA-Anschluss. Die CROSS 4.5 MINT T\u00e4towiermaschine ist eine zuverl\u00e4ssige Maschine mit einer hervorragenden Verarbeitung. Die Maschine ist aus Aluminium gefertigt und hat ein Gewicht von 70 g. Die CROSS 4.5 MINT Hybrid-Rotationsmaschine arbeitet mit einer Geschwindigkeit von bis zu 8500 U\/min und die optimale Spannung liegt bei 5-8 Volt. Der Hub der Maschine betr\u00e4gt 4,5 mm. Die CROSS 4.5 MINT Hybrid-T\u00e4towiermaschine ist eine der besten Maschinen f\u00fcr Profis. Die Maschine ist mit einer hochwertigen Feder und einem hochwertigen Lager f\u00fcr eine l\u00e4ngere Lebensdauer ausgestattet.  Die CROSS 4.5 MINT Hybrid-T\u00e4towiermaschine ist eine hochwertige T\u00e4towiermaschine und wurde mit Blick auf den professionellen T\u00e4towierer entwickelt.<\/p>","protected":false},"excerpt":{"rendered":"<h3>CROSS Hybrid Tattoo Maschine<\/h3>\n<p>3.8mm \/ 4.5 Hub<br \/>\n10 000 RPM<br \/>\nPreferred voltage 4.5-7 volts, works up to 9 volts<\/p>\n<p>Empfohlen <a href=\"http:\/\/rs-tattoo.pl\">Nadeln<\/a>: Bis zu 14 Liner, bis zu 48 Mag<\/p>\n<p>Vorzugsweise f\u00fcr die Arbeit mit Kartuschen<\/p>\n<p>HINWEIS: Die Stromversorgung muss \u00fcber eine Starthilfefunktion verf\u00fcgen, um das Ger\u00e4t mit der Patrone zu starten.<\/p>\n<p><a href=\"https:\/\/rightstuff.eu\/tattoo-machines\/power-supply\/rca-clip-cord-blk\/\">RCA-Anschluss<\/a><br \/>\nAluminium K\u00f6rper<br \/>\nGewicht 70 gr.<\/p>","protected":false},"featured_media":57554,"comment_status":"open","ping_status":"closed","template":"","meta":{"site-sidebar-layout":"default","site-content-layout":"default","ast-site-content-layout":"default","site-content-style":"default","site-sidebar-style":"default","ast-global-header-display":"","ast-banner-title-visibility":"","ast-main-header-display":"","ast-hfb-above-header-display":"","ast-hfb-below-header-display":"","ast-hfb-mobile-header-display":"","site-post-title":"","ast-breadcrumbs-content":"","ast-featured-img":"","footer-sml-layout":"","ast-disable-related-posts":"","theme-transparent-header-meta":"default","adv-header-id-meta":"","stick-header-meta":"default","header-above-stick-meta":"","header-main-stick-meta":"","header-below-stick-meta":"","astra-migrate-meta-layouts":"set","ast-page-background-enabled":"default","ast-page-background-meta":{"desktop":{"background-color":"var(--ast-global-color-4)","background-image":"","background-repeat":"repeat","background-position":"center center","background-size":"auto","background-attachment":"scroll","background-type":"","background-media":"","overlay-type":"","overlay-color":"","overlay-opacity":"","overlay-gradient":""},"tablet":{"background-color":"","background-image":"","background-repeat":"repeat","background-position":"center center","background-size":"auto","background-attachment":"scroll","background-type":"","background-media":"","overlay-type":"","overlay-color":"","overlay-opacity":"","overlay-gradient":""},"mobile":{"background-color":"","background-image":"","background-repeat":"repeat","background-position":"center center","background-size":"auto","background-attachment":"scroll","background-type":"","background-media":"","overlay-type":"","overlay-color":"","overlay-opacity":"","overlay-gradient":""}},"ast-content-background-meta":{"desktop":{"background-color":"var(--ast-global-color-5)","background-image":"","background-repeat":"repeat","background-position":"center center","background-size":"auto","background-attachment":"scroll","background-type":"","background-media":"","overlay-type":"","overlay-color":"","overlay-opacity":"","overlay-gradient":""},"tablet":{"background-color":"var(--ast-global-color-5)","background-image":"","background-repeat":"repeat","background-position":"center center","background-size":"auto","background-attachment":"scroll","background-type":"","background-media":"","overlay-type":"","overlay-color":"","overlay-opacity":"","overlay-gradient":""},"mobile":{"background-color":"var(--ast-global-color-5)","background-image":"","background-repeat":"repeat","background-position":"center center","background-size":"auto","background-attachment":"scroll","background-type":"","background-media":"","overlay-type":"","overlay-color":"","overlay-opacity":"","overlay-gradient":""}}},"product_brand":[],"product_cat":[1993],"product_tag":[101,93,83,100,99,1798,87,98,48,1806,97,1792,91,95,23],"class_list":{"0":"post-55640","1":"product","2":"type-product","3":"status-publish","4":"has-post-thumbnail","6":"product_cat-cross","7":"product_tag-custom-rotary-machines","8":"product_tag-custom-tattoo-guns","9":"product_tag-custom-tattoo-machines","10":"product_tag-handmade-rotary-tattoo-machines","11":"product_tag-handmade-tattoo-machines","12":"product_tag-maquinas-rotativas-de-tatuaje","13":"product_tag-professional-tattoo-machines","14":"product_tag-rotary-tattoo-guns","15":"product_tag-rotary-tattoo-machine","16":"product_tag-rotary-tattoo-machines","17":"product_tag-rotary-tattoo-pen","18":"product_tag-rotary-tattoomaschinen","19":"product_tag-tattoo-equipment","20":"product_tag-tattoo-guns","21":"product_tag-tattoo-machine","22":"desktop-align-center","23":"tablet-align-left","24":"mobile-align-left","25":"ast-product-gallery-layout-horizontal-slider","26":"ast-product-single-variable","27":"ast-product-tabs-layout-horizontal","29":"first","30":"instock","31":"taxable","32":"shipping-taxable","33":"purchasable","34":"product-type-variable"},"_links":{"self":[{"href":"https:\/\/rightstuff.eu\/de\/wp-json\/wp\/v2\/product\/55640","targetHints":{"allow":["GET"]}}],"collection":[{"href":"https:\/\/rightstuff.eu\/de\/wp-json\/wp\/v2\/product"}],"about":[{"href":"https:\/\/rightstuff.eu\/de\/wp-json\/wp\/v2\/types\/product"}],"replies":[{"embeddable":true,"href":"https:\/\/rightstuff.eu\/de\/wp-json\/wp\/v2\/comments?post=55640"}],"version-history":[{"count":0,"href":"https:\/\/rightstuff.eu\/de\/wp-json\/wp\/v2\/product\/55640\/revisions"}],"wp:featuredmedia":[{"embeddable":true,"href":"https:\/\/rightstuff.eu\/de\/wp-json\/wp\/v2\/media\/57554"}],"wp:attachment":[{"href":"https:\/\/rightstuff.eu\/de\/wp-json\/wp\/v2\/media?parent=55640"}],"wp:term":[{"taxonomy":"product_brand","embeddable":true,"href":"https:\/\/rightstuff.eu\/de\/wp-json\/wp\/v2\/product_brand?post=55640"},{"taxonomy":"product_cat","embeddable":true,"href":"https:\/\/rightstuff.eu\/de\/wp-json\/wp\/v2\/product_cat?post=55640"},{"taxonomy":"product_tag","embeddable":true,"href":"https:\/\/rightstuff.eu\/de\/wp-json\/wp\/v2\/product_tag?post=55640"}],"curies":[{"name":"wp","href":"https:\/\/api.w.org\/{rel}","templated":true}]}}