{"id":55566,"date":"2023-11-19T19:25:55","date_gmt":"2023-11-19T18:25:55","guid":{"rendered":"https:\/\/rightstuff.eu\/?post_type=product&#038;p=55566"},"modified":"2026-03-31T10:46:10","modified_gmt":"2026-03-31T08:46:10","slug":"rightstuff-one-pink-candy","status":"publish","type":"product","link":"https:\/\/rightstuff.eu\/de\/produkt\/rightstuff-one-pink-candy\/","title":{"rendered":"RightStuff ONE - Pink Candy"},"content":{"rendered":"<p>Die RightStuff One Pink Candy Single Coil Tattoo-Maschine ist eine harmonische Verschmelzung von traditioneller Handwerkskunst und modernem Design f\u00fcr professionelle T\u00e4towierer, die sowohl auf Leistung als auch auf \u00c4sthetik Wert legen. Diese sorgf\u00e4ltig gefertigte Maschine verk\u00f6rpert die Essenz der Marke RightStuff und bietet zuverl\u00e4ssige Pr\u00e4zision mit einem Hauch von Flair.<\/p>\n<p>Hauptmerkmale:<\/p>\n<p>1. **Zeitlose Handwerkskunst:** Die RightStuff One Pink Candy Single Coil Tattoo-Maschine wurde sorgf\u00e4ltig entwickelt und kombiniert die Pr\u00e4zision eines Single Coil-Systems mit der Handwerkskunst, die das RightStuff-Erbe ausmacht. Diese Maschine ist ein Zeugnis f\u00fcr die Kunstfertigkeit, die in jedem Zug steckt.<\/p>\n<p>2. **Fokussierte Leistung:** Diese Maschine wurde f\u00fcr das Linieren und Schattieren entwickelt und bietet eine fokussierte Leistung, die es K\u00fcnstlern erm\u00f6glicht, komplizierte Designs mit unvergleichlicher Pr\u00e4zision zu erstellen. Das Einzelspulensystem sorgt f\u00fcr ein gleichm\u00e4\u00dfiges und kontrolliertes T\u00e4towier-Erlebnis.<\/p>\n<p>3. **Gleichm\u00e4\u00dfiger Betrieb:** Die leistungsstarke Spule sorgt f\u00fcr einen gleichm\u00e4\u00dfigen und effizienten Betrieb. Diese Funktion f\u00f6rdert nicht nur die Konzentration des K\u00fcnstlers, sondern sorgt auch f\u00fcr eine ruhige Atmosph\u00e4re im Studio, die sowohl f\u00fcr den K\u00fcnstler als auch f\u00fcr den Kunden ein angenehmes Erlebnis darstellt.<\/p>\n<p>4. **Kompakt und leicht:** Der RightStuff One Pink Candy ist kompakt und leicht, sodass er bequem in der Hand liegt und die Erm\u00fcdung der Hand bei l\u00e4ngeren Sessions minimiert wird. Das ergonomische Design erm\u00f6glicht den K\u00fcnstlern eine optimale Kontrolle \u00fcber ihr Handwerk.<\/p>\n<p>5. **Schicke \u00c4sthetik:** Abgesehen von ihrer Funktionalit\u00e4t sticht die Maschine mit ihrer Pink Candy Farbe hervor und verleiht dem Werkzeugkasten des K\u00fcnstlers einen Hauch von schickem Stil. Das optisch ansprechende Design spiegelt das Engagement von RightStuff wider, \u00c4sthetik und Leistung nahtlos zu vereinen.<\/p>\n<p>6. **Vielseitige Kompatibilit\u00e4t:** Die RightStuff One Pink Candy ist sowohl mit klassischen Nadeln als auch mit Nadelpatronen kompatibel und bietet K\u00fcnstlerinnen und K\u00fcnstlern eine vielseitige Werkzeugauswahl, so dass sie die perfekten Instrumente f\u00fcr ihre k\u00fcnstlerische Vision ausw\u00e4hlen k\u00f6nnen.<\/p>\n<p>Egal, ob du ein erfahrener Profi oder ein aufstrebender K\u00fcnstler bist, die RightStuff One Pink Candy Single Coil Tattoo-Maschine ist ein zuverl\u00e4ssiger und stilvoller Begleiter f\u00fcr die Erstellung fesselnder Tattoos. Mit der perfekten Synergie aus traditioneller Handwerkskunst und modernem Design kannst du deine Kunstfertigkeit aufwerten. Vertraue auf RightStuff f\u00fcr ein au\u00dfergew\u00f6hnliches Single Coil Tattoo-Erlebnis.<\/p>","protected":false},"excerpt":{"rendered":"<h4>Einzelspulen-T\u00e4towiermaschine<\/h4>\n<p>&nbsp;<\/p>\n<p>Der Rahmen ist aus einem Kn\u00fcppel 7075 Flugzeugaluminium gefr\u00e4st<\/p>\n<p>Pulverbeschichteter Rahmen.<\/p>\n<p>Hochwertige benutzerdefinierte Spule<\/p>\n<p>Stahlbeschl\u00e4ge mit schwarzer Zinkoberfl\u00e4che<\/p>\n<p>Funktioniert mit allen Nadelgr\u00f6\u00dfen 3 - 14RL Bei 5,5-9 Volt<\/p>\n<p>Hub 3,8 mm<\/p>\n<p>L\u00e4uft mit ca. 135hz bei 6,5 Volt - unbelastet<\/p>\n<p>Die Tattoo-Maschine wiegt 130 g.<\/p>","protected":false},"featured_media":57980,"comment_status":"open","ping_status":"closed","template":"","meta":{"site-sidebar-layout":"default","site-content-layout":"default","ast-site-content-layout":"default","site-content-style":"default","site-sidebar-style":"default","ast-global-header-display":"","ast-banner-title-visibility":"","ast-main-header-display":"","ast-hfb-above-header-display":"","ast-hfb-below-header-display":"","ast-hfb-mobile-header-display":"","site-post-title":"","ast-breadcrumbs-content":"","ast-featured-img":"","footer-sml-layout":"","ast-disable-related-posts":"","theme-transparent-header-meta":"default","adv-header-id-meta":"","stick-header-meta":"default","header-above-stick-meta":"","header-main-stick-meta":"","header-below-stick-meta":"","astra-migrate-meta-layouts":"set","ast-page-background-enabled":"default","ast-page-background-meta":{"desktop":{"background-color":"var(--ast-global-color-4)","background-image":"","background-repeat":"repeat","background-position":"center center","background-size":"auto","background-attachment":"scroll","background-type":"","background-media":"","overlay-type":"","overlay-color":"","overlay-opacity":"","overlay-gradient":""},"tablet":{"background-color":"","background-image":"","background-repeat":"repeat","background-position":"center center","background-size":"auto","background-attachment":"scroll","background-type":"","background-media":"","overlay-type":"","overlay-color":"","overlay-opacity":"","overlay-gradient":""},"mobile":{"background-color":"","background-image":"","background-repeat":"repeat","background-position":"center center","background-size":"auto","background-attachment":"scroll","background-type":"","background-media":"","overlay-type":"","overlay-color":"","overlay-opacity":"","overlay-gradient":""}},"ast-content-background-meta":{"desktop":{"background-color":"var(--ast-global-color-5)","background-image":"","background-repeat":"repeat","background-position":"center center","background-size":"auto","background-attachment":"scroll","background-type":"","background-media":"","overlay-type":"","overlay-color":"","overlay-opacity":"","overlay-gradient":""},"tablet":{"background-color":"var(--ast-global-color-5)","background-image":"","background-repeat":"repeat","background-position":"center center","background-size":"auto","background-attachment":"scroll","background-type":"","background-media":"","overlay-type":"","overlay-color":"","overlay-opacity":"","overlay-gradient":""},"mobile":{"background-color":"var(--ast-global-color-5)","background-image":"","background-repeat":"repeat","background-position":"center center","background-size":"auto","background-attachment":"scroll","background-type":"","background-media":"","overlay-type":"","overlay-color":"","overlay-opacity":"","overlay-gradient":""}}},"product_brand":[],"product_cat":[1942],"product_tag":[82,93,83,99,1801,87,91,95,72],"class_list":{"0":"post-55566","1":"product","2":"type-product","3":"status-publish","4":"has-post-thumbnail","6":"product_cat-rightstuff-one","7":"product_tag-coil-tattoo-machines","8":"product_tag-custom-tattoo-guns","9":"product_tag-custom-tattoo-machines","10":"product_tag-handmade-tattoo-machines","11":"product_tag-machines-a-tatouer-les-bobines","12":"product_tag-professional-tattoo-machines","13":"product_tag-tattoo-equipment","14":"product_tag-tattoo-guns","15":"product_tag-tattoo-machine-coils","16":"pa_brand-rightstuff","17":"desktop-align-center","18":"tablet-align-left","19":"mobile-align-left","20":"ast-product-gallery-layout-horizontal-slider","21":"ast-product-tabs-layout-horizontal","23":"first","24":"outofstock","25":"taxable","26":"shipping-taxable","27":"purchasable","28":"product-type-simple"},"_links":{"self":[{"href":"https:\/\/rightstuff.eu\/de\/wp-json\/wp\/v2\/product\/55566","targetHints":{"allow":["GET"]}}],"collection":[{"href":"https:\/\/rightstuff.eu\/de\/wp-json\/wp\/v2\/product"}],"about":[{"href":"https:\/\/rightstuff.eu\/de\/wp-json\/wp\/v2\/types\/product"}],"replies":[{"embeddable":true,"href":"https:\/\/rightstuff.eu\/de\/wp-json\/wp\/v2\/comments?post=55566"}],"version-history":[{"count":0,"href":"https:\/\/rightstuff.eu\/de\/wp-json\/wp\/v2\/product\/55566\/revisions"}],"wp:featuredmedia":[{"embeddable":true,"href":"https:\/\/rightstuff.eu\/de\/wp-json\/wp\/v2\/media\/57980"}],"wp:attachment":[{"href":"https:\/\/rightstuff.eu\/de\/wp-json\/wp\/v2\/media?parent=55566"}],"wp:term":[{"taxonomy":"product_brand","embeddable":true,"href":"https:\/\/rightstuff.eu\/de\/wp-json\/wp\/v2\/product_brand?post=55566"},{"taxonomy":"product_cat","embeddable":true,"href":"https:\/\/rightstuff.eu\/de\/wp-json\/wp\/v2\/product_cat?post=55566"},{"taxonomy":"product_tag","embeddable":true,"href":"https:\/\/rightstuff.eu\/de\/wp-json\/wp\/v2\/product_tag?post=55566"}],"curies":[{"name":"wp","href":"https:\/\/api.w.org\/{rel}","templated":true}]}}