{"id":55404,"date":"2023-09-28T19:53:19","date_gmt":"2023-09-28T17:53:19","guid":{"rendered":"https:\/\/rightstuff.eu\/?post_type=product&#038;p=55404"},"modified":"2025-12-20T15:54:19","modified_gmt":"2025-12-20T14:54:19","slug":"rotary-tattoo-machine-keg-variable-orng","status":"publish","type":"product","link":"https:\/\/rightstuff.eu\/de\/produkt\/rotary-tattoo-machine-keg-variable-orng\/","title":{"rendered":"Rotations-T\u00e4towiermaschine - KEG Variable (Orange)"},"content":{"rendered":"<p>Eine absolut atemberaubende Custom-Direktantrieb-Rotations-T\u00e4towiermaschine von einem bekannten Underground-Designer. Als sie zum ersten Mal auf den Markt kam, wurde dieses Ger\u00e4t schnell zu einer Legende unter T\u00e4towierern. Die Maschine wurde von Profis f\u00fcr Profis gebaut, was bedeutet, dass sie ihrem Benutzer ein hohes Ma\u00df an Sensibilit\u00e4t abverlangt, um mit fein detaillierten Tattoos zu arbeiten.<\/p>\n<p>Sein Rahmen besteht aus hochwertigem Aluminium, was ihn deutlich leichter macht als Modelle aus einem St\u00fcck Stahl, und er wiegt nur 140 Gramm, was ihn ideal f\u00fcr den Dauereinsatz macht.<\/p>\n<p>Er hat einen ver\u00e4nderbaren Hub von 1 mm bis 5 mm und kann als Liner, Shader oder Color Packer verwendet werden. Das Ger\u00e4t hat einen serienexklusiven, speziell angefertigten Motor, der mit 6-13 Volt und 8000 Umdrehungen pro Minute l\u00e4uft.<\/p>","protected":false},"excerpt":{"rendered":"<h3>Rotations-T\u00e4towiermaschine mit Direktantrieb<\/h3>\n<p>Variabler 1mm bis 5mm Hub<br \/>\n8000 UMDREHUNGEN PRO MINUTE<br \/>\nBevorzugte Spannung 6-13 Volt<\/p>\n<p>Empfohlene Nadeln: Bis zu 18 Liner, bis zu 39 Mag<\/p>\n<p>Clip Cord + RCA Anschluss<br \/>\nAluminium K\u00f6rper<br \/>\nGewicht 140 gr.<\/p>","protected":false},"featured_media":56880,"comment_status":"open","ping_status":"closed","template":"","meta":{"site-sidebar-layout":"default","site-content-layout":"default","ast-site-content-layout":"default","site-content-style":"default","site-sidebar-style":"default","ast-global-header-display":"","ast-banner-title-visibility":"","ast-main-header-display":"","ast-hfb-above-header-display":"","ast-hfb-below-header-display":"","ast-hfb-mobile-header-display":"","site-post-title":"","ast-breadcrumbs-content":"","ast-featured-img":"","footer-sml-layout":"","ast-disable-related-posts":"","theme-transparent-header-meta":"default","adv-header-id-meta":"","stick-header-meta":"default","header-above-stick-meta":"","header-main-stick-meta":"","header-below-stick-meta":"","astra-migrate-meta-layouts":"set","ast-page-background-enabled":"default","ast-page-background-meta":{"desktop":{"background-color":"var(--ast-global-color-4)","background-image":"","background-repeat":"repeat","background-position":"center center","background-size":"auto","background-attachment":"scroll","background-type":"","background-media":"","overlay-type":"","overlay-color":"","overlay-opacity":"","overlay-gradient":""},"tablet":{"background-color":"","background-image":"","background-repeat":"repeat","background-position":"center center","background-size":"auto","background-attachment":"scroll","background-type":"","background-media":"","overlay-type":"","overlay-color":"","overlay-opacity":"","overlay-gradient":""},"mobile":{"background-color":"","background-image":"","background-repeat":"repeat","background-position":"center center","background-size":"auto","background-attachment":"scroll","background-type":"","background-media":"","overlay-type":"","overlay-color":"","overlay-opacity":"","overlay-gradient":""}},"ast-content-background-meta":{"desktop":{"background-color":"var(--ast-global-color-5)","background-image":"","background-repeat":"repeat","background-position":"center center","background-size":"auto","background-attachment":"scroll","background-type":"","background-media":"","overlay-type":"","overlay-color":"","overlay-opacity":"","overlay-gradient":""},"tablet":{"background-color":"var(--ast-global-color-5)","background-image":"","background-repeat":"repeat","background-position":"center center","background-size":"auto","background-attachment":"scroll","background-type":"","background-media":"","overlay-type":"","overlay-color":"","overlay-opacity":"","overlay-gradient":""},"mobile":{"background-color":"var(--ast-global-color-5)","background-image":"","background-repeat":"repeat","background-position":"center center","background-size":"auto","background-attachment":"scroll","background-type":"","background-media":"","overlay-type":"","overlay-color":"","overlay-opacity":"","overlay-gradient":""}}},"product_brand":[],"product_cat":[1995],"product_tag":[101,93,83,74,100,99,87,98,48,1806,97,1792,91,95,23,72],"class_list":{"0":"post-55404","1":"product","2":"type-product","3":"status-publish","4":"has-post-thumbnail","6":"product_cat-variable","7":"product_tag-custom-rotary-machines","8":"product_tag-custom-tattoo-guns","9":"product_tag-custom-tattoo-machines","10":"product_tag-direct-drive-tattoo-machine","11":"product_tag-handmade-rotary-tattoo-machines","12":"product_tag-handmade-tattoo-machines","13":"product_tag-professional-tattoo-machines","14":"product_tag-rotary-tattoo-guns","15":"product_tag-rotary-tattoo-machine","16":"product_tag-rotary-tattoo-machines","17":"product_tag-rotary-tattoo-pen","18":"product_tag-rotary-tattoomaschinen","19":"product_tag-tattoo-equipment","20":"product_tag-tattoo-guns","21":"product_tag-tattoo-machine","22":"product_tag-tattoo-machine-coils","23":"pa_brand-rightstuff","24":"desktop-align-center","25":"tablet-align-left","26":"mobile-align-left","27":"ast-product-gallery-layout-horizontal-slider","28":"ast-product-tabs-layout-horizontal","30":"first","31":"instock","32":"taxable","33":"shipping-taxable","34":"purchasable","35":"product-type-simple"},"_links":{"self":[{"href":"https:\/\/rightstuff.eu\/de\/wp-json\/wp\/v2\/product\/55404","targetHints":{"allow":["GET"]}}],"collection":[{"href":"https:\/\/rightstuff.eu\/de\/wp-json\/wp\/v2\/product"}],"about":[{"href":"https:\/\/rightstuff.eu\/de\/wp-json\/wp\/v2\/types\/product"}],"replies":[{"embeddable":true,"href":"https:\/\/rightstuff.eu\/de\/wp-json\/wp\/v2\/comments?post=55404"}],"version-history":[{"count":0,"href":"https:\/\/rightstuff.eu\/de\/wp-json\/wp\/v2\/product\/55404\/revisions"}],"wp:featuredmedia":[{"embeddable":true,"href":"https:\/\/rightstuff.eu\/de\/wp-json\/wp\/v2\/media\/56880"}],"wp:attachment":[{"href":"https:\/\/rightstuff.eu\/de\/wp-json\/wp\/v2\/media?parent=55404"}],"wp:term":[{"taxonomy":"product_brand","embeddable":true,"href":"https:\/\/rightstuff.eu\/de\/wp-json\/wp\/v2\/product_brand?post=55404"},{"taxonomy":"product_cat","embeddable":true,"href":"https:\/\/rightstuff.eu\/de\/wp-json\/wp\/v2\/product_cat?post=55404"},{"taxonomy":"product_tag","embeddable":true,"href":"https:\/\/rightstuff.eu\/de\/wp-json\/wp\/v2\/product_tag?post=55404"}],"curies":[{"name":"wp","href":"https:\/\/api.w.org\/{rel}","templated":true}]}}