{"id":554,"date":"2013-12-06T03:48:00","date_gmt":"2013-12-06T00:48:00","guid":{"rendered":"https:\/\/rightstuff.eu\/shop\/uncategorized\/bone-blck-shader\/"},"modified":"2025-01-22T01:37:14","modified_gmt":"2025-01-22T00:37:14","slug":"bone-blck-shader","status":"publish","type":"product","link":"https:\/\/rightstuff.eu\/de\/produkt\/bone-blck-shader\/","title":{"rendered":"BONE BLCK Shader Tattoo Maschine"},"content":{"rendered":"<p>Right Stuff bietet Tattoo-K\u00fcnstlern, die eine preiswerte professionelle BONE BLCK Shader Tattoo-Maschine bestellen. Anders als die<a href=\"https:\/\/rightstuff.eu\/product-tag\/liner-tattoo-machine\/\"> Auskleidungsmaschine<\/a>Der Shader basiert auf dem relativ sanften Eindringen eines Tattoo-Elements in die Epidermis. Experten behaupten, dass er dazu beitr\u00e4gt, eine h\u00f6here Qualit\u00e4t des Tattoos zu erzielen. Wenn ein Meister mit diesem Ger\u00e4t arbeitet, muss er jedoch wissen, dass die Tinte unter der Haut verschwimmen kann.<\/p>\n<p>Dieser spezielle Tattoo Shader wird meist dazu verwendet, ein Pigment (spezielle Tattoofarbe) in die Epidermis zu injizieren. Er ist sehr effektiv, wenn es darum geht, gro\u00dfe hautfarbene Gem\u00e4lde zu erstellen. Wenn ein Tattoo Liner haupts\u00e4chlich zum Zeichnen der Konturen von Tattoos ben\u00f6tigt wird, dient die BONE BLCK Shader Tattoomaschine zum Malen.<\/p>\n<p>Die Konstruktion des Ger\u00e4ts macht den Shader zu einem sehr praktischen Ger\u00e4t. Er hat eine weiche Feder sowie 10 Wicklungen mit 25 Millimetern Durchmesser. Der Shader hat mehr Gewicht und Abmessungen als ein Liner (dieses Ger\u00e4t wiegt 180 Gramm). Das Ger\u00e4t wird mit 105 Hz betrieben und seine Spannung betr\u00e4gt 6,6 V.<\/p>","protected":false},"excerpt":{"rendered":"<p>Der Rahmen ist aus einem einzigen St\u00fcck Stahl gefr\u00e4st<\/p>\n<p>Hochwertige Coils - 25 mm * 10 Wicklungen<\/p>\n<p>Geschw\u00e4rzter Stahlbeschlag<\/p>\n<p>Bevorzugte Nadeln 7-15m<\/p>\n<p>Weicher Schlag, mittlerer Schlag<\/p>\n<p>L\u00e4uft 105hz bei 6,6 Volt - unbelastet<\/p>\n<p>Die Tattoo-Maschine wiegt 180 g.<\/p>\n<p>&nbsp;<\/p>","protected":false},"featured_media":49298,"comment_status":"open","ping_status":"closed","template":"","meta":{"site-sidebar-layout":"","site-content-layout":"","ast-site-content-layout":"default","site-content-style":"default","site-sidebar-style":"default","ast-global-header-display":"","ast-banner-title-visibility":"","ast-main-header-display":"","ast-hfb-above-header-display":"","ast-hfb-below-header-display":"","ast-hfb-mobile-header-display":"","site-post-title":"","ast-breadcrumbs-content":"","ast-featured-img":"","footer-sml-layout":"","ast-disable-related-posts":"","theme-transparent-header-meta":"","adv-header-id-meta":"","stick-header-meta":"","header-above-stick-meta":"","header-main-stick-meta":"","header-below-stick-meta":"","astra-migrate-meta-layouts":"default","ast-page-background-enabled":"default","ast-page-background-meta":{"desktop":{"background-color":"var(--ast-global-color-4)","background-image":"","background-repeat":"repeat","background-position":"center center","background-size":"auto","background-attachment":"scroll","background-type":"","background-media":"","overlay-type":"","overlay-color":"","overlay-opacity":"","overlay-gradient":""},"tablet":{"background-color":"","background-image":"","background-repeat":"repeat","background-position":"center center","background-size":"auto","background-attachment":"scroll","background-type":"","background-media":"","overlay-type":"","overlay-color":"","overlay-opacity":"","overlay-gradient":""},"mobile":{"background-color":"","background-image":"","background-repeat":"repeat","background-position":"center center","background-size":"auto","background-attachment":"scroll","background-type":"","background-media":"","overlay-type":"","overlay-color":"","overlay-opacity":"","overlay-gradient":""}},"ast-content-background-meta":{"desktop":{"background-color":"var(--ast-global-color-5)","background-image":"","background-repeat":"repeat","background-position":"center center","background-size":"auto","background-attachment":"scroll","background-type":"","background-media":"","overlay-type":"","overlay-color":"","overlay-opacity":"","overlay-gradient":""},"tablet":{"background-color":"var(--ast-global-color-5)","background-image":"","background-repeat":"repeat","background-position":"center center","background-size":"auto","background-attachment":"scroll","background-type":"","background-media":"","overlay-type":"","overlay-color":"","overlay-opacity":"","overlay-gradient":""},"mobile":{"background-color":"var(--ast-global-color-5)","background-image":"","background-repeat":"repeat","background-position":"center center","background-size":"auto","background-attachment":"scroll","background-type":"","background-media":"","overlay-type":"","overlay-color":"","overlay-opacity":"","overlay-gradient":""}}},"product_brand":[],"product_cat":[21],"product_tag":[82,93,83,99,1800,87,89,1791,91,95,72,96],"class_list":{"0":"post-554","1":"product","2":"type-product","3":"status-publish","4":"has-post-thumbnail","6":"product_cat-bone","7":"product_tag-coil-tattoo-machines","8":"product_tag-custom-tattoo-guns","9":"product_tag-custom-tattoo-machines","10":"product_tag-handmade-tattoo-machines","11":"product_tag-macchinetta-per-tatuaggio-a-bobina","12":"product_tag-professional-tattoo-machines","13":"product_tag-shader-tattoo-machines","14":"product_tag-spulen-tattoomaschinen","15":"product_tag-tattoo-equipment","16":"product_tag-tattoo-guns","17":"product_tag-tattoo-machine-coils","18":"product_tag-tattoo-shading-guns","19":"pa_brand-rightstuff","20":"desktop-align-center","21":"tablet-align-left","22":"mobile-align-left","23":"ast-product-gallery-layout-horizontal-slider","24":"ast-product-tabs-layout-horizontal","26":"first","27":"outofstock","28":"sale","29":"taxable","30":"shipping-taxable","31":"purchasable","32":"product-type-simple"},"_links":{"self":[{"href":"https:\/\/rightstuff.eu\/de\/wp-json\/wp\/v2\/product\/554","targetHints":{"allow":["GET"]}}],"collection":[{"href":"https:\/\/rightstuff.eu\/de\/wp-json\/wp\/v2\/product"}],"about":[{"href":"https:\/\/rightstuff.eu\/de\/wp-json\/wp\/v2\/types\/product"}],"replies":[{"embeddable":true,"href":"https:\/\/rightstuff.eu\/de\/wp-json\/wp\/v2\/comments?post=554"}],"version-history":[{"count":0,"href":"https:\/\/rightstuff.eu\/de\/wp-json\/wp\/v2\/product\/554\/revisions"}],"wp:featuredmedia":[{"embeddable":true,"href":"https:\/\/rightstuff.eu\/de\/wp-json\/wp\/v2\/media\/49298"}],"wp:attachment":[{"href":"https:\/\/rightstuff.eu\/de\/wp-json\/wp\/v2\/media?parent=554"}],"wp:term":[{"taxonomy":"product_brand","embeddable":true,"href":"https:\/\/rightstuff.eu\/de\/wp-json\/wp\/v2\/product_brand?post=554"},{"taxonomy":"product_cat","embeddable":true,"href":"https:\/\/rightstuff.eu\/de\/wp-json\/wp\/v2\/product_cat?post=554"},{"taxonomy":"product_tag","embeddable":true,"href":"https:\/\/rightstuff.eu\/de\/wp-json\/wp\/v2\/product_tag?post=554"}],"curies":[{"name":"wp","href":"https:\/\/api.w.org\/{rel}","templated":true}]}}