{"id":55325,"date":"2023-08-10T00:36:36","date_gmt":"2023-08-09T22:36:36","guid":{"rendered":"https:\/\/rightstuff.eu\/?post_type=product&#038;p=55325"},"modified":"2023-11-08T15:20:22","modified_gmt":"2023-11-08T14:20:22","slug":"pen-tattoo-machine-hornet-grn","status":"publish","type":"product","link":"https:\/\/rightstuff.eu\/de\/produkt\/pen-tattoo-machine-hornet-grn\/","title":{"rendered":"Stift-T\u00e4towiermaschine Hornet GRN"},"content":{"rendered":"<p>Das T\u00e4towieren hat eine uralte Tradition, die Jahrhunderte zur\u00fcckreicht. In fr\u00fcheren Zeiten verfolgten diese Hautverzierungen bestimmte Absichten. Die Menschen glaubten, dass T\u00e4towierungen Krankheiten oder unvorhergesehene Todesf\u00e4lle abwehren, Feinde in Angst und Schrecken versetzen und die Herzen ihrer Liebsten erobern k\u00f6nnen. Fr\u00fcher wurde bei dieser Kunst die Haut eingeschnitten und spezielle Pigmente darunter eingebracht - eine Prozedur, die f\u00fcr ihre Qualen ber\u00fcchtigt war.<\/p>\n<p>Heute hat sich das T\u00e4towieren erheblich weiterentwickelt. Moderne T\u00e4towierer k\u00f6nnen T\u00e4towierungen \u00e4hnlich wie Permanent Make-up ausf\u00fchren und ersparen ihren Kunden damit Unannehmlichkeiten. Mit fortschrittlichen Werkzeugen wie der Hornet (Sniper Green) Aluminium-Pen-T\u00e4towiermaschine k\u00f6nnen K\u00fcnstler\/innen m\u00fchelos pr\u00e4zise Linien und komplizierte Designs erstellen. Dieses Spezialger\u00e4t, das sowohl f\u00fcr das Auftragen von Make-up als auch f\u00fcr die T\u00e4towierkunst gesch\u00e4tzt wird, h\u00e4lt sich strikt an Hygiene- und Qualit\u00e4tsstandards. Das Ger\u00e4t erm\u00f6glicht es dem K\u00fcnstler, pr\u00e4zise Linien zu ziehen und seine Leistung \u00fcber vier bis f\u00fcnf Jahre hinweg zu erhalten.<\/p>\n<p>Das Auswechseln der Patrone ist ganz einfach, denn das Ger\u00e4t ist mit einer Vielzahl kompatibler Patronen ausgestattet. Das Ger\u00e4t wiegt nur 145 Gramm und arbeitet mit einer beachtlichen Geschwindigkeit von 8000 Umdrehungen pro Minute und ben\u00f6tigt eine Spannung von 4,5-13 V. Au\u00dferdem reicht die Einstichtiefe der Nadel von 1 bis 3,5 mm, was einen vielseitigen kreativen Ausdruck erm\u00f6glicht.<\/p>","protected":false},"excerpt":{"rendered":"<p>Stift Tattoo Maschine Hornet<br \/>\nGriff 28 mm<\/p>\n<p>Kompatibel mit allen Standard-Patronen<\/p>\n<p>Hub 3,2 mm<br \/>\nVariable Nadeltiefe von bis zu 4 mm<br \/>\n8000 UMDREHUNGEN PRO MINUTE<br \/>\nBevorzugte Spannung 4,5-13 Volt<\/p>\n<p>RCA-Anschluss<br \/>\nAluminium K\u00f6rper<br \/>\nGewicht 145 gr.<\/p>","protected":false},"featured_media":55322,"comment_status":"open","ping_status":"closed","template":"","meta":{"site-sidebar-layout":"default","site-content-layout":"default","ast-site-content-layout":"default","site-content-style":"default","site-sidebar-style":"default","ast-global-header-display":"","ast-banner-title-visibility":"","ast-main-header-display":"","ast-hfb-above-header-display":"","ast-hfb-below-header-display":"","ast-hfb-mobile-header-display":"","site-post-title":"","ast-breadcrumbs-content":"","ast-featured-img":"","footer-sml-layout":"","ast-disable-related-posts":"","theme-transparent-header-meta":"default","adv-header-id-meta":"","stick-header-meta":"default","header-above-stick-meta":"","header-main-stick-meta":"","header-below-stick-meta":"","astra-migrate-meta-layouts":"set","ast-page-background-enabled":"default","ast-page-background-meta":{"desktop":{"background-color":"var(--ast-global-color-4)","background-image":"","background-repeat":"repeat","background-position":"center center","background-size":"auto","background-attachment":"scroll","background-type":"","background-media":"","overlay-type":"","overlay-color":"","overlay-opacity":"","overlay-gradient":""},"tablet":{"background-color":"","background-image":"","background-repeat":"repeat","background-position":"center center","background-size":"auto","background-attachment":"scroll","background-type":"","background-media":"","overlay-type":"","overlay-color":"","overlay-opacity":"","overlay-gradient":""},"mobile":{"background-color":"","background-image":"","background-repeat":"repeat","background-position":"center center","background-size":"auto","background-attachment":"scroll","background-type":"","background-media":"","overlay-type":"","overlay-color":"","overlay-opacity":"","overlay-gradient":""}},"ast-content-background-meta":{"desktop":{"background-color":"var(--ast-global-color-5)","background-image":"","background-repeat":"repeat","background-position":"center center","background-size":"auto","background-attachment":"scroll","background-type":"","background-media":"","overlay-type":"","overlay-color":"","overlay-opacity":"","overlay-gradient":""},"tablet":{"background-color":"var(--ast-global-color-5)","background-image":"","background-repeat":"repeat","background-position":"center center","background-size":"auto","background-attachment":"scroll","background-type":"","background-media":"","overlay-type":"","overlay-color":"","overlay-opacity":"","overlay-gradient":""},"mobile":{"background-color":"var(--ast-global-color-5)","background-image":"","background-repeat":"repeat","background-position":"center center","background-size":"auto","background-attachment":"scroll","background-type":"","background-media":"","overlay-type":"","overlay-color":"","overlay-opacity":"","overlay-gradient":""}}},"product_brand":[],"product_cat":[1803],"product_tag":[101,93,100,99,53,1798,50,87,98,48,97,1792,71,91,95,52,41,51],"class_list":{"0":"post-55325","1":"product","2":"type-product","3":"status-publish","4":"has-post-thumbnail","6":"product_cat-pen-tattoo-machines","7":"product_tag-custom-rotary-machines","8":"product_tag-custom-tattoo-guns","9":"product_tag-handmade-rotary-tattoo-machines","10":"product_tag-handmade-tattoo-machines","11":"product_tag-hornet-tattoo-machine","12":"product_tag-maquinas-rotativas-de-tatuaje","13":"product_tag-pen-tattoo-machine","14":"product_tag-professional-tattoo-machines","15":"product_tag-rotary-tattoo-guns","16":"product_tag-rotary-tattoo-machine","17":"product_tag-rotary-tattoo-pen","18":"product_tag-rotary-tattoomaschinen","19":"product_tag-tattoo-cartridges","20":"product_tag-tattoo-equipment","21":"product_tag-tattoo-guns","22":"product_tag-tattoo-machine-pen","23":"product_tag-tattoo-machines","24":"product_tag-tattoo-pen","25":"pa_brand-rightstuff","26":"desktop-align-center","27":"tablet-align-left","28":"mobile-align-left","29":"ast-product-gallery-layout-horizontal-slider","30":"ast-product-gallery-with-no-image","31":"ast-product-tabs-layout-horizontal","33":"first","34":"instock","35":"taxable","36":"shipping-taxable","37":"purchasable","38":"product-type-simple"},"_links":{"self":[{"href":"https:\/\/rightstuff.eu\/de\/wp-json\/wp\/v2\/product\/55325","targetHints":{"allow":["GET"]}}],"collection":[{"href":"https:\/\/rightstuff.eu\/de\/wp-json\/wp\/v2\/product"}],"about":[{"href":"https:\/\/rightstuff.eu\/de\/wp-json\/wp\/v2\/types\/product"}],"replies":[{"embeddable":true,"href":"https:\/\/rightstuff.eu\/de\/wp-json\/wp\/v2\/comments?post=55325"}],"version-history":[{"count":0,"href":"https:\/\/rightstuff.eu\/de\/wp-json\/wp\/v2\/product\/55325\/revisions"}],"wp:featuredmedia":[{"embeddable":true,"href":"https:\/\/rightstuff.eu\/de\/wp-json\/wp\/v2\/media\/55322"}],"wp:attachment":[{"href":"https:\/\/rightstuff.eu\/de\/wp-json\/wp\/v2\/media?parent=55325"}],"wp:term":[{"taxonomy":"product_brand","embeddable":true,"href":"https:\/\/rightstuff.eu\/de\/wp-json\/wp\/v2\/product_brand?post=55325"},{"taxonomy":"product_cat","embeddable":true,"href":"https:\/\/rightstuff.eu\/de\/wp-json\/wp\/v2\/product_cat?post=55325"},{"taxonomy":"product_tag","embeddable":true,"href":"https:\/\/rightstuff.eu\/de\/wp-json\/wp\/v2\/product_tag?post=55325"}],"curies":[{"name":"wp","href":"https:\/\/api.w.org\/{rel}","templated":true}]}}