{"id":553,"date":"2013-12-06T03:00:00","date_gmt":"2013-12-06T00:00:00","guid":{"rendered":"https:\/\/rightstuff.eu\/shop\/uncategorized\/bone-blck-liner\/"},"modified":"2025-01-22T01:37:14","modified_gmt":"2025-01-22T00:37:14","slug":"bone-blck-liner","status":"publish","type":"product","link":"https:\/\/rightstuff.eu\/de\/produkt\/bone-blck-liner\/","title":{"rendered":"BONE BLCK Liner Tattoo Maschine"},"content":{"rendered":"<p>Eine hochwertige Ausr\u00fcstung f\u00fcr das T\u00e4towieren ist der einzige Weg, um stilvolle Tattoos zu kreieren und in diesem Gesch\u00e4ft zu verdienen. Kein K\u00fcnstler kann ohne einen professionellen Liner arbeiten. Die Kontaktschraube dieses Ger\u00e4ts mit einem Winkel von 30 Grad befindet sich deutlich weiter hinten an der Maschine - so erkennt ein T\u00e4towierfachmann sie leicht zwischen den <a href=\"https:\/\/rightstuff.eu\/product-tag\/tattoo-supplies\/\">andere Ausr\u00fcstung f\u00fcr das T\u00e4towieren<\/a>. Die L\u00fccke, die zwischen der Kontaktschraube und der vorderen Feder des Artikels zu sehen ist, ist kleiner als die L\u00fccke bei einem klassischen Shader. Mit der BONE BLCK Liner Tattoo Maschine kann ein Meister ganz einfach exakte Linien ziehen und eine Tattoo-Kontur zeichnen.<\/p>\n<p>Der Rahmen dieses Ger\u00e4ts aus Stahl, sein \"Skelett\", h\u00e4lt alle Details perfekt fest und l\u00e4sst die Maschine ohne Schwierigkeiten arbeiten. Der Rahmen leitet auch schnell den elektrischen Strom, der von der Stromversorgung des Ger\u00e4ts erzeugt wird. Diese 160 Hz-Linie arbeitet mit 6,6 V Spannung. Er hat 26 Millimeter lange Spulen mit 8 Windungen und verwendet 3 - 7 Rl Nadeln. Das Gesamtgewicht dieses professionellen Ger\u00e4ts betr\u00e4gt 180 Gramm.<\/p>","protected":false},"excerpt":{"rendered":"<p>Der Rahmen ist aus einem einzigen St\u00fcck Stahl gefr\u00e4st<\/p>\n<p>Hochwertige Coils - 26 mm * 8 Wicklungen<\/p>\n<p>Geschw\u00e4rzter Stahlbeschlag<\/p>\n<p>Bevorzugte Nadeln 3-7RL<\/p>\n<p>Mittlerer Hub<\/p>\n<p>L\u00e4uft 160hz bei 6,6 Volt - unbelastet<\/p>\n<p>Die Tattoo-Maschine wiegt 180 g.<\/p>","protected":false},"featured_media":49291,"comment_status":"open","ping_status":"closed","template":"","meta":{"site-sidebar-layout":"default","site-content-layout":"","ast-site-content-layout":"default","site-content-style":"default","site-sidebar-style":"default","ast-global-header-display":"","ast-banner-title-visibility":"","ast-main-header-display":"","ast-hfb-above-header-display":"","ast-hfb-below-header-display":"","ast-hfb-mobile-header-display":"","site-post-title":"","ast-breadcrumbs-content":"","ast-featured-img":"","footer-sml-layout":"","ast-disable-related-posts":"","theme-transparent-header-meta":"default","adv-header-id-meta":"","stick-header-meta":"default","header-above-stick-meta":"","header-main-stick-meta":"","header-below-stick-meta":"","astra-migrate-meta-layouts":"set","ast-page-background-enabled":"default","ast-page-background-meta":{"desktop":{"background-color":"var(--ast-global-color-4)","background-image":"","background-repeat":"repeat","background-position":"center center","background-size":"auto","background-attachment":"scroll","background-type":"","background-media":"","overlay-type":"","overlay-color":"","overlay-opacity":"","overlay-gradient":""},"tablet":{"background-color":"","background-image":"","background-repeat":"repeat","background-position":"center center","background-size":"auto","background-attachment":"scroll","background-type":"","background-media":"","overlay-type":"","overlay-color":"","overlay-opacity":"","overlay-gradient":""},"mobile":{"background-color":"","background-image":"","background-repeat":"repeat","background-position":"center center","background-size":"auto","background-attachment":"scroll","background-type":"","background-media":"","overlay-type":"","overlay-color":"","overlay-opacity":"","overlay-gradient":""}},"ast-content-background-meta":{"desktop":{"background-color":"var(--ast-global-color-5)","background-image":"","background-repeat":"repeat","background-position":"center center","background-size":"auto","background-attachment":"scroll","background-type":"","background-media":"","overlay-type":"","overlay-color":"","overlay-opacity":"","overlay-gradient":""},"tablet":{"background-color":"var(--ast-global-color-5)","background-image":"","background-repeat":"repeat","background-position":"center center","background-size":"auto","background-attachment":"scroll","background-type":"","background-media":"","overlay-type":"","overlay-color":"","overlay-opacity":"","overlay-gradient":""},"mobile":{"background-color":"var(--ast-global-color-5)","background-image":"","background-repeat":"repeat","background-position":"center center","background-size":"auto","background-attachment":"scroll","background-type":"","background-media":"","overlay-type":"","overlay-color":"","overlay-opacity":"","overlay-gradient":""}}},"product_brand":[],"product_cat":[21],"product_tag":[82,93,83,99,43,1800,87,1791,91,95,23,72,41],"class_list":{"0":"post-553","1":"product","2":"type-product","3":"status-publish","4":"has-post-thumbnail","6":"product_cat-bone","7":"product_tag-coil-tattoo-machines","8":"product_tag-custom-tattoo-guns","9":"product_tag-custom-tattoo-machines","10":"product_tag-handmade-tattoo-machines","11":"product_tag-liner-tattoo-machine","12":"product_tag-macchinetta-per-tatuaggio-a-bobina","13":"product_tag-professional-tattoo-machines","14":"product_tag-spulen-tattoomaschinen","15":"product_tag-tattoo-equipment","16":"product_tag-tattoo-guns","17":"product_tag-tattoo-machine","18":"product_tag-tattoo-machine-coils","19":"product_tag-tattoo-machines","20":"pa_brand-rightstuff","21":"desktop-align-center","22":"tablet-align-left","23":"mobile-align-left","24":"ast-product-gallery-layout-horizontal-slider","25":"ast-product-tabs-layout-horizontal","27":"first","28":"outofstock","29":"sale","30":"taxable","31":"shipping-taxable","32":"purchasable","33":"product-type-simple"},"_links":{"self":[{"href":"https:\/\/rightstuff.eu\/de\/wp-json\/wp\/v2\/product\/553","targetHints":{"allow":["GET"]}}],"collection":[{"href":"https:\/\/rightstuff.eu\/de\/wp-json\/wp\/v2\/product"}],"about":[{"href":"https:\/\/rightstuff.eu\/de\/wp-json\/wp\/v2\/types\/product"}],"replies":[{"embeddable":true,"href":"https:\/\/rightstuff.eu\/de\/wp-json\/wp\/v2\/comments?post=553"}],"version-history":[{"count":0,"href":"https:\/\/rightstuff.eu\/de\/wp-json\/wp\/v2\/product\/553\/revisions"}],"wp:featuredmedia":[{"embeddable":true,"href":"https:\/\/rightstuff.eu\/de\/wp-json\/wp\/v2\/media\/49291"}],"wp:attachment":[{"href":"https:\/\/rightstuff.eu\/de\/wp-json\/wp\/v2\/media?parent=553"}],"wp:term":[{"taxonomy":"product_brand","embeddable":true,"href":"https:\/\/rightstuff.eu\/de\/wp-json\/wp\/v2\/product_brand?post=553"},{"taxonomy":"product_cat","embeddable":true,"href":"https:\/\/rightstuff.eu\/de\/wp-json\/wp\/v2\/product_cat?post=553"},{"taxonomy":"product_tag","embeddable":true,"href":"https:\/\/rightstuff.eu\/de\/wp-json\/wp\/v2\/product_tag?post=553"}],"curies":[{"name":"wp","href":"https:\/\/api.w.org\/{rel}","templated":true}]}}