{"id":552,"date":"2013-12-06T03:46:00","date_gmt":"2013-12-06T00:46:00","guid":{"rendered":"https:\/\/rightstuff.eu\/shop\/uncategorized\/bone-blck-liner-p-m\/"},"modified":"2025-01-22T01:37:14","modified_gmt":"2025-01-22T00:37:14","slug":"bone-blck-liner-p-m","status":"publish","type":"product","link":"https:\/\/rightstuff.eu\/de\/produkt\/bone-blck-liner-p-m\/","title":{"rendered":"BONE BLCK Liner P.M Tattoo Maschine"},"content":{"rendered":"<p>Die BONE BLCK Liner P.M. Tattoo Maschine ist ein neues, revolution\u00e4res Profiger\u00e4t f\u00fcr Hochgeschwindigkeitsarbeiten mit Tattoos. Wenn sie richtig eingestellt ist, macht sie dichte, homogene und gleichm\u00e4\u00dfige Linien. Dieses moderne Ger\u00e4t ist f\u00fcr schnell arbeitende Meister geeignet. Die K\u00fcnstlerinnen und K\u00fcnstler, die mit diesem Ger\u00e4t arbeiten, stellen fest, dass es aufgrund der geringen Vibration einfacher geworden ist, gleichm\u00e4\u00dfige Linien zu ziehen. Au\u00dferdem ist das Risiko, dass die Farbe in Problembereichen verwischt, deutlich geringer.<\/p>\n<p>Der Rahmen dieses Ger\u00e4ts, das \"klassische\" 180 Gramm wiegt, ist aus robustem Stahl gefertigt. Er ist sehr korrosionsbest\u00e4ndig und elektrisch isolierend, sodass das Ger\u00e4t viele Jahre lang verwendet werden kann. Fachleute sagen, dass der Rahmen des Ger\u00e4ts sicher gesch\u00fctzt ist. Das Ger\u00e4t kann mit einer erstaunlichen Geschwindigkeit und minimalen Vibrationen arbeiten, so dass die Haut des Kunden kaum verletzt wird. Der Hersteller empfiehlt die Verwendung von 5 -<a href=\"https:\/\/rightstuff.eu\/shop\/needles\/round-liner\/9rl\/\">9 Rl-Nadeln<\/a> arbeitet mit einer Spannung von 6,6 V. Die Ger\u00e4tefrequenz betr\u00e4gt 135 Hz. Die Standardmaschine hat 26 Millimeter breite Spulen mit acht Windungen.<\/p>","protected":false},"excerpt":{"rendered":"<p>Der Rahmen ist aus einem einzigen St\u00fcck Stahl gefr\u00e4st<\/p>\n<p>Hochwertige Coils - 26 mm * 8 Wicklungen<\/p>\n<p>Geschw\u00e4rzter Stahlbeschlag<\/p>\n<p>Bevorzugte Nadeln 3-9RL<\/p>\n<p>Extra langer Hub<\/p>\n<p>L\u00e4uft 135hz bei 6,6 Volt - unbelastet<\/p>\n<p>Die Tattoo-Maschine wiegt 180 g.<\/p>","protected":false},"featured_media":49294,"comment_status":"open","ping_status":"closed","template":"","meta":{"site-sidebar-layout":"default","site-content-layout":"","ast-site-content-layout":"default","site-content-style":"default","site-sidebar-style":"default","ast-global-header-display":"","ast-banner-title-visibility":"","ast-main-header-display":"","ast-hfb-above-header-display":"","ast-hfb-below-header-display":"","ast-hfb-mobile-header-display":"","site-post-title":"","ast-breadcrumbs-content":"","ast-featured-img":"","footer-sml-layout":"","ast-disable-related-posts":"","theme-transparent-header-meta":"default","adv-header-id-meta":"","stick-header-meta":"default","header-above-stick-meta":"","header-main-stick-meta":"","header-below-stick-meta":"","astra-migrate-meta-layouts":"set","ast-page-background-enabled":"default","ast-page-background-meta":{"desktop":{"background-color":"var(--ast-global-color-4)","background-image":"","background-repeat":"repeat","background-position":"center center","background-size":"auto","background-attachment":"scroll","background-type":"","background-media":"","overlay-type":"","overlay-color":"","overlay-opacity":"","overlay-gradient":""},"tablet":{"background-color":"","background-image":"","background-repeat":"repeat","background-position":"center center","background-size":"auto","background-attachment":"scroll","background-type":"","background-media":"","overlay-type":"","overlay-color":"","overlay-opacity":"","overlay-gradient":""},"mobile":{"background-color":"","background-image":"","background-repeat":"repeat","background-position":"center center","background-size":"auto","background-attachment":"scroll","background-type":"","background-media":"","overlay-type":"","overlay-color":"","overlay-opacity":"","overlay-gradient":""}},"ast-content-background-meta":{"desktop":{"background-color":"var(--ast-global-color-5)","background-image":"","background-repeat":"repeat","background-position":"center center","background-size":"auto","background-attachment":"scroll","background-type":"","background-media":"","overlay-type":"","overlay-color":"","overlay-opacity":"","overlay-gradient":""},"tablet":{"background-color":"var(--ast-global-color-5)","background-image":"","background-repeat":"repeat","background-position":"center center","background-size":"auto","background-attachment":"scroll","background-type":"","background-media":"","overlay-type":"","overlay-color":"","overlay-opacity":"","overlay-gradient":""},"mobile":{"background-color":"var(--ast-global-color-5)","background-image":"","background-repeat":"repeat","background-position":"center center","background-size":"auto","background-attachment":"scroll","background-type":"","background-media":"","overlay-type":"","overlay-color":"","overlay-opacity":"","overlay-gradient":""}}},"product_brand":[],"product_cat":[21],"product_tag":[82,93,83,99,1800,87,1791,91,95,72],"class_list":{"0":"post-552","1":"product","2":"type-product","3":"status-publish","4":"has-post-thumbnail","6":"product_cat-bone","7":"product_tag-coil-tattoo-machines","8":"product_tag-custom-tattoo-guns","9":"product_tag-custom-tattoo-machines","10":"product_tag-handmade-tattoo-machines","11":"product_tag-macchinetta-per-tatuaggio-a-bobina","12":"product_tag-professional-tattoo-machines","13":"product_tag-spulen-tattoomaschinen","14":"product_tag-tattoo-equipment","15":"product_tag-tattoo-guns","16":"product_tag-tattoo-machine-coils","17":"pa_brand-rightstuff","18":"desktop-align-center","19":"tablet-align-left","20":"mobile-align-left","21":"ast-product-gallery-layout-horizontal-slider","22":"ast-product-tabs-layout-horizontal","24":"first","25":"outofstock","26":"sale","27":"taxable","28":"shipping-taxable","29":"purchasable","30":"product-type-simple"},"_links":{"self":[{"href":"https:\/\/rightstuff.eu\/de\/wp-json\/wp\/v2\/product\/552","targetHints":{"allow":["GET"]}}],"collection":[{"href":"https:\/\/rightstuff.eu\/de\/wp-json\/wp\/v2\/product"}],"about":[{"href":"https:\/\/rightstuff.eu\/de\/wp-json\/wp\/v2\/types\/product"}],"replies":[{"embeddable":true,"href":"https:\/\/rightstuff.eu\/de\/wp-json\/wp\/v2\/comments?post=552"}],"version-history":[{"count":0,"href":"https:\/\/rightstuff.eu\/de\/wp-json\/wp\/v2\/product\/552\/revisions"}],"wp:featuredmedia":[{"embeddable":true,"href":"https:\/\/rightstuff.eu\/de\/wp-json\/wp\/v2\/media\/49294"}],"wp:attachment":[{"href":"https:\/\/rightstuff.eu\/de\/wp-json\/wp\/v2\/media?parent=552"}],"wp:term":[{"taxonomy":"product_brand","embeddable":true,"href":"https:\/\/rightstuff.eu\/de\/wp-json\/wp\/v2\/product_brand?post=552"},{"taxonomy":"product_cat","embeddable":true,"href":"https:\/\/rightstuff.eu\/de\/wp-json\/wp\/v2\/product_cat?post=552"},{"taxonomy":"product_tag","embeddable":true,"href":"https:\/\/rightstuff.eu\/de\/wp-json\/wp\/v2\/product_tag?post=552"}],"curies":[{"name":"wp","href":"https:\/\/api.w.org\/{rel}","templated":true}]}}