{"id":55136,"date":"2023-06-20T01:03:01","date_gmt":"2023-06-19T23:03:01","guid":{"rendered":"https:\/\/rightstuff.eu\/?post_type=product&#038;p=55136"},"modified":"2026-02-09T02:34:25","modified_gmt":"2026-02-09T01:34:25","slug":"rotary-tattoo-machine-cross-wht","status":"publish","type":"product","link":"https:\/\/rightstuff.eu\/de\/produkt\/rotary-tattoo-machine-cross-wht\/","title":{"rendered":"Rotations-T\u00e4towiermaschine - CROSS WHT"},"content":{"rendered":"<p>Cross Rotary Tattoo Machine with RCA connection. The CROSS 3,8\/WHT tattoo machine is a reliable machine with a superb finish. The machine is made of aluminum and has a weight of 70gr. The CROSS 3,8\/WHT hybrid rotary tattoo machine works with a speed of up to 10000 RPM and the optimal voltage is 8-12 volts. The stroke of the machine is 3,8 mm. The CROSS 3,8\/WHT rotary tattoo machine is one of the best machines for professionals. The machine is equipped with a high-quality spring and a high-quality bearing for longer life. \u00a0The CROSS 3,8\/WHT hybrid tattoo machine is a high-quality tattoo machine and has been designed with the professional tattoo artist in mind.<\/p>","protected":false},"excerpt":{"rendered":"<h3>CROSS Rotations-T\u00e4towiermaschine<\/h3>\n<p>3,8mm \/ 4.5mm Hub<br \/>\n10 000 RPM<br \/>\nPreferred voltage 4.5-7 volts, works up to 9 volts<\/p>\n<p>Empfohlen <a href=\"http:\/\/rs-tattoo.by\">Nadeln<\/a>: Bis zu 14 Liner, bis zu 48 Mag<\/p>\n<p>Vorzugsweise f\u00fcr die Arbeit mit Kartuschen<\/p>\n<p>HINWEIS: Die Stromversorgung muss \u00fcber eine Starthilfefunktion verf\u00fcgen, um das Ger\u00e4t mit der Patrone zu starten.<\/p>\n<p><a href=\"https:\/\/rightstuff.eu\/tattoo-machines\/power-supply\/rca-clip-cord-blk\/\">RCA-Anschluss<\/a><br \/>\nAluminium K\u00f6rper<br \/>\nGewicht 70 gr.<\/p>","protected":false},"featured_media":56527,"comment_status":"open","ping_status":"closed","template":"","meta":{"site-sidebar-layout":"default","site-content-layout":"default","ast-site-content-layout":"default","site-content-style":"default","site-sidebar-style":"default","ast-global-header-display":"","ast-banner-title-visibility":"","ast-main-header-display":"","ast-hfb-above-header-display":"","ast-hfb-below-header-display":"","ast-hfb-mobile-header-display":"","site-post-title":"","ast-breadcrumbs-content":"","ast-featured-img":"","footer-sml-layout":"","ast-disable-related-posts":"","theme-transparent-header-meta":"default","adv-header-id-meta":"","stick-header-meta":"default","header-above-stick-meta":"","header-main-stick-meta":"","header-below-stick-meta":"","astra-migrate-meta-layouts":"set","ast-page-background-enabled":"default","ast-page-background-meta":{"desktop":{"background-color":"var(--ast-global-color-4)","background-image":"","background-repeat":"repeat","background-position":"center center","background-size":"auto","background-attachment":"scroll","background-type":"","background-media":"","overlay-type":"","overlay-color":"","overlay-opacity":"","overlay-gradient":""},"tablet":{"background-color":"","background-image":"","background-repeat":"repeat","background-position":"center center","background-size":"auto","background-attachment":"scroll","background-type":"","background-media":"","overlay-type":"","overlay-color":"","overlay-opacity":"","overlay-gradient":""},"mobile":{"background-color":"","background-image":"","background-repeat":"repeat","background-position":"center center","background-size":"auto","background-attachment":"scroll","background-type":"","background-media":"","overlay-type":"","overlay-color":"","overlay-opacity":"","overlay-gradient":""}},"ast-content-background-meta":{"desktop":{"background-color":"var(--ast-global-color-5)","background-image":"","background-repeat":"repeat","background-position":"center center","background-size":"auto","background-attachment":"scroll","background-type":"","background-media":"","overlay-type":"","overlay-color":"","overlay-opacity":"","overlay-gradient":""},"tablet":{"background-color":"var(--ast-global-color-5)","background-image":"","background-repeat":"repeat","background-position":"center center","background-size":"auto","background-attachment":"scroll","background-type":"","background-media":"","overlay-type":"","overlay-color":"","overlay-opacity":"","overlay-gradient":""},"mobile":{"background-color":"var(--ast-global-color-5)","background-image":"","background-repeat":"repeat","background-position":"center center","background-size":"auto","background-attachment":"scroll","background-type":"","background-media":"","overlay-type":"","overlay-color":"","overlay-opacity":"","overlay-gradient":""}}},"product_brand":[],"product_cat":[1993],"product_tag":[101,93,83,100,99,1798,87,98,48,1806,97,1792,91,95,23],"class_list":{"0":"post-55136","1":"product","2":"type-product","3":"status-publish","4":"has-post-thumbnail","6":"product_cat-cross","7":"product_tag-custom-rotary-machines","8":"product_tag-custom-tattoo-guns","9":"product_tag-custom-tattoo-machines","10":"product_tag-handmade-rotary-tattoo-machines","11":"product_tag-handmade-tattoo-machines","12":"product_tag-maquinas-rotativas-de-tatuaje","13":"product_tag-professional-tattoo-machines","14":"product_tag-rotary-tattoo-guns","15":"product_tag-rotary-tattoo-machine","16":"product_tag-rotary-tattoo-machines","17":"product_tag-rotary-tattoo-pen","18":"product_tag-rotary-tattoomaschinen","19":"product_tag-tattoo-equipment","20":"product_tag-tattoo-guns","21":"product_tag-tattoo-machine","22":"desktop-align-center","23":"tablet-align-left","24":"mobile-align-left","25":"ast-product-gallery-layout-horizontal-slider","26":"ast-product-single-variable","27":"ast-product-tabs-layout-horizontal","29":"first","30":"outofstock","31":"taxable","32":"shipping-taxable","33":"purchasable","34":"product-type-variable"},"_links":{"self":[{"href":"https:\/\/rightstuff.eu\/de\/wp-json\/wp\/v2\/product\/55136","targetHints":{"allow":["GET"]}}],"collection":[{"href":"https:\/\/rightstuff.eu\/de\/wp-json\/wp\/v2\/product"}],"about":[{"href":"https:\/\/rightstuff.eu\/de\/wp-json\/wp\/v2\/types\/product"}],"replies":[{"embeddable":true,"href":"https:\/\/rightstuff.eu\/de\/wp-json\/wp\/v2\/comments?post=55136"}],"version-history":[{"count":0,"href":"https:\/\/rightstuff.eu\/de\/wp-json\/wp\/v2\/product\/55136\/revisions"}],"wp:featuredmedia":[{"embeddable":true,"href":"https:\/\/rightstuff.eu\/de\/wp-json\/wp\/v2\/media\/56527"}],"wp:attachment":[{"href":"https:\/\/rightstuff.eu\/de\/wp-json\/wp\/v2\/media?parent=55136"}],"wp:term":[{"taxonomy":"product_brand","embeddable":true,"href":"https:\/\/rightstuff.eu\/de\/wp-json\/wp\/v2\/product_brand?post=55136"},{"taxonomy":"product_cat","embeddable":true,"href":"https:\/\/rightstuff.eu\/de\/wp-json\/wp\/v2\/product_cat?post=55136"},{"taxonomy":"product_tag","embeddable":true,"href":"https:\/\/rightstuff.eu\/de\/wp-json\/wp\/v2\/product_tag?post=55136"}],"curies":[{"name":"wp","href":"https:\/\/api.w.org\/{rel}","templated":true}]}}