{"id":551,"date":"2013-12-01T20:08:00","date_gmt":"2013-12-01T17:08:00","guid":{"rendered":"https:\/\/rightstuff.eu\/shop\/uncategorized\/18rs\/"},"modified":"2025-01-22T01:37:15","modified_gmt":"2025-01-22T00:37:15","slug":"18rs","status":"publish","type":"product","link":"https:\/\/rightstuff.eu\/de\/produkt\/18rs\/","title":{"rendered":"Runde Shader-Nadel 18RS"},"content":{"rendered":"<p>Heutzutage ist der orientalische, insbesondere der japanische und chinesische Tattoo-Stil sehr beliebt. Nachdem sie die Bedeutung einiger Tattoos kennengelernt haben, glauben die Menschen, dass ein Hautbild ihr Leben komplett ver\u00e4ndern kann (nat\u00fcrlich zum Besseren). Sie bestellen 2-3 farbige, gro\u00dfe Tattoos, die ihren K\u00f6rper bedecken, realistische Bilder von verschiedenen Tieren, Bilder mit verschiedenen Schattierungen. Diese japanischen und chinesischen Tattoos werden \"Schritt f\u00fcr Schritt\" in mehreren Tagen hergestellt. Nachdem ein Meister die Konturen eines Tattoos fertiggestellt hat, nimmt er Round Shader Nadeln und beginnt mit dem F\u00e4rben und Schattieren des zuk\u00fcnftigen Tattoos. 18 RS-Nadeln mit einem Durchmesser von 0,35 mm und einer Sch\u00e4rfe von 1,5 mm bereiten dem Kunden keine Schmerzen, auch wenn die t\u00e4gliche Prozedur \u00fcber drei Stunden dauert. Bevor ein Meister ein Tattoo stechen l\u00e4sst, muss er seinen Kunden \u00fcber die wahre Bedeutung dieses oder jenes Bildes aufkl\u00e4ren. Der Tiger (Tora) steht zum Beispiel f\u00fcr Kraft, Mut und ein langes Leben. Das Tiger-Tattoo sch\u00fctzt vor Ungl\u00fcck, Krankheiten und D\u00e4monen. Es wird geglaubt, dass das Tragen eines Tigers auf dem K\u00f6rper vor Schmerzen und Krankheiten sch\u00fctzt. Der Falke (Taka) symbolisiert Mut, Kampfgeist und Adel. Das Symbol wird verwendet, um Menschen zu beschreiben, die gro\u00dfes Talent haben, aber einen bescheidenen Charakter. Die Schlange (Hebi), deren Haut mit 18RS-Nadeln beschattet ist, sch\u00fctzt vor Krankheiten, Naturkatastrophen und Misserfolg. Sie ist ein gutes Symbol, das Gl\u00fcck und Wohlstand bringt.<\/p>","protected":false},"excerpt":{"rendered":"<p>50 St\u00fcck\/Packung<\/p>","protected":false},"featured_media":28770,"comment_status":"open","ping_status":"closed","template":"","meta":{"site-sidebar-layout":"","site-content-layout":"","ast-site-content-layout":"default","site-content-style":"default","site-sidebar-style":"default","ast-global-header-display":"","ast-banner-title-visibility":"","ast-main-header-display":"","ast-hfb-above-header-display":"","ast-hfb-below-header-display":"","ast-hfb-mobile-header-display":"","site-post-title":"","ast-breadcrumbs-content":"","ast-featured-img":"","footer-sml-layout":"","ast-disable-related-posts":"","theme-transparent-header-meta":"","adv-header-id-meta":"","stick-header-meta":"","header-above-stick-meta":"","header-main-stick-meta":"","header-below-stick-meta":"","astra-migrate-meta-layouts":"default","ast-page-background-enabled":"default","ast-page-background-meta":{"desktop":{"background-color":"var(--ast-global-color-4)","background-image":"","background-repeat":"repeat","background-position":"center center","background-size":"auto","background-attachment":"scroll","background-type":"","background-media":"","overlay-type":"","overlay-color":"","overlay-opacity":"","overlay-gradient":""},"tablet":{"background-color":"","background-image":"","background-repeat":"repeat","background-position":"center center","background-size":"auto","background-attachment":"scroll","background-type":"","background-media":"","overlay-type":"","overlay-color":"","overlay-opacity":"","overlay-gradient":""},"mobile":{"background-color":"","background-image":"","background-repeat":"repeat","background-position":"center center","background-size":"auto","background-attachment":"scroll","background-type":"","background-media":"","overlay-type":"","overlay-color":"","overlay-opacity":"","overlay-gradient":""}},"ast-content-background-meta":{"desktop":{"background-color":"var(--ast-global-color-5)","background-image":"","background-repeat":"repeat","background-position":"center center","background-size":"auto","background-attachment":"scroll","background-type":"","background-media":"","overlay-type":"","overlay-color":"","overlay-opacity":"","overlay-gradient":""},"tablet":{"background-color":"var(--ast-global-color-5)","background-image":"","background-repeat":"repeat","background-position":"center center","background-size":"auto","background-attachment":"scroll","background-type":"","background-media":"","overlay-type":"","overlay-color":"","overlay-opacity":"","overlay-gradient":""},"mobile":{"background-color":"var(--ast-global-color-5)","background-image":"","background-repeat":"repeat","background-position":"center center","background-size":"auto","background-attachment":"scroll","background-type":"","background-media":"","overlay-type":"","overlay-color":"","overlay-opacity":"","overlay-gradient":""}}},"product_brand":[],"product_cat":[30],"product_tag":[81,102,1807,91,92],"class_list":{"0":"post-551","1":"product","2":"type-product","3":"status-publish","4":"has-post-thumbnail","6":"product_cat-round-shader","7":"product_tag-cartridge-tattoo-needles","8":"product_tag-rotary-tattoo-needles","9":"product_tag-tattoo-beginner-box","10":"product_tag-tattoo-equipment","11":"product_tag-tattoo-machines-parts","12":"pa_brand-rightstuff","13":"desktop-align-center","14":"tablet-align-left","15":"mobile-align-left","16":"ast-product-gallery-layout-horizontal-slider","17":"ast-product-gallery-with-no-image","18":"ast-product-tabs-layout-horizontal","20":"first","21":"outofstock","22":"taxable","23":"shipping-taxable","24":"purchasable","25":"product-type-simple"},"_links":{"self":[{"href":"https:\/\/rightstuff.eu\/de\/wp-json\/wp\/v2\/product\/551","targetHints":{"allow":["GET"]}}],"collection":[{"href":"https:\/\/rightstuff.eu\/de\/wp-json\/wp\/v2\/product"}],"about":[{"href":"https:\/\/rightstuff.eu\/de\/wp-json\/wp\/v2\/types\/product"}],"replies":[{"embeddable":true,"href":"https:\/\/rightstuff.eu\/de\/wp-json\/wp\/v2\/comments?post=551"}],"version-history":[{"count":0,"href":"https:\/\/rightstuff.eu\/de\/wp-json\/wp\/v2\/product\/551\/revisions"}],"wp:featuredmedia":[{"embeddable":true,"href":"https:\/\/rightstuff.eu\/de\/wp-json\/wp\/v2\/media\/28770"}],"wp:attachment":[{"href":"https:\/\/rightstuff.eu\/de\/wp-json\/wp\/v2\/media?parent=551"}],"wp:term":[{"taxonomy":"product_brand","embeddable":true,"href":"https:\/\/rightstuff.eu\/de\/wp-json\/wp\/v2\/product_brand?post=551"},{"taxonomy":"product_cat","embeddable":true,"href":"https:\/\/rightstuff.eu\/de\/wp-json\/wp\/v2\/product_cat?post=551"},{"taxonomy":"product_tag","embeddable":true,"href":"https:\/\/rightstuff.eu\/de\/wp-json\/wp\/v2\/product_tag?post=551"}],"curies":[{"name":"wp","href":"https:\/\/api.w.org\/{rel}","templated":true}]}}