{"id":549,"date":"2013-12-01T20:06:00","date_gmt":"2013-12-01T17:06:00","guid":{"rendered":"https:\/\/rightstuff.eu\/shop\/uncategorized\/14rs\/"},"modified":"2025-01-22T01:37:15","modified_gmt":"2025-01-22T00:37:15","slug":"14rs","status":"publish","type":"product","link":"https:\/\/rightstuff.eu\/de\/produkt\/14rs\/","title":{"rendered":"Runde Shader-Nadel 14RS"},"content":{"rendered":"<p>In der Vergangenheit hatte das Tattoo magische Eigenschaften, bedeutete den Status des Besitzers, die Zugeh\u00f6rigkeit zu einem bestimmten Stamm oder Stand. Heute zeigt es oft die Zugeh\u00f6rigkeit zu einer bestimmten Subkultur an (Gothic, Rocker, Kriminelle usw.). K\u00fcnstlerische Tattoos k\u00f6nnen farbig, einfarbig und sogar wei\u00df sein, ethnisch und fantasievoll; sie k\u00f6nnen Tiere und mystische Zeichen darstellen, Portr\u00e4ts von Menschen und philosophische Spr\u00fcche enthalten. Das Ergebnis des Bildes auf der Haut h\u00e4ngt vom Willen des Kunden und der Kunst des Meisters ab. In der Regel bringen die Kunden selbst Ideen und Themen f\u00fcr ihre Tattoos ein. Zum Beispiel kann eine Person in einen Tattoo-Salon kommen und darum bitten, den Namen seines M\u00e4dchens mit einem Herz auf seiner Schulter zu verewigen. Vielleicht verliebt er sich in einem Jahr in eine andere und m\u00f6chte das Bild wieder loswerden. Dann wird der Meister dieses Tattoo mit einem neuen \"schlie\u00dfen\", indem er das alte Bild mit 14RS-Nadeln schattiert. In diesem Fall sind schwarze und dunkle Farben zum T\u00e4towieren vorzuziehen. Dann schattiert der Meister ein neues Bild und versteckt die alte T\u00e4towierung. Echte Meister machen das so professionell, dass niemand ahnt, dass sich unter der Farbschicht ein weiteres Tattoo verbirgt. Nat\u00fcrlich sollten die 14RS-Nadeln steril sein, und sie k\u00f6nnen leicht sterilisiert werden, nachdem ein Meister seine Arbeit beendet hat.o Schattierung in Farbe, Schwarz und Grau.<\/p>","protected":false},"excerpt":{"rendered":"<p>50 St\u00fcck\/Packung<\/p>","protected":false},"featured_media":28768,"comment_status":"open","ping_status":"closed","template":"","meta":{"site-sidebar-layout":"","site-content-layout":"","ast-site-content-layout":"default","site-content-style":"default","site-sidebar-style":"default","ast-global-header-display":"","ast-banner-title-visibility":"","ast-main-header-display":"","ast-hfb-above-header-display":"","ast-hfb-below-header-display":"","ast-hfb-mobile-header-display":"","site-post-title":"","ast-breadcrumbs-content":"","ast-featured-img":"","footer-sml-layout":"","ast-disable-related-posts":"","theme-transparent-header-meta":"","adv-header-id-meta":"","stick-header-meta":"","header-above-stick-meta":"","header-main-stick-meta":"","header-below-stick-meta":"","astra-migrate-meta-layouts":"default","ast-page-background-enabled":"default","ast-page-background-meta":{"desktop":{"background-color":"var(--ast-global-color-4)","background-image":"","background-repeat":"repeat","background-position":"center center","background-size":"auto","background-attachment":"scroll","background-type":"","background-media":"","overlay-type":"","overlay-color":"","overlay-opacity":"","overlay-gradient":""},"tablet":{"background-color":"","background-image":"","background-repeat":"repeat","background-position":"center center","background-size":"auto","background-attachment":"scroll","background-type":"","background-media":"","overlay-type":"","overlay-color":"","overlay-opacity":"","overlay-gradient":""},"mobile":{"background-color":"","background-image":"","background-repeat":"repeat","background-position":"center center","background-size":"auto","background-attachment":"scroll","background-type":"","background-media":"","overlay-type":"","overlay-color":"","overlay-opacity":"","overlay-gradient":""}},"ast-content-background-meta":{"desktop":{"background-color":"var(--ast-global-color-5)","background-image":"","background-repeat":"repeat","background-position":"center center","background-size":"auto","background-attachment":"scroll","background-type":"","background-media":"","overlay-type":"","overlay-color":"","overlay-opacity":"","overlay-gradient":""},"tablet":{"background-color":"var(--ast-global-color-5)","background-image":"","background-repeat":"repeat","background-position":"center center","background-size":"auto","background-attachment":"scroll","background-type":"","background-media":"","overlay-type":"","overlay-color":"","overlay-opacity":"","overlay-gradient":""},"mobile":{"background-color":"var(--ast-global-color-5)","background-image":"","background-repeat":"repeat","background-position":"center center","background-size":"auto","background-attachment":"scroll","background-type":"","background-media":"","overlay-type":"","overlay-color":"","overlay-opacity":"","overlay-gradient":""}}},"product_brand":[],"product_cat":[30],"product_tag":[81,88,102,91,92,94],"class_list":{"0":"post-549","1":"product","2":"type-product","3":"status-publish","4":"has-post-thumbnail","6":"product_cat-round-shader","7":"product_tag-cartridge-tattoo-needles","8":"product_tag-professional-tattoo-kit","9":"product_tag-rotary-tattoo-needles","10":"product_tag-tattoo-equipment","11":"product_tag-tattoo-machines-parts","12":"product_tag-tattoo-sets","13":"pa_brand-rightstuff","14":"desktop-align-center","15":"tablet-align-left","16":"mobile-align-left","17":"ast-product-gallery-layout-horizontal-slider","18":"ast-product-gallery-with-no-image","19":"ast-product-tabs-layout-horizontal","21":"first","22":"outofstock","23":"taxable","24":"shipping-taxable","25":"purchasable","26":"product-type-simple"},"_links":{"self":[{"href":"https:\/\/rightstuff.eu\/de\/wp-json\/wp\/v2\/product\/549","targetHints":{"allow":["GET"]}}],"collection":[{"href":"https:\/\/rightstuff.eu\/de\/wp-json\/wp\/v2\/product"}],"about":[{"href":"https:\/\/rightstuff.eu\/de\/wp-json\/wp\/v2\/types\/product"}],"replies":[{"embeddable":true,"href":"https:\/\/rightstuff.eu\/de\/wp-json\/wp\/v2\/comments?post=549"}],"version-history":[{"count":0,"href":"https:\/\/rightstuff.eu\/de\/wp-json\/wp\/v2\/product\/549\/revisions"}],"wp:featuredmedia":[{"embeddable":true,"href":"https:\/\/rightstuff.eu\/de\/wp-json\/wp\/v2\/media\/28768"}],"wp:attachment":[{"href":"https:\/\/rightstuff.eu\/de\/wp-json\/wp\/v2\/media?parent=549"}],"wp:term":[{"taxonomy":"product_brand","embeddable":true,"href":"https:\/\/rightstuff.eu\/de\/wp-json\/wp\/v2\/product_brand?post=549"},{"taxonomy":"product_cat","embeddable":true,"href":"https:\/\/rightstuff.eu\/de\/wp-json\/wp\/v2\/product_cat?post=549"},{"taxonomy":"product_tag","embeddable":true,"href":"https:\/\/rightstuff.eu\/de\/wp-json\/wp\/v2\/product_tag?post=549"}],"curies":[{"name":"wp","href":"https:\/\/api.w.org\/{rel}","templated":true}]}}