{"id":548,"date":"2013-12-01T20:05:00","date_gmt":"2013-12-01T17:05:00","guid":{"rendered":"https:\/\/rightstuff.eu\/shop\/uncategorized\/13rs\/"},"modified":"2025-01-22T01:37:15","modified_gmt":"2025-01-22T00:37:15","slug":"13rs","status":"publish","type":"product","link":"https:\/\/rightstuff.eu\/de\/produkt\/13rs\/","title":{"rendered":"Runde Shader-Nadel 13RS"},"content":{"rendered":"<p>Eine gro\u00dfe T\u00e4towierung mit vielen Details, die mit 13RS-Nadeln gestochen werden, ist nur die H\u00e4lfte der Arbeit. Wenn man sagt, dass man eine T\u00e4towierung \"f\u00fcr das ganze Leben\" bekommt, dann ist damit nicht nur das Bild selbst gemeint. Eine T\u00e4towierung ist ein Teil deines K\u00f6rpers, den du auch pflegen musst. Denken Sie daran: Ihr Hauptfeind ist die Sonne. Die T\u00e4towierung muss entweder durch Kleidung oder Sonnenschutzmittel (LSF 50+) vor ihr gesch\u00fctzt werden. Andernfalls wird die Zeichnung (vor allem Farbe) schattiert mit 13RS und andere Nadeln schnell verblassen. Der zweite Feind ist seine eigene Faulheit. Ein guter Meister wird Ihnen eine Reihe von Anweisungen f\u00fcr die Pflege eines \"neuen Materials\" geben. Befolgen Sie diese gewissenhaft, denn die ersten zwei Wochen sind sehr wichtig und entscheidend. Betrachten Sie diese Zeit als eine postoperative Phase. W\u00fcrden Sie sich mit einem nicht verheilten Fu\u00df auf ein Fahrrad setzen? Zweifellos ist eine T\u00e4towierung eine Verletzung, auch wenn Sie beim Stechen keine Schmerzen versp\u00fcrt haben. Tausende von Injektionen pro Minute, die die Epidermis durchdringen und das Pigment in der Dermis platzieren - stellen Sie sich das einmal vor! Nehmen Sie sich Zeit, um sich nach dem Besuch eines T\u00e4towierers auszuruhen, und befolgen Sie immer alle Empfehlungen, die er Ihnen gegeben hat.lows it to shade in color, blacks &amp; greys.<\/p>","protected":false},"excerpt":{"rendered":"<p>50 St\u00fcck\/Packung<\/p>","protected":false},"featured_media":28767,"comment_status":"open","ping_status":"closed","template":"","meta":{"site-sidebar-layout":"","site-content-layout":"","ast-site-content-layout":"default","site-content-style":"default","site-sidebar-style":"default","ast-global-header-display":"","ast-banner-title-visibility":"","ast-main-header-display":"","ast-hfb-above-header-display":"","ast-hfb-below-header-display":"","ast-hfb-mobile-header-display":"","site-post-title":"","ast-breadcrumbs-content":"","ast-featured-img":"","footer-sml-layout":"","ast-disable-related-posts":"","theme-transparent-header-meta":"","adv-header-id-meta":"","stick-header-meta":"","header-above-stick-meta":"","header-main-stick-meta":"","header-below-stick-meta":"","astra-migrate-meta-layouts":"default","ast-page-background-enabled":"default","ast-page-background-meta":{"desktop":{"background-color":"var(--ast-global-color-4)","background-image":"","background-repeat":"repeat","background-position":"center center","background-size":"auto","background-attachment":"scroll","background-type":"","background-media":"","overlay-type":"","overlay-color":"","overlay-opacity":"","overlay-gradient":""},"tablet":{"background-color":"","background-image":"","background-repeat":"repeat","background-position":"center center","background-size":"auto","background-attachment":"scroll","background-type":"","background-media":"","overlay-type":"","overlay-color":"","overlay-opacity":"","overlay-gradient":""},"mobile":{"background-color":"","background-image":"","background-repeat":"repeat","background-position":"center center","background-size":"auto","background-attachment":"scroll","background-type":"","background-media":"","overlay-type":"","overlay-color":"","overlay-opacity":"","overlay-gradient":""}},"ast-content-background-meta":{"desktop":{"background-color":"var(--ast-global-color-5)","background-image":"","background-repeat":"repeat","background-position":"center center","background-size":"auto","background-attachment":"scroll","background-type":"","background-media":"","overlay-type":"","overlay-color":"","overlay-opacity":"","overlay-gradient":""},"tablet":{"background-color":"var(--ast-global-color-5)","background-image":"","background-repeat":"repeat","background-position":"center center","background-size":"auto","background-attachment":"scroll","background-type":"","background-media":"","overlay-type":"","overlay-color":"","overlay-opacity":"","overlay-gradient":""},"mobile":{"background-color":"var(--ast-global-color-5)","background-image":"","background-repeat":"repeat","background-position":"center center","background-size":"auto","background-attachment":"scroll","background-type":"","background-media":"","overlay-type":"","overlay-color":"","overlay-opacity":"","overlay-gradient":""}}},"product_brand":[],"product_cat":[30],"product_tag":[81,102,91,92],"class_list":{"0":"post-548","1":"product","2":"type-product","3":"status-publish","4":"has-post-thumbnail","6":"product_cat-round-shader","7":"product_tag-cartridge-tattoo-needles","8":"product_tag-rotary-tattoo-needles","9":"product_tag-tattoo-equipment","10":"product_tag-tattoo-machines-parts","11":"pa_brand-rightstuff","12":"desktop-align-center","13":"tablet-align-left","14":"mobile-align-left","15":"ast-product-gallery-layout-horizontal-slider","16":"ast-product-gallery-with-no-image","17":"ast-product-tabs-layout-horizontal","19":"first","20":"outofstock","21":"taxable","22":"shipping-taxable","23":"purchasable","24":"product-type-simple"},"_links":{"self":[{"href":"https:\/\/rightstuff.eu\/de\/wp-json\/wp\/v2\/product\/548","targetHints":{"allow":["GET"]}}],"collection":[{"href":"https:\/\/rightstuff.eu\/de\/wp-json\/wp\/v2\/product"}],"about":[{"href":"https:\/\/rightstuff.eu\/de\/wp-json\/wp\/v2\/types\/product"}],"replies":[{"embeddable":true,"href":"https:\/\/rightstuff.eu\/de\/wp-json\/wp\/v2\/comments?post=548"}],"version-history":[{"count":0,"href":"https:\/\/rightstuff.eu\/de\/wp-json\/wp\/v2\/product\/548\/revisions"}],"wp:featuredmedia":[{"embeddable":true,"href":"https:\/\/rightstuff.eu\/de\/wp-json\/wp\/v2\/media\/28767"}],"wp:attachment":[{"href":"https:\/\/rightstuff.eu\/de\/wp-json\/wp\/v2\/media?parent=548"}],"wp:term":[{"taxonomy":"product_brand","embeddable":true,"href":"https:\/\/rightstuff.eu\/de\/wp-json\/wp\/v2\/product_brand?post=548"},{"taxonomy":"product_cat","embeddable":true,"href":"https:\/\/rightstuff.eu\/de\/wp-json\/wp\/v2\/product_cat?post=548"},{"taxonomy":"product_tag","embeddable":true,"href":"https:\/\/rightstuff.eu\/de\/wp-json\/wp\/v2\/product_tag?post=548"}],"curies":[{"name":"wp","href":"https:\/\/api.w.org\/{rel}","templated":true}]}}