{"id":547,"date":"2013-12-01T23:03:00","date_gmt":"2013-12-01T20:03:00","guid":{"rendered":"https:\/\/rightstuff.eu\/shop\/uncategorized\/11rs\/"},"modified":"2025-01-22T01:37:14","modified_gmt":"2025-01-22T00:37:14","slug":"11rs","status":"publish","type":"product","link":"https:\/\/rightstuff.eu\/de\/produkt\/11rs\/","title":{"rendered":"Runde Shader-Nadel 11RS"},"content":{"rendered":"<p>Wenn ein Kunde ein ziemlich gro\u00dfes Tattoo bestellt, das aus vielen Details besteht, die mit 11RS-Nadeln gestochen werden sollen, fragt er immer nach dem Preis des Tattoos. Die Kosten f\u00fcr das T\u00e4towieren werden normalerweise in Arbeitsstunden des Meisters gemessen. Der tats\u00e4chliche Endpreis wird von der Erfahrung des Meisters, seinem Ruhm und seiner Arbeitsbelastung, dem Standort des Salons, der Gr\u00f6\u00dfe und Komplexit\u00e4t des Bildes und den Materialkosten beeinflusst. Wenn ein T\u00e4towierer zum Beispiel regelm\u00e4\u00dfig einen Haufen 11RS-Nadeln online bestellt, bekommt er Rabatte, und der Endpreis seiner Arbeit wird ebenfalls reduziert - der Kerl gibt einfach weniger Geld f\u00fcr <a href=\"https:\/\/rightstuff.eu\/product-tag\/tattoo-supplies\/\">Ausr\u00fcstung<\/a>. Wenn du jedoch etwas \u00fcber die Zeit erfahren m\u00f6chtest, die du f\u00fcr bestimmte Tattoos ben\u00f6tigst, werden dir diese Tipps helfen. Der Meister braucht zum Beispiel sechs Sitzungen \u00e0 vier Stunden, um den ganzen Arm zu t\u00e4towieren (einen \"\u00c4rmel\" zu machen). Die Schulter wird 6 Stunden lang mit einem Tattoo bedeckt. F\u00fcr ein kleines Unterarm-Kunstwerk mit Details musst du 4 Stunden in einem Tattoo-Salon bleiben.<\/p>","protected":false},"excerpt":{"rendered":"<p>50 St\u00fcck\/Packung<\/p>","protected":false},"featured_media":28766,"comment_status":"open","ping_status":"closed","template":"","meta":{"site-sidebar-layout":"","site-content-layout":"","ast-site-content-layout":"default","site-content-style":"default","site-sidebar-style":"default","ast-global-header-display":"","ast-banner-title-visibility":"","ast-main-header-display":"","ast-hfb-above-header-display":"","ast-hfb-below-header-display":"","ast-hfb-mobile-header-display":"","site-post-title":"","ast-breadcrumbs-content":"","ast-featured-img":"","footer-sml-layout":"","ast-disable-related-posts":"","theme-transparent-header-meta":"","adv-header-id-meta":"","stick-header-meta":"","header-above-stick-meta":"","header-main-stick-meta":"","header-below-stick-meta":"","astra-migrate-meta-layouts":"default","ast-page-background-enabled":"default","ast-page-background-meta":{"desktop":{"background-color":"var(--ast-global-color-4)","background-image":"","background-repeat":"repeat","background-position":"center center","background-size":"auto","background-attachment":"scroll","background-type":"","background-media":"","overlay-type":"","overlay-color":"","overlay-opacity":"","overlay-gradient":""},"tablet":{"background-color":"","background-image":"","background-repeat":"repeat","background-position":"center center","background-size":"auto","background-attachment":"scroll","background-type":"","background-media":"","overlay-type":"","overlay-color":"","overlay-opacity":"","overlay-gradient":""},"mobile":{"background-color":"","background-image":"","background-repeat":"repeat","background-position":"center center","background-size":"auto","background-attachment":"scroll","background-type":"","background-media":"","overlay-type":"","overlay-color":"","overlay-opacity":"","overlay-gradient":""}},"ast-content-background-meta":{"desktop":{"background-color":"var(--ast-global-color-5)","background-image":"","background-repeat":"repeat","background-position":"center center","background-size":"auto","background-attachment":"scroll","background-type":"","background-media":"","overlay-type":"","overlay-color":"","overlay-opacity":"","overlay-gradient":""},"tablet":{"background-color":"var(--ast-global-color-5)","background-image":"","background-repeat":"repeat","background-position":"center center","background-size":"auto","background-attachment":"scroll","background-type":"","background-media":"","overlay-type":"","overlay-color":"","overlay-opacity":"","overlay-gradient":""},"mobile":{"background-color":"var(--ast-global-color-5)","background-image":"","background-repeat":"repeat","background-position":"center center","background-size":"auto","background-attachment":"scroll","background-type":"","background-media":"","overlay-type":"","overlay-color":"","overlay-opacity":"","overlay-gradient":""}}},"product_brand":[],"product_cat":[30],"product_tag":[81,102,1807,91,70,92,94],"class_list":{"0":"post-547","1":"product","2":"type-product","3":"status-publish","4":"has-post-thumbnail","6":"product_cat-round-shader","7":"product_tag-cartridge-tattoo-needles","8":"product_tag-rotary-tattoo-needles","9":"product_tag-tattoo-beginner-box","10":"product_tag-tattoo-equipment","11":"product_tag-tattoo-kits","12":"product_tag-tattoo-machines-parts","13":"product_tag-tattoo-sets","14":"pa_brand-rightstuff","15":"desktop-align-center","16":"tablet-align-left","17":"mobile-align-left","18":"ast-product-gallery-layout-horizontal-slider","19":"ast-product-gallery-with-no-image","20":"ast-product-tabs-layout-horizontal","22":"first","23":"outofstock","24":"taxable","25":"shipping-taxable","26":"purchasable","27":"product-type-simple"},"_links":{"self":[{"href":"https:\/\/rightstuff.eu\/de\/wp-json\/wp\/v2\/product\/547","targetHints":{"allow":["GET"]}}],"collection":[{"href":"https:\/\/rightstuff.eu\/de\/wp-json\/wp\/v2\/product"}],"about":[{"href":"https:\/\/rightstuff.eu\/de\/wp-json\/wp\/v2\/types\/product"}],"replies":[{"embeddable":true,"href":"https:\/\/rightstuff.eu\/de\/wp-json\/wp\/v2\/comments?post=547"}],"version-history":[{"count":0,"href":"https:\/\/rightstuff.eu\/de\/wp-json\/wp\/v2\/product\/547\/revisions"}],"wp:featuredmedia":[{"embeddable":true,"href":"https:\/\/rightstuff.eu\/de\/wp-json\/wp\/v2\/media\/28766"}],"wp:attachment":[{"href":"https:\/\/rightstuff.eu\/de\/wp-json\/wp\/v2\/media?parent=547"}],"wp:term":[{"taxonomy":"product_brand","embeddable":true,"href":"https:\/\/rightstuff.eu\/de\/wp-json\/wp\/v2\/product_brand?post=547"},{"taxonomy":"product_cat","embeddable":true,"href":"https:\/\/rightstuff.eu\/de\/wp-json\/wp\/v2\/product_cat?post=547"},{"taxonomy":"product_tag","embeddable":true,"href":"https:\/\/rightstuff.eu\/de\/wp-json\/wp\/v2\/product_tag?post=547"}],"curies":[{"name":"wp","href":"https:\/\/api.w.org\/{rel}","templated":true}]}}