{"id":543,"date":"2013-12-01T22:59:00","date_gmt":"2013-12-01T19:59:00","guid":{"rendered":"https:\/\/rightstuff.eu\/shop\/uncategorized\/3rs\/"},"modified":"2025-01-22T01:37:14","modified_gmt":"2025-01-22T00:37:14","slug":"3rs","status":"publish","type":"product","link":"https:\/\/rightstuff.eu\/de\/produkt\/3rs\/","title":{"rendered":"Runde Shader-Nadel 3RS"},"content":{"rendered":"<p>Tattoos geh\u00f6ren schon seit langer Zeit zum \"Dekor\" der Haut von Seeleuten und Gefangenen. Sie werden von ganz unterschiedlichen Menschen getragen, um sich \"auszudr\u00fccken\", um einen Teil des K\u00f6rpers zu zeigen oder, umgekehrt, um eine Narbe zu verbergen. Schlie\u00dflich geht es nur um die Sch\u00f6nheit. Aber neben den bekannten Fakten (Schmerzen, Wichtigkeit der hygienischen Bedingungen beim Auftragen) gibt es auch viele Spekulationen \u00fcber die Kunst des T\u00e4towierens. Viele Kunden, die einen T\u00e4towiermeister besuchen, k\u00f6nnen sich zum Beispiel gar nicht vorstellen, wie viele verschiedene Nadeln er verwendet. Wenn er zum Beispiel ein gro\u00dfes Tattoo stechen und schattieren will, kann er flache Nadeln w\u00e4hlen, aber f\u00fcr die Schattierung sehr kleiner Tattoo-Teile und Details arbeitet er lieber mit 3RS-Nadeln. Diese Nadeln werden \"rund\" genannt, weil ihr B\u00fcndel (wenn du auf ihre Spitze schaust) einen gleichm\u00e4\u00dfigen Kreis bildet, der aus mehreren einzelnen Nadeln besteht. 3 RS werden in einer sterilen Packung geliefert und werden meist als Schattierungsnadeln f\u00fcr <a href=\"https:\/\/rightstuff.eu\/product-category\/tattoo-machines\/\">Tattoo-Maschinen<\/a>Sie sind auch zum Stempeln und Malen geeignet, wenn feine Details des Bildes erforderlich sind.<\/p>","protected":false},"excerpt":{"rendered":"<p>50 St\u00fcck\/Packung<\/p>","protected":false},"featured_media":1190,"comment_status":"open","ping_status":"closed","template":"","meta":{"site-sidebar-layout":"","site-content-layout":"","ast-site-content-layout":"default","site-content-style":"default","site-sidebar-style":"default","ast-global-header-display":"","ast-banner-title-visibility":"","ast-main-header-display":"","ast-hfb-above-header-display":"","ast-hfb-below-header-display":"","ast-hfb-mobile-header-display":"","site-post-title":"","ast-breadcrumbs-content":"","ast-featured-img":"","footer-sml-layout":"","ast-disable-related-posts":"","theme-transparent-header-meta":"","adv-header-id-meta":"","stick-header-meta":"","header-above-stick-meta":"","header-main-stick-meta":"","header-below-stick-meta":"","astra-migrate-meta-layouts":"default","ast-page-background-enabled":"default","ast-page-background-meta":{"desktop":{"background-color":"var(--ast-global-color-4)","background-image":"","background-repeat":"repeat","background-position":"center center","background-size":"auto","background-attachment":"scroll","background-type":"","background-media":"","overlay-type":"","overlay-color":"","overlay-opacity":"","overlay-gradient":""},"tablet":{"background-color":"","background-image":"","background-repeat":"repeat","background-position":"center center","background-size":"auto","background-attachment":"scroll","background-type":"","background-media":"","overlay-type":"","overlay-color":"","overlay-opacity":"","overlay-gradient":""},"mobile":{"background-color":"","background-image":"","background-repeat":"repeat","background-position":"center center","background-size":"auto","background-attachment":"scroll","background-type":"","background-media":"","overlay-type":"","overlay-color":"","overlay-opacity":"","overlay-gradient":""}},"ast-content-background-meta":{"desktop":{"background-color":"var(--ast-global-color-5)","background-image":"","background-repeat":"repeat","background-position":"center center","background-size":"auto","background-attachment":"scroll","background-type":"","background-media":"","overlay-type":"","overlay-color":"","overlay-opacity":"","overlay-gradient":""},"tablet":{"background-color":"var(--ast-global-color-5)","background-image":"","background-repeat":"repeat","background-position":"center center","background-size":"auto","background-attachment":"scroll","background-type":"","background-media":"","overlay-type":"","overlay-color":"","overlay-opacity":"","overlay-gradient":""},"mobile":{"background-color":"var(--ast-global-color-5)","background-image":"","background-repeat":"repeat","background-position":"center center","background-size":"auto","background-attachment":"scroll","background-type":"","background-media":"","overlay-type":"","overlay-color":"","overlay-opacity":"","overlay-gradient":""}}},"product_brand":[],"product_cat":[30],"product_tag":[81,102,91,92],"class_list":{"0":"post-543","1":"product","2":"type-product","3":"status-publish","4":"has-post-thumbnail","6":"product_cat-round-shader","7":"product_tag-cartridge-tattoo-needles","8":"product_tag-rotary-tattoo-needles","9":"product_tag-tattoo-equipment","10":"product_tag-tattoo-machines-parts","11":"pa_brand-rightstuff","12":"desktop-align-center","13":"tablet-align-left","14":"mobile-align-left","15":"ast-product-gallery-layout-horizontal-slider","16":"ast-product-gallery-with-no-image","17":"ast-product-tabs-layout-horizontal","19":"first","20":"outofstock","21":"taxable","22":"shipping-taxable","23":"purchasable","24":"product-type-simple"},"_links":{"self":[{"href":"https:\/\/rightstuff.eu\/de\/wp-json\/wp\/v2\/product\/543","targetHints":{"allow":["GET"]}}],"collection":[{"href":"https:\/\/rightstuff.eu\/de\/wp-json\/wp\/v2\/product"}],"about":[{"href":"https:\/\/rightstuff.eu\/de\/wp-json\/wp\/v2\/types\/product"}],"replies":[{"embeddable":true,"href":"https:\/\/rightstuff.eu\/de\/wp-json\/wp\/v2\/comments?post=543"}],"version-history":[{"count":0,"href":"https:\/\/rightstuff.eu\/de\/wp-json\/wp\/v2\/product\/543\/revisions"}],"wp:featuredmedia":[{"embeddable":true,"href":"https:\/\/rightstuff.eu\/de\/wp-json\/wp\/v2\/media\/1190"}],"wp:attachment":[{"href":"https:\/\/rightstuff.eu\/de\/wp-json\/wp\/v2\/media?parent=543"}],"wp:term":[{"taxonomy":"product_brand","embeddable":true,"href":"https:\/\/rightstuff.eu\/de\/wp-json\/wp\/v2\/product_brand?post=543"},{"taxonomy":"product_cat","embeddable":true,"href":"https:\/\/rightstuff.eu\/de\/wp-json\/wp\/v2\/product_cat?post=543"},{"taxonomy":"product_tag","embeddable":true,"href":"https:\/\/rightstuff.eu\/de\/wp-json\/wp\/v2\/product_tag?post=543"}],"curies":[{"name":"wp","href":"https:\/\/api.w.org\/{rel}","templated":true}]}}