{"id":542,"date":"2013-12-01T19:57:00","date_gmt":"2013-12-01T16:57:00","guid":{"rendered":"https:\/\/rightstuff.eu\/shop\/uncategorized\/15rm\/"},"modified":"2025-01-22T01:37:16","modified_gmt":"2025-01-22T00:37:16","slug":"15rm","status":"publish","type":"product","link":"https:\/\/rightstuff.eu\/de\/produkt\/15rm\/","title":{"rendered":"Runde Magnum-Nadel 15RM"},"content":{"rendered":"<p>Zeitgen\u00f6ssische Tattoos werden in verschiedenen Stilen ausgef\u00fchrt - Fantasy, Polynesisch, Russisch, Orientalisch, Japanisch. Die Kunst, japanische Tattoos zu zeichnen, ist heute auf dem H\u00f6hepunkt ihrer Popularit\u00e4t. In der Regel tr\u00e4gt jede der Darstellungen eine bestimmte Bedeutung, die in den Symbolen versteckt ist. Eines der beliebtesten Motive ist der Drache in verschiedenen Kompositionen. Die Bedeutung dieses Bildes wird oft mit Weisheit, St\u00e4rke und Selbstvertrauen in Verbindung gebracht. Au\u00dferdem gelten Bilder von Fischen als Symbol f\u00fcr Mut und Tiger - f\u00fcr Furchtlosigkeit. Au\u00dferdem wird der japanische Stil oft von Frauen gew\u00e4hlt, die einen Tattoo-Meister bitten, ein Tattoo mit Sakura-Blumen, Chrysanthemen oder Pfingstrosen zu machen. Der japanische Stil l\u00e4sst sich an einigen der auff\u00e4lligsten Merkmale erkennen: Die T\u00e4towierungen sind recht umfangreich und werden in einer bestimmten Form ausgef\u00fchrt, die an einen Kimono erinnert. Es gibt viele Schattierungen und Linien. Sie bilden eine gro\u00dfe Komposition aus vielen Minibildern innerhalb der Grenzen eines gro\u00dfen Tattoos. Deshalb arbeitet ein T\u00e4towierer mehrere Tage an einem japanischen Tattoo und verwendet f\u00fcr seine Arbeit Magnum 15RM Nadeln, die das beste Ergebnis beim Stechen von langen Linien auf gro\u00dfen Hautfl\u00e4chen liefern. Magnum 15RM Nadeln werden steril geliefert und k\u00f6nnen nach der Arbeit leicht sterilisiert werden. Wenn also ein Kunde zu seinem Meister kommt, um sich t\u00e4towieren zu lassen, kann der K\u00fcnstler die gleichen hochwertigen Nadeln verwenden.<\/p>","protected":false},"excerpt":{"rendered":"<p>50 St\u00fcck\/Packung<\/p>","protected":false},"featured_media":28765,"comment_status":"open","ping_status":"closed","template":"","meta":{"site-sidebar-layout":"","site-content-layout":"","ast-site-content-layout":"default","site-content-style":"default","site-sidebar-style":"default","ast-global-header-display":"","ast-banner-title-visibility":"","ast-main-header-display":"","ast-hfb-above-header-display":"","ast-hfb-below-header-display":"","ast-hfb-mobile-header-display":"","site-post-title":"","ast-breadcrumbs-content":"","ast-featured-img":"","footer-sml-layout":"","ast-disable-related-posts":"","theme-transparent-header-meta":"","adv-header-id-meta":"","stick-header-meta":"","header-above-stick-meta":"","header-main-stick-meta":"","header-below-stick-meta":"","astra-migrate-meta-layouts":"default","ast-page-background-enabled":"default","ast-page-background-meta":{"desktop":{"background-color":"var(--ast-global-color-4)","background-image":"","background-repeat":"repeat","background-position":"center center","background-size":"auto","background-attachment":"scroll","background-type":"","background-media":"","overlay-type":"","overlay-color":"","overlay-opacity":"","overlay-gradient":""},"tablet":{"background-color":"","background-image":"","background-repeat":"repeat","background-position":"center center","background-size":"auto","background-attachment":"scroll","background-type":"","background-media":"","overlay-type":"","overlay-color":"","overlay-opacity":"","overlay-gradient":""},"mobile":{"background-color":"","background-image":"","background-repeat":"repeat","background-position":"center center","background-size":"auto","background-attachment":"scroll","background-type":"","background-media":"","overlay-type":"","overlay-color":"","overlay-opacity":"","overlay-gradient":""}},"ast-content-background-meta":{"desktop":{"background-color":"var(--ast-global-color-5)","background-image":"","background-repeat":"repeat","background-position":"center center","background-size":"auto","background-attachment":"scroll","background-type":"","background-media":"","overlay-type":"","overlay-color":"","overlay-opacity":"","overlay-gradient":""},"tablet":{"background-color":"var(--ast-global-color-5)","background-image":"","background-repeat":"repeat","background-position":"center center","background-size":"auto","background-attachment":"scroll","background-type":"","background-media":"","overlay-type":"","overlay-color":"","overlay-opacity":"","overlay-gradient":""},"mobile":{"background-color":"var(--ast-global-color-5)","background-image":"","background-repeat":"repeat","background-position":"center center","background-size":"auto","background-attachment":"scroll","background-type":"","background-media":"","overlay-type":"","overlay-color":"","overlay-opacity":"","overlay-gradient":""}}},"product_brand":[],"product_cat":[29],"product_tag":[81,85,102,91,92],"class_list":{"0":"post-542","1":"product","2":"type-product","3":"status-publish","4":"has-post-thumbnail","6":"product_cat-rm","7":"product_tag-cartridge-tattoo-needles","8":"product_tag-magnum-tattoo-needles","9":"product_tag-rotary-tattoo-needles","10":"product_tag-tattoo-equipment","11":"product_tag-tattoo-machines-parts","12":"pa_brand-rightstuff","13":"desktop-align-center","14":"tablet-align-left","15":"mobile-align-left","16":"ast-product-gallery-layout-horizontal-slider","17":"ast-product-gallery-with-no-image","18":"ast-product-tabs-layout-horizontal","20":"first","21":"outofstock","22":"taxable","23":"shipping-taxable","24":"purchasable","25":"product-type-simple"},"_links":{"self":[{"href":"https:\/\/rightstuff.eu\/de\/wp-json\/wp\/v2\/product\/542","targetHints":{"allow":["GET"]}}],"collection":[{"href":"https:\/\/rightstuff.eu\/de\/wp-json\/wp\/v2\/product"}],"about":[{"href":"https:\/\/rightstuff.eu\/de\/wp-json\/wp\/v2\/types\/product"}],"replies":[{"embeddable":true,"href":"https:\/\/rightstuff.eu\/de\/wp-json\/wp\/v2\/comments?post=542"}],"version-history":[{"count":0,"href":"https:\/\/rightstuff.eu\/de\/wp-json\/wp\/v2\/product\/542\/revisions"}],"wp:featuredmedia":[{"embeddable":true,"href":"https:\/\/rightstuff.eu\/de\/wp-json\/wp\/v2\/media\/28765"}],"wp:attachment":[{"href":"https:\/\/rightstuff.eu\/de\/wp-json\/wp\/v2\/media?parent=542"}],"wp:term":[{"taxonomy":"product_brand","embeddable":true,"href":"https:\/\/rightstuff.eu\/de\/wp-json\/wp\/v2\/product_brand?post=542"},{"taxonomy":"product_cat","embeddable":true,"href":"https:\/\/rightstuff.eu\/de\/wp-json\/wp\/v2\/product_cat?post=542"},{"taxonomy":"product_tag","embeddable":true,"href":"https:\/\/rightstuff.eu\/de\/wp-json\/wp\/v2\/product_tag?post=542"}],"curies":[{"name":"wp","href":"https:\/\/api.w.org\/{rel}","templated":true}]}}