{"id":540,"date":"2013-12-01T19:55:00","date_gmt":"2013-12-01T16:55:00","guid":{"rendered":"https:\/\/rightstuff.eu\/shop\/uncategorized\/11rm\/"},"modified":"2025-01-22T01:37:16","modified_gmt":"2025-01-22T00:37:16","slug":"11rm","status":"publish","type":"product","link":"https:\/\/rightstuff.eu\/de\/produkt\/11rm\/","title":{"rendered":"Runde Magnum-Nadel 11RM"},"content":{"rendered":"<p>Die Kunst des T\u00e4towierens entwickelt sich st\u00e4ndig weiter - deshalb erscheinen jeden Tag neue Werke von Tattoo-Profis, die durch ihre Komplexit\u00e4t und gleichzeitig durch ihre tiefe Bedeutung und erstaunlich detaillierte Zeichnung von Details verbl\u00fcffen. Zum Beispiel setzt der Fantasy-Tattoo-Stil die hohe Professionalit\u00e4t der <a href=\"https:\/\/rs-tattoo.by\" target=\"_blank\" rel=\"noopener\">Tattoo-K\u00fcnstler<\/a>Denn ein K\u00fcnstler muss nicht nur die gew\u00e4hlte Skizze darstellen, sondern auch die Struktur des Bildes selbst verstehen, um die richtige Stelle f\u00fcr ein Tattoo zu finden.<\/p>\n<p>Traditionell bieten Personen, die sich gut mit der T\u00e4towierkunst auskennen, ihren Kunden an, ein Bild auf ihrer Schulter oder ihrem Handgelenk anzufertigen. Wenn vor Jahrhunderten die Bilder verschiedener mystischer Wesen aus der Antike die K\u00f6rper von Priestern und anderen wichtigen Personen schm\u00fcckten, kann heute jeder Mann oder jede Frau in einen Tattoo-Salon kommen und einen Meister bitten, ihnen ein bizarres Hautbild mit einer verborgenen Bedeutung zu geben.<\/p>\n<p>Der Fantasystil zieht die Aufmerksamkeit auf sich: Eine Kombination aus interessanten Handlungsstr\u00e4ngen und hochwertigen Darbietungen ergibt ein erstaunliches Ergebnis.<\/p>\n<p>Wenn ein Meister au\u00dferdem die runde Magnum-Nadel 11RM <a href=\"https:\/\/rightstuff.eu\/blog\/note-these-things-when-buying-tattoo-equipment-supplies\/\">Professionelle Tattoo-Nadeln<\/a> (ebenfalls 0,35 mm im Durchmesser), wird das Tattoo zu einem extrem realistischen Bild - diese Nadeln sorgen f\u00fcr eine perfekte Schattierung und dichte Konturen!<\/p>","protected":false},"excerpt":{"rendered":"<h4>Runde Magnum-Nadel<\/h4>\n<p>50 St\u00fcck\/Packung<\/p>","protected":false},"featured_media":1189,"comment_status":"open","ping_status":"closed","template":"","meta":{"site-sidebar-layout":"","site-content-layout":"","ast-site-content-layout":"default","site-content-style":"default","site-sidebar-style":"default","ast-global-header-display":"","ast-banner-title-visibility":"","ast-main-header-display":"","ast-hfb-above-header-display":"","ast-hfb-below-header-display":"","ast-hfb-mobile-header-display":"","site-post-title":"","ast-breadcrumbs-content":"","ast-featured-img":"","footer-sml-layout":"","ast-disable-related-posts":"","theme-transparent-header-meta":"","adv-header-id-meta":"","stick-header-meta":"","header-above-stick-meta":"","header-main-stick-meta":"","header-below-stick-meta":"","astra-migrate-meta-layouts":"default","ast-page-background-enabled":"default","ast-page-background-meta":{"desktop":{"background-color":"var(--ast-global-color-4)","background-image":"","background-repeat":"repeat","background-position":"center center","background-size":"auto","background-attachment":"scroll","background-type":"","background-media":"","overlay-type":"","overlay-color":"","overlay-opacity":"","overlay-gradient":""},"tablet":{"background-color":"","background-image":"","background-repeat":"repeat","background-position":"center center","background-size":"auto","background-attachment":"scroll","background-type":"","background-media":"","overlay-type":"","overlay-color":"","overlay-opacity":"","overlay-gradient":""},"mobile":{"background-color":"","background-image":"","background-repeat":"repeat","background-position":"center center","background-size":"auto","background-attachment":"scroll","background-type":"","background-media":"","overlay-type":"","overlay-color":"","overlay-opacity":"","overlay-gradient":""}},"ast-content-background-meta":{"desktop":{"background-color":"var(--ast-global-color-5)","background-image":"","background-repeat":"repeat","background-position":"center center","background-size":"auto","background-attachment":"scroll","background-type":"","background-media":"","overlay-type":"","overlay-color":"","overlay-opacity":"","overlay-gradient":""},"tablet":{"background-color":"var(--ast-global-color-5)","background-image":"","background-repeat":"repeat","background-position":"center center","background-size":"auto","background-attachment":"scroll","background-type":"","background-media":"","overlay-type":"","overlay-color":"","overlay-opacity":"","overlay-gradient":""},"mobile":{"background-color":"var(--ast-global-color-5)","background-image":"","background-repeat":"repeat","background-position":"center center","background-size":"auto","background-attachment":"scroll","background-type":"","background-media":"","overlay-type":"","overlay-color":"","overlay-opacity":"","overlay-gradient":""}}},"product_brand":[],"product_cat":[29],"product_tag":[81,85,88,102,1807,91,70,92,94],"class_list":{"0":"post-540","1":"product","2":"type-product","3":"status-publish","4":"has-post-thumbnail","6":"product_cat-rm","7":"product_tag-cartridge-tattoo-needles","8":"product_tag-magnum-tattoo-needles","9":"product_tag-professional-tattoo-kit","10":"product_tag-rotary-tattoo-needles","11":"product_tag-tattoo-beginner-box","12":"product_tag-tattoo-equipment","13":"product_tag-tattoo-kits","14":"product_tag-tattoo-machines-parts","15":"product_tag-tattoo-sets","16":"pa_brand-rightstuff","17":"desktop-align-center","18":"tablet-align-left","19":"mobile-align-left","20":"ast-product-gallery-layout-horizontal-slider","21":"ast-product-gallery-with-no-image","22":"ast-product-tabs-layout-horizontal","24":"first","25":"outofstock","26":"taxable","27":"shipping-taxable","28":"purchasable","29":"product-type-simple"},"_links":{"self":[{"href":"https:\/\/rightstuff.eu\/de\/wp-json\/wp\/v2\/product\/540","targetHints":{"allow":["GET"]}}],"collection":[{"href":"https:\/\/rightstuff.eu\/de\/wp-json\/wp\/v2\/product"}],"about":[{"href":"https:\/\/rightstuff.eu\/de\/wp-json\/wp\/v2\/types\/product"}],"replies":[{"embeddable":true,"href":"https:\/\/rightstuff.eu\/de\/wp-json\/wp\/v2\/comments?post=540"}],"version-history":[{"count":0,"href":"https:\/\/rightstuff.eu\/de\/wp-json\/wp\/v2\/product\/540\/revisions"}],"wp:featuredmedia":[{"embeddable":true,"href":"https:\/\/rightstuff.eu\/de\/wp-json\/wp\/v2\/media\/1189"}],"wp:attachment":[{"href":"https:\/\/rightstuff.eu\/de\/wp-json\/wp\/v2\/media?parent=540"}],"wp:term":[{"taxonomy":"product_brand","embeddable":true,"href":"https:\/\/rightstuff.eu\/de\/wp-json\/wp\/v2\/product_brand?post=540"},{"taxonomy":"product_cat","embeddable":true,"href":"https:\/\/rightstuff.eu\/de\/wp-json\/wp\/v2\/product_cat?post=540"},{"taxonomy":"product_tag","embeddable":true,"href":"https:\/\/rightstuff.eu\/de\/wp-json\/wp\/v2\/product_tag?post=540"}],"curies":[{"name":"wp","href":"https:\/\/api.w.org\/{rel}","templated":true}]}}