{"id":527,"date":"2013-11-30T00:31:00","date_gmt":"2013-11-29T21:31:00","guid":{"rendered":"https:\/\/rightstuff.eu\/shop\/uncategorized\/9m1\/"},"modified":"2025-01-22T01:37:17","modified_gmt":"2025-01-22T00:37:17","slug":"9m1","status":"publish","type":"product","link":"https:\/\/rightstuff.eu\/de\/produkt\/9m1\/","title":{"rendered":"Magnum Nadel 9M1"},"content":{"rendered":"<p>Die Kunst des T\u00e4towierens hat, wie vielleicht jede Kunst, Zeiten des Niedergangs und der Bl\u00fcte erlebt. Jahrhunderts war das T\u00e4towieren in Vergessenheit geraten und sogar fast verboten, aber jetzt floriert es genauso wie das Tattoo-Gesch\u00e4ft. Diese Kunst hat schon immer eine Reihe von Bef\u00fcrwortern und Gegnern gehabt. Fr\u00fcher war das Aufbringen der Hautzeichnungen eine ziemlich riskante Angelegenheit f\u00fcr die Gesundheit. Heute ist das Verfahren v\u00f6llig sicher: Du kannst jederzeit in einen spezialisierten Salon gehen und einen professionellen Meister konsultieren. Er wird dich beraten, an welcher Stelle des K\u00f6rpers und der Haut ein Tattoo angebracht werden soll, und der Kunde bekommt die schmerzfreie Prozedur. Wenn du alle Anweisungen eines Tattoo-Profis befolgst, ist der Vorgang v\u00f6llig schmerzfrei. Um Tattoos aufzutragen, verwenden moderne Meister verschiedene Nadeltypen, darunter die Magnum 9M1, die vom Meister gew\u00e4hlt wird, wenn ein ziemlich gro\u00dfer Bereich eines Tattoos beschattet werden soll. Diese Art von Nadeln eignet sich auch hervorragend zum F\u00e4rben. Magnum 9M1 Nadeln mit ihrem Durchmesser von 0,35 haben eine Sch\u00e4rfe von 0,8 bis 1,2 mm.<\/p>","protected":false},"excerpt":{"rendered":"<p>50 St\u00fcck\/Packung<\/p>","protected":false},"featured_media":1180,"comment_status":"open","ping_status":"closed","template":"","meta":{"site-sidebar-layout":"","site-content-layout":"","ast-site-content-layout":"default","site-content-style":"default","site-sidebar-style":"default","ast-global-header-display":"","ast-banner-title-visibility":"","ast-main-header-display":"","ast-hfb-above-header-display":"","ast-hfb-below-header-display":"","ast-hfb-mobile-header-display":"","site-post-title":"","ast-breadcrumbs-content":"","ast-featured-img":"","footer-sml-layout":"","ast-disable-related-posts":"","theme-transparent-header-meta":"","adv-header-id-meta":"","stick-header-meta":"","header-above-stick-meta":"","header-main-stick-meta":"","header-below-stick-meta":"","astra-migrate-meta-layouts":"default","ast-page-background-enabled":"default","ast-page-background-meta":{"desktop":{"background-color":"var(--ast-global-color-4)","background-image":"","background-repeat":"repeat","background-position":"center center","background-size":"auto","background-attachment":"scroll","background-type":"","background-media":"","overlay-type":"","overlay-color":"","overlay-opacity":"","overlay-gradient":""},"tablet":{"background-color":"","background-image":"","background-repeat":"repeat","background-position":"center center","background-size":"auto","background-attachment":"scroll","background-type":"","background-media":"","overlay-type":"","overlay-color":"","overlay-opacity":"","overlay-gradient":""},"mobile":{"background-color":"","background-image":"","background-repeat":"repeat","background-position":"center center","background-size":"auto","background-attachment":"scroll","background-type":"","background-media":"","overlay-type":"","overlay-color":"","overlay-opacity":"","overlay-gradient":""}},"ast-content-background-meta":{"desktop":{"background-color":"var(--ast-global-color-5)","background-image":"","background-repeat":"repeat","background-position":"center center","background-size":"auto","background-attachment":"scroll","background-type":"","background-media":"","overlay-type":"","overlay-color":"","overlay-opacity":"","overlay-gradient":""},"tablet":{"background-color":"var(--ast-global-color-5)","background-image":"","background-repeat":"repeat","background-position":"center center","background-size":"auto","background-attachment":"scroll","background-type":"","background-media":"","overlay-type":"","overlay-color":"","overlay-opacity":"","overlay-gradient":""},"mobile":{"background-color":"var(--ast-global-color-5)","background-image":"","background-repeat":"repeat","background-position":"center center","background-size":"auto","background-attachment":"scroll","background-type":"","background-media":"","overlay-type":"","overlay-color":"","overlay-opacity":"","overlay-gradient":""}}},"product_brand":[],"product_cat":[27],"product_tag":[81,85,102,91,92],"class_list":{"0":"post-527","1":"product","2":"type-product","3":"status-publish","4":"has-post-thumbnail","6":"product_cat-m1","7":"product_tag-cartridge-tattoo-needles","8":"product_tag-magnum-tattoo-needles","9":"product_tag-rotary-tattoo-needles","10":"product_tag-tattoo-equipment","11":"product_tag-tattoo-machines-parts","12":"pa_brand-rightstuff","13":"desktop-align-center","14":"tablet-align-left","15":"mobile-align-left","16":"ast-product-gallery-layout-horizontal-slider","17":"ast-product-gallery-with-no-image","18":"ast-product-tabs-layout-horizontal","20":"first","21":"outofstock","22":"taxable","23":"shipping-taxable","24":"purchasable","25":"product-type-simple"},"_links":{"self":[{"href":"https:\/\/rightstuff.eu\/de\/wp-json\/wp\/v2\/product\/527","targetHints":{"allow":["GET"]}}],"collection":[{"href":"https:\/\/rightstuff.eu\/de\/wp-json\/wp\/v2\/product"}],"about":[{"href":"https:\/\/rightstuff.eu\/de\/wp-json\/wp\/v2\/types\/product"}],"replies":[{"embeddable":true,"href":"https:\/\/rightstuff.eu\/de\/wp-json\/wp\/v2\/comments?post=527"}],"version-history":[{"count":0,"href":"https:\/\/rightstuff.eu\/de\/wp-json\/wp\/v2\/product\/527\/revisions"}],"wp:featuredmedia":[{"embeddable":true,"href":"https:\/\/rightstuff.eu\/de\/wp-json\/wp\/v2\/media\/1180"}],"wp:attachment":[{"href":"https:\/\/rightstuff.eu\/de\/wp-json\/wp\/v2\/media?parent=527"}],"wp:term":[{"taxonomy":"product_brand","embeddable":true,"href":"https:\/\/rightstuff.eu\/de\/wp-json\/wp\/v2\/product_brand?post=527"},{"taxonomy":"product_cat","embeddable":true,"href":"https:\/\/rightstuff.eu\/de\/wp-json\/wp\/v2\/product_cat?post=527"},{"taxonomy":"product_tag","embeddable":true,"href":"https:\/\/rightstuff.eu\/de\/wp-json\/wp\/v2\/product_tag?post=527"}],"curies":[{"name":"wp","href":"https:\/\/api.w.org\/{rel}","templated":true}]}}