{"id":518,"date":"2013-11-23T19:00:00","date_gmt":"2013-11-23T18:00:00","guid":{"rendered":"https:\/\/rightstuff.eu\/shop\/uncategorized\/18rl\/"},"modified":"2025-01-22T01:37:19","modified_gmt":"2025-01-22T00:37:19","slug":"18rl","status":"publish","type":"product","link":"https:\/\/rightstuff.eu\/de\/produkt\/18rl\/","title":{"rendered":"Runde Futternadel 18RL"},"content":{"rendered":"<p>Heutzutage f\u00e4ngt das T\u00e4towieren an, jeden zu besch\u00e4ftigen, der nicht zu faul ist - nach der Entt\u00e4uschung der 2000er Jahre, die mit dem Aufkommen einer riesigen Anzahl von studierenden Qualit\u00e4tsstudios verbunden war, kommen jetzt Hunderte von wirklich talentierten Designern und K\u00fcnstlern zum T\u00e4towieren. Gleichzeitig \"tauchen\" sie in die Tattoo-Welt ein, ohne ihre \u00fcblichen Berufe aufzugeben. Neben Design, Malerei oder zum Beispiel Graffiti wird das Tattoo als eine weitere Methode des Selbstausdrucks wahrgenommen. Wenn fr\u00fcher das T\u00e4towieren jahrelang als Handwerk beherrscht wurde, kann man heute T\u00e4towierk\u00fcnstler mit 2 und sogar 3 hohen Spezialausbildungen treffen. Sie kreieren wahre Meisterwerke auf der Haut ihrer Kunden und folgen dabei nicht nur deren Launen, sondern bieten den Kunden auch ihre eigenen Ideen an. Zum Beispiel k\u00f6nnen sie einer Person, die in ein Studio kommt, um sich ein Tattoo stechen zu lassen, vorschlagen, sich ein besonderes Zeichen auf die Schulter, den Arm oder die H\u00fcfte stechen zu lassen. Sie erkl\u00e4ren die Bedeutung des Zeichens und sagen dem Kunden sogar, wie es sein Leben beeinflussen kann. Diese Zeichen und Tattoos mit festen Linien werden mit 18 RL-Nadeln gestochen. Sie sind d\u00fcnn (0,35 mm im Durchmesser), scharf (1,5 mm Sch\u00e4rfe) und der T\u00e4towiervorgang bereitet dem Kunden keine Schmerzen.<\/p>","protected":false},"excerpt":{"rendered":"<p>50 St\u00fcck\/Packung<\/p>","protected":false},"featured_media":28755,"comment_status":"open","ping_status":"closed","template":"","meta":{"site-sidebar-layout":"","site-content-layout":"","ast-site-content-layout":"default","site-content-style":"default","site-sidebar-style":"default","ast-global-header-display":"","ast-banner-title-visibility":"","ast-main-header-display":"","ast-hfb-above-header-display":"","ast-hfb-below-header-display":"","ast-hfb-mobile-header-display":"","site-post-title":"","ast-breadcrumbs-content":"","ast-featured-img":"","footer-sml-layout":"","ast-disable-related-posts":"","theme-transparent-header-meta":"","adv-header-id-meta":"","stick-header-meta":"","header-above-stick-meta":"","header-main-stick-meta":"","header-below-stick-meta":"","astra-migrate-meta-layouts":"default","ast-page-background-enabled":"default","ast-page-background-meta":{"desktop":{"background-color":"var(--ast-global-color-4)","background-image":"","background-repeat":"repeat","background-position":"center center","background-size":"auto","background-attachment":"scroll","background-type":"","background-media":"","overlay-type":"","overlay-color":"","overlay-opacity":"","overlay-gradient":""},"tablet":{"background-color":"","background-image":"","background-repeat":"repeat","background-position":"center center","background-size":"auto","background-attachment":"scroll","background-type":"","background-media":"","overlay-type":"","overlay-color":"","overlay-opacity":"","overlay-gradient":""},"mobile":{"background-color":"","background-image":"","background-repeat":"repeat","background-position":"center center","background-size":"auto","background-attachment":"scroll","background-type":"","background-media":"","overlay-type":"","overlay-color":"","overlay-opacity":"","overlay-gradient":""}},"ast-content-background-meta":{"desktop":{"background-color":"var(--ast-global-color-5)","background-image":"","background-repeat":"repeat","background-position":"center center","background-size":"auto","background-attachment":"scroll","background-type":"","background-media":"","overlay-type":"","overlay-color":"","overlay-opacity":"","overlay-gradient":""},"tablet":{"background-color":"var(--ast-global-color-5)","background-image":"","background-repeat":"repeat","background-position":"center center","background-size":"auto","background-attachment":"scroll","background-type":"","background-media":"","overlay-type":"","overlay-color":"","overlay-opacity":"","overlay-gradient":""},"mobile":{"background-color":"var(--ast-global-color-5)","background-image":"","background-repeat":"repeat","background-position":"center center","background-size":"auto","background-attachment":"scroll","background-type":"","background-media":"","overlay-type":"","overlay-color":"","overlay-opacity":"","overlay-gradient":""}}},"product_brand":[],"product_cat":[25],"product_tag":[81,102,91,92],"class_list":{"0":"post-518","1":"product","2":"type-product","3":"status-publish","4":"has-post-thumbnail","6":"product_cat-round-liner","7":"product_tag-cartridge-tattoo-needles","8":"product_tag-rotary-tattoo-needles","9":"product_tag-tattoo-equipment","10":"product_tag-tattoo-machines-parts","11":"pa_brand-rightstuff","12":"desktop-align-center","13":"tablet-align-left","14":"mobile-align-left","15":"ast-product-gallery-layout-horizontal-slider","16":"ast-product-gallery-with-no-image","17":"ast-product-tabs-layout-horizontal","19":"first","20":"outofstock","21":"taxable","22":"shipping-taxable","23":"purchasable","24":"product-type-simple"},"_links":{"self":[{"href":"https:\/\/rightstuff.eu\/de\/wp-json\/wp\/v2\/product\/518","targetHints":{"allow":["GET"]}}],"collection":[{"href":"https:\/\/rightstuff.eu\/de\/wp-json\/wp\/v2\/product"}],"about":[{"href":"https:\/\/rightstuff.eu\/de\/wp-json\/wp\/v2\/types\/product"}],"replies":[{"embeddable":true,"href":"https:\/\/rightstuff.eu\/de\/wp-json\/wp\/v2\/comments?post=518"}],"version-history":[{"count":0,"href":"https:\/\/rightstuff.eu\/de\/wp-json\/wp\/v2\/product\/518\/revisions"}],"wp:featuredmedia":[{"embeddable":true,"href":"https:\/\/rightstuff.eu\/de\/wp-json\/wp\/v2\/media\/28755"}],"wp:attachment":[{"href":"https:\/\/rightstuff.eu\/de\/wp-json\/wp\/v2\/media?parent=518"}],"wp:term":[{"taxonomy":"product_brand","embeddable":true,"href":"https:\/\/rightstuff.eu\/de\/wp-json\/wp\/v2\/product_brand?post=518"},{"taxonomy":"product_cat","embeddable":true,"href":"https:\/\/rightstuff.eu\/de\/wp-json\/wp\/v2\/product_cat?post=518"},{"taxonomy":"product_tag","embeddable":true,"href":"https:\/\/rightstuff.eu\/de\/wp-json\/wp\/v2\/product_tag?post=518"}],"curies":[{"name":"wp","href":"https:\/\/api.w.org\/{rel}","templated":true}]}}