{"id":515,"date":"2013-11-23T22:50:00","date_gmt":"2013-11-23T19:50:00","guid":{"rendered":"https:\/\/rightstuff.eu\/shop\/uncategorized\/13rl\/"},"modified":"2025-01-22T01:37:18","modified_gmt":"2025-01-22T00:37:18","slug":"13rl","status":"publish","type":"product","link":"https:\/\/rightstuff.eu\/de\/produkt\/13rl\/","title":{"rendered":"Runde Futternadel 13RL"},"content":{"rendered":"<p>In der westlichen Welt hat das T\u00e4towieren eine lange Verbindung zur Kunst. Im Jahr 1897 erw\u00e4hnte die Londoner Zeitung \"Stand Magazine\" England, Japan und die Vereinigten Staaten als Zentren der k\u00fcnstlerischen T\u00e4towierung. Vor hundert Jahren w\u00e4hlten K\u00f6nige, Grafen und die \u00fcbrige britische Aristokratie die optisch und technisch komplexesten T\u00e4towierungen. Mit anderen Worten: Schon zu Beginn des letzten Jahrhunderts wurden T\u00e4towierungen als Kunst betrachtet. In den 1970er Jahren gab es in Amerika einen \"Boom\" der T\u00e4towierung, aber die K\u00fcnstler, die sich mit T\u00e4towierungen besch\u00e4ftigten, hatten keine Kunstausbildung. In der fast 150-j\u00e4hrigen Geschichte des T\u00e4towierens in der westlichen Welt wurden T\u00e4towierungen meist mit Kriminellen, Matrosen und wandelnden M\u00e4dchen in Verbindung gebracht. Heutzutage ist das T\u00e4towieren eine Kunst, und die K\u00fcnstler, die sich damit besch\u00e4ftigen, sind Profis, die an speziellen Kunstschulen studiert haben. Sie wissen, dass sich hochwertige Hautbilder nur mit <a href=\"https:\/\/rightstuff.eu\/product-tag\/tattoo-supplies\/\">die beste Ausr\u00fcstung<\/a>. Eine T\u00e4towierung kann mit mehreren Nadeln gestochen werden. Wenn ein Meister zum Beispiel an durchgehenden Linien eines Bildes arbeitet, kann er 13 RL-Nadeln verwenden. Diese aus rostfreiem Stahl gefertigten Nadeln mit einem Durchmesser von 0,35 mm sind perfekt verarbeitet und gesch\u00e4rft (1,5 mm Sch\u00e4rfung). Die Arbeit des Meisters wird schneller und einfacher.<\/p>","protected":false},"excerpt":{"rendered":"<p>50 St\u00fcck\/Packung<\/p>","protected":false},"featured_media":28752,"comment_status":"open","ping_status":"closed","template":"","meta":{"site-sidebar-layout":"","site-content-layout":"","ast-site-content-layout":"default","site-content-style":"default","site-sidebar-style":"default","ast-global-header-display":"","ast-banner-title-visibility":"","ast-main-header-display":"","ast-hfb-above-header-display":"","ast-hfb-below-header-display":"","ast-hfb-mobile-header-display":"","site-post-title":"","ast-breadcrumbs-content":"","ast-featured-img":"","footer-sml-layout":"","ast-disable-related-posts":"","theme-transparent-header-meta":"","adv-header-id-meta":"","stick-header-meta":"","header-above-stick-meta":"","header-main-stick-meta":"","header-below-stick-meta":"","astra-migrate-meta-layouts":"default","ast-page-background-enabled":"default","ast-page-background-meta":{"desktop":{"background-color":"var(--ast-global-color-4)","background-image":"","background-repeat":"repeat","background-position":"center center","background-size":"auto","background-attachment":"scroll","background-type":"","background-media":"","overlay-type":"","overlay-color":"","overlay-opacity":"","overlay-gradient":""},"tablet":{"background-color":"","background-image":"","background-repeat":"repeat","background-position":"center center","background-size":"auto","background-attachment":"scroll","background-type":"","background-media":"","overlay-type":"","overlay-color":"","overlay-opacity":"","overlay-gradient":""},"mobile":{"background-color":"","background-image":"","background-repeat":"repeat","background-position":"center center","background-size":"auto","background-attachment":"scroll","background-type":"","background-media":"","overlay-type":"","overlay-color":"","overlay-opacity":"","overlay-gradient":""}},"ast-content-background-meta":{"desktop":{"background-color":"var(--ast-global-color-5)","background-image":"","background-repeat":"repeat","background-position":"center center","background-size":"auto","background-attachment":"scroll","background-type":"","background-media":"","overlay-type":"","overlay-color":"","overlay-opacity":"","overlay-gradient":""},"tablet":{"background-color":"var(--ast-global-color-5)","background-image":"","background-repeat":"repeat","background-position":"center center","background-size":"auto","background-attachment":"scroll","background-type":"","background-media":"","overlay-type":"","overlay-color":"","overlay-opacity":"","overlay-gradient":""},"mobile":{"background-color":"var(--ast-global-color-5)","background-image":"","background-repeat":"repeat","background-position":"center center","background-size":"auto","background-attachment":"scroll","background-type":"","background-media":"","overlay-type":"","overlay-color":"","overlay-opacity":"","overlay-gradient":""}}},"product_brand":[],"product_cat":[25],"product_tag":[81,102,91,92],"class_list":{"0":"post-515","1":"product","2":"type-product","3":"status-publish","4":"has-post-thumbnail","6":"product_cat-round-liner","7":"product_tag-cartridge-tattoo-needles","8":"product_tag-rotary-tattoo-needles","9":"product_tag-tattoo-equipment","10":"product_tag-tattoo-machines-parts","11":"pa_brand-rightstuff","12":"desktop-align-center","13":"tablet-align-left","14":"mobile-align-left","15":"ast-product-gallery-layout-horizontal-slider","16":"ast-product-gallery-with-no-image","17":"ast-product-tabs-layout-horizontal","19":"first","20":"outofstock","21":"taxable","22":"shipping-taxable","23":"purchasable","24":"product-type-simple"},"_links":{"self":[{"href":"https:\/\/rightstuff.eu\/de\/wp-json\/wp\/v2\/product\/515","targetHints":{"allow":["GET"]}}],"collection":[{"href":"https:\/\/rightstuff.eu\/de\/wp-json\/wp\/v2\/product"}],"about":[{"href":"https:\/\/rightstuff.eu\/de\/wp-json\/wp\/v2\/types\/product"}],"replies":[{"embeddable":true,"href":"https:\/\/rightstuff.eu\/de\/wp-json\/wp\/v2\/comments?post=515"}],"version-history":[{"count":0,"href":"https:\/\/rightstuff.eu\/de\/wp-json\/wp\/v2\/product\/515\/revisions"}],"wp:featuredmedia":[{"embeddable":true,"href":"https:\/\/rightstuff.eu\/de\/wp-json\/wp\/v2\/media\/28752"}],"wp:attachment":[{"href":"https:\/\/rightstuff.eu\/de\/wp-json\/wp\/v2\/media?parent=515"}],"wp:term":[{"taxonomy":"product_brand","embeddable":true,"href":"https:\/\/rightstuff.eu\/de\/wp-json\/wp\/v2\/product_brand?post=515"},{"taxonomy":"product_cat","embeddable":true,"href":"https:\/\/rightstuff.eu\/de\/wp-json\/wp\/v2\/product_cat?post=515"},{"taxonomy":"product_tag","embeddable":true,"href":"https:\/\/rightstuff.eu\/de\/wp-json\/wp\/v2\/product_tag?post=515"}],"curies":[{"name":"wp","href":"https:\/\/api.w.org\/{rel}","templated":true}]}}