{"id":514,"date":"2013-11-23T19:43:00","date_gmt":"2013-11-23T18:43:00","guid":{"rendered":"https:\/\/rightstuff.eu\/shop\/uncategorized\/11rl\/"},"modified":"2025-01-22T01:37:19","modified_gmt":"2025-01-22T00:37:19","slug":"11rl","status":"publish","type":"product","link":"https:\/\/rightstuff.eu\/de\/produkt\/11rl\/","title":{"rendered":"Runde Futternadel 11RL"},"content":{"rendered":"<p>Vor hundert Jahren war das Tattoo noch nicht so weit verbreitet wie heute. Heute machen immer mehr Menschen Tattoos und sie werden immer vielf\u00e4ltiger. Das Tattoo hat sich in den letzten Jahren stark ver\u00e4ndert, und in der \u00c4ra des Internets hat es sich dramatisch ver\u00e4ndert. War das Tattoo fr\u00fcher so etwas wie ein \"lokales Handwerk\", mit vorherrschenden lokalen Themen, Stilen und Trends, hat die Globalisierung diese Grenzen verwischt. Der Verdienst des Internets liegt nicht nur in der Globalisierung des T\u00e4towierens: Sein Hauptverdienst ist die Verf\u00fcgbarkeit von Informationen \u00fcber die M\u00f6glichkeiten und Methoden des T\u00e4towierens. Das Internet hat sich zu einem Online-Katalog der Tattoo-Kunst entwickelt. Es bietet nat\u00fcrlich gute M\u00f6glichkeiten f\u00fcr Marketing und Werbung. Wenn ein angehender T\u00e4towierer zum Beispiel erf\u00e4hrt, dass 11 RL-Nadeln mit einem Durchmesser von 0,35 mm gut geeignet sind, um dicke, durchgezogene Linien zu stechen, kann er die vertrauensw\u00fcrdige Website \u00f6ffnen und ein B\u00fcndel dieses Materials zu einem g\u00fcnstigeren Preis bestellen, als es im Laden angeboten wird.<\/p>","protected":false},"excerpt":{"rendered":"<p>50 St\u00fcck\/Packung<\/p>","protected":false},"featured_media":28751,"comment_status":"open","ping_status":"closed","template":"","meta":{"site-sidebar-layout":"","site-content-layout":"","ast-site-content-layout":"default","site-content-style":"default","site-sidebar-style":"default","ast-global-header-display":"","ast-banner-title-visibility":"","ast-main-header-display":"","ast-hfb-above-header-display":"","ast-hfb-below-header-display":"","ast-hfb-mobile-header-display":"","site-post-title":"","ast-breadcrumbs-content":"","ast-featured-img":"","footer-sml-layout":"","ast-disable-related-posts":"","theme-transparent-header-meta":"","adv-header-id-meta":"","stick-header-meta":"","header-above-stick-meta":"","header-main-stick-meta":"","header-below-stick-meta":"","astra-migrate-meta-layouts":"default","ast-page-background-enabled":"default","ast-page-background-meta":{"desktop":{"background-color":"var(--ast-global-color-4)","background-image":"","background-repeat":"repeat","background-position":"center center","background-size":"auto","background-attachment":"scroll","background-type":"","background-media":"","overlay-type":"","overlay-color":"","overlay-opacity":"","overlay-gradient":""},"tablet":{"background-color":"","background-image":"","background-repeat":"repeat","background-position":"center center","background-size":"auto","background-attachment":"scroll","background-type":"","background-media":"","overlay-type":"","overlay-color":"","overlay-opacity":"","overlay-gradient":""},"mobile":{"background-color":"","background-image":"","background-repeat":"repeat","background-position":"center center","background-size":"auto","background-attachment":"scroll","background-type":"","background-media":"","overlay-type":"","overlay-color":"","overlay-opacity":"","overlay-gradient":""}},"ast-content-background-meta":{"desktop":{"background-color":"var(--ast-global-color-5)","background-image":"","background-repeat":"repeat","background-position":"center center","background-size":"auto","background-attachment":"scroll","background-type":"","background-media":"","overlay-type":"","overlay-color":"","overlay-opacity":"","overlay-gradient":""},"tablet":{"background-color":"var(--ast-global-color-5)","background-image":"","background-repeat":"repeat","background-position":"center center","background-size":"auto","background-attachment":"scroll","background-type":"","background-media":"","overlay-type":"","overlay-color":"","overlay-opacity":"","overlay-gradient":""},"mobile":{"background-color":"var(--ast-global-color-5)","background-image":"","background-repeat":"repeat","background-position":"center center","background-size":"auto","background-attachment":"scroll","background-type":"","background-media":"","overlay-type":"","overlay-color":"","overlay-opacity":"","overlay-gradient":""}}},"product_brand":[],"product_cat":[25],"product_tag":[81,102,91,70,92],"class_list":{"0":"post-514","1":"product","2":"type-product","3":"status-publish","4":"has-post-thumbnail","6":"product_cat-round-liner","7":"product_tag-cartridge-tattoo-needles","8":"product_tag-rotary-tattoo-needles","9":"product_tag-tattoo-equipment","10":"product_tag-tattoo-kits","11":"product_tag-tattoo-machines-parts","12":"pa_brand-rightstuff","13":"desktop-align-center","14":"tablet-align-left","15":"mobile-align-left","16":"ast-product-gallery-layout-horizontal-slider","17":"ast-product-gallery-with-no-image","18":"ast-product-tabs-layout-horizontal","20":"first","21":"outofstock","22":"taxable","23":"shipping-taxable","24":"purchasable","25":"product-type-simple"},"_links":{"self":[{"href":"https:\/\/rightstuff.eu\/de\/wp-json\/wp\/v2\/product\/514","targetHints":{"allow":["GET"]}}],"collection":[{"href":"https:\/\/rightstuff.eu\/de\/wp-json\/wp\/v2\/product"}],"about":[{"href":"https:\/\/rightstuff.eu\/de\/wp-json\/wp\/v2\/types\/product"}],"replies":[{"embeddable":true,"href":"https:\/\/rightstuff.eu\/de\/wp-json\/wp\/v2\/comments?post=514"}],"version-history":[{"count":0,"href":"https:\/\/rightstuff.eu\/de\/wp-json\/wp\/v2\/product\/514\/revisions"}],"wp:featuredmedia":[{"embeddable":true,"href":"https:\/\/rightstuff.eu\/de\/wp-json\/wp\/v2\/media\/28751"}],"wp:attachment":[{"href":"https:\/\/rightstuff.eu\/de\/wp-json\/wp\/v2\/media?parent=514"}],"wp:term":[{"taxonomy":"product_brand","embeddable":true,"href":"https:\/\/rightstuff.eu\/de\/wp-json\/wp\/v2\/product_brand?post=514"},{"taxonomy":"product_cat","embeddable":true,"href":"https:\/\/rightstuff.eu\/de\/wp-json\/wp\/v2\/product_cat?post=514"},{"taxonomy":"product_tag","embeddable":true,"href":"https:\/\/rightstuff.eu\/de\/wp-json\/wp\/v2\/product_tag?post=514"}],"curies":[{"name":"wp","href":"https:\/\/api.w.org\/{rel}","templated":true}]}}