{"id":51156,"date":"2023-01-24T18:49:14","date_gmt":"2023-01-24T17:49:14","guid":{"rendered":"https:\/\/rightstuff.eu\/?post_type=product&#038;p=51156"},"modified":"2025-01-22T01:27:35","modified_gmt":"2025-01-22T00:27:35","slug":"magnum-cartridge-27m-030","status":"publish","type":"product","link":"https:\/\/rightstuff.eu\/de\/produkt\/magnum-cartridge-27m-030\/","title":{"rendered":"Magnum-Nadelpatrone 27M -0,30"},"content":{"rendered":"<p>Diese 27 Magnum Tattoo-Kartusche ist eine gute Wahl f\u00fcr jeden professionellen T\u00e4towierer. Sie ist aus hochwertigem Edelstahl gefertigt und verf\u00fcgt \u00fcber eine scharfe, pr\u00e4zise Spitze, die f\u00fcr ein reibungsloses und gleichm\u00e4\u00dfiges T\u00e4towier-Erlebnis sorgt.<\/p>\n<p>Die Patrone ist so konzipiert, dass sie in die meisten Standard-Tattoomaschinen passt und mit allen gro\u00dfen Marken kompatibel ist. Die 27 Magnum-Nadelpatrone ist perfekt f\u00fcr feine Linien und Details sowie f\u00fcr Schattierungen und Farbarbeiten. Sie eignet sich auch hervorragend f\u00fcr gr\u00f6\u00dfere, kr\u00e4ftige Tattoos. Mit ihrer \u00fcberragenden Qualit\u00e4t und Leistung ist die 27 Magnum Tattoo-Patrone eine ausgezeichnete Wahl f\u00fcr jeden professionellen T\u00e4towierer.<\/p>","protected":false},"excerpt":{"rendered":"<p>Mittlere Verj\u00fcngung<\/p>\n<p>MicroTextured<\/p>\n<p>0,30 mm Nadeln<\/p>\n<p>20 St\u00fcck\/Packung<\/p>","protected":false},"featured_media":54722,"comment_status":"open","ping_status":"closed","template":"","meta":{"site-sidebar-layout":"","site-content-layout":"","ast-site-content-layout":"default","site-content-style":"default","site-sidebar-style":"default","ast-global-header-display":"","ast-banner-title-visibility":"","ast-main-header-display":"","ast-hfb-above-header-display":"","ast-hfb-below-header-display":"","ast-hfb-mobile-header-display":"","site-post-title":"","ast-breadcrumbs-content":"","ast-featured-img":"","footer-sml-layout":"","ast-disable-related-posts":"","theme-transparent-header-meta":"","adv-header-id-meta":"","stick-header-meta":"","header-above-stick-meta":"","header-main-stick-meta":"","header-below-stick-meta":"","astra-migrate-meta-layouts":"default","ast-page-background-enabled":"default","ast-page-background-meta":{"desktop":{"background-color":"var(--ast-global-color-4)","background-image":"","background-repeat":"repeat","background-position":"center center","background-size":"auto","background-attachment":"scroll","background-type":"","background-media":"","overlay-type":"","overlay-color":"","overlay-opacity":"","overlay-gradient":""},"tablet":{"background-color":"","background-image":"","background-repeat":"repeat","background-position":"center center","background-size":"auto","background-attachment":"scroll","background-type":"","background-media":"","overlay-type":"","overlay-color":"","overlay-opacity":"","overlay-gradient":""},"mobile":{"background-color":"","background-image":"","background-repeat":"repeat","background-position":"center center","background-size":"auto","background-attachment":"scroll","background-type":"","background-media":"","overlay-type":"","overlay-color":"","overlay-opacity":"","overlay-gradient":""}},"ast-content-background-meta":{"desktop":{"background-color":"var(--ast-global-color-5)","background-image":"","background-repeat":"repeat","background-position":"center center","background-size":"auto","background-attachment":"scroll","background-type":"","background-media":"","overlay-type":"","overlay-color":"","overlay-opacity":"","overlay-gradient":""},"tablet":{"background-color":"var(--ast-global-color-5)","background-image":"","background-repeat":"repeat","background-position":"center center","background-size":"auto","background-attachment":"scroll","background-type":"","background-media":"","overlay-type":"","overlay-color":"","overlay-opacity":"","overlay-gradient":""},"mobile":{"background-color":"var(--ast-global-color-5)","background-image":"","background-repeat":"repeat","background-position":"center center","background-size":"auto","background-attachment":"scroll","background-type":"","background-media":"","overlay-type":"","overlay-color":"","overlay-opacity":"","overlay-gradient":""}}},"product_brand":[],"product_cat":[226],"product_tag":[81,1795,308,306,310,309,307,102,71,91,92,1793],"class_list":{"0":"post-51156","1":"product","2":"type-product","3":"status-publish","4":"has-post-thumbnail","6":"product_cat-magnum-cartridges","7":"product_tag-cartridge-tattoo-needles","8":"product_tag-cartuchos-de-agujas-de-tatuaje","9":"product_tag-disposable-tattoo-cartridge","10":"product_tag-needle-cartridge","11":"product_tag-premium-cartridge","12":"product_tag-premium-needle-cartridge","13":"product_tag-rightstripes","14":"product_tag-rotary-tattoo-needles","15":"product_tag-tattoo-cartridges","16":"product_tag-tattoo-equipment","17":"product_tag-tattoo-machines-parts","18":"product_tag-tattoonadeln-cartridges","19":"pa_brand-rightstuff","20":"pa_quantity-5-pcs","21":"pa_quantity-box-of-20","22":"desktop-align-center","23":"tablet-align-left","24":"mobile-align-left","25":"ast-product-gallery-layout-horizontal-slider","26":"ast-product-gallery-with-no-image","27":"ast-product-single-variable","28":"ast-product-tabs-layout-horizontal","30":"first","31":"instock","32":"taxable","33":"shipping-taxable","34":"purchasable","35":"product-type-variable"},"_links":{"self":[{"href":"https:\/\/rightstuff.eu\/de\/wp-json\/wp\/v2\/product\/51156","targetHints":{"allow":["GET"]}}],"collection":[{"href":"https:\/\/rightstuff.eu\/de\/wp-json\/wp\/v2\/product"}],"about":[{"href":"https:\/\/rightstuff.eu\/de\/wp-json\/wp\/v2\/types\/product"}],"replies":[{"embeddable":true,"href":"https:\/\/rightstuff.eu\/de\/wp-json\/wp\/v2\/comments?post=51156"}],"version-history":[{"count":0,"href":"https:\/\/rightstuff.eu\/de\/wp-json\/wp\/v2\/product\/51156\/revisions"}],"wp:featuredmedia":[{"embeddable":true,"href":"https:\/\/rightstuff.eu\/de\/wp-json\/wp\/v2\/media\/54722"}],"wp:attachment":[{"href":"https:\/\/rightstuff.eu\/de\/wp-json\/wp\/v2\/media?parent=51156"}],"wp:term":[{"taxonomy":"product_brand","embeddable":true,"href":"https:\/\/rightstuff.eu\/de\/wp-json\/wp\/v2\/product_brand?post=51156"},{"taxonomy":"product_cat","embeddable":true,"href":"https:\/\/rightstuff.eu\/de\/wp-json\/wp\/v2\/product_cat?post=51156"},{"taxonomy":"product_tag","embeddable":true,"href":"https:\/\/rightstuff.eu\/de\/wp-json\/wp\/v2\/product_tag?post=51156"}],"curies":[{"name":"wp","href":"https:\/\/api.w.org\/{rel}","templated":true}]}}