{"id":511,"date":"2013-11-23T22:40:00","date_gmt":"2013-11-23T20:40:00","guid":{"rendered":"https:\/\/rightstuff.eu\/shop\/uncategorized\/5rl\/"},"modified":"2025-01-22T01:37:18","modified_gmt":"2025-01-22T00:37:18","slug":"5rl","status":"publish","type":"product","link":"https:\/\/rightstuff.eu\/de\/produkt\/5rl\/","title":{"rendered":"Runde Futternadel 5RL"},"content":{"rendered":"<p>Das zeitgen\u00f6ssische T\u00e4towieren teilt heute formal und visuell die Definition von \"Handwerk\" und \"Kunst\". Allerdings unterscheidet es sich zu sehr von dem, was wir unter dem Wort KUNST zu verstehen gewohnt sind. In der Regel kannst du ein Tattoo, das einmal f\u00fcr dich angefertigt wurde, nicht kaufen oder verkaufen, wie du es bei gew\u00f6hnlichen Gem\u00e4lden tun kannst.<\/p>\n<p>Inzwischen kannst du fast k\u00f6rperlich sp\u00fcren, wie ein Tattoo dein Leben ver\u00e4ndert hat. Wenn das Bild auf deiner Haut eine geheime Bedeutung hat, kannst du dich nat\u00fcrlich davon inspirieren lassen, dass es dir hilft, mit dem B\u00f6sen und dem Unheil fertig zu werden. Seltsam, aber es funktioniert. T\u00e4towiererinnen und T\u00e4towierer, die seit Jahren in diesem Gesch\u00e4ft arbeiten, kennen viele Kunden, die es geschafft haben, ihr Leben zu \u00e4ndern, nachdem sie sich ein Tattoo \"mit Bedeutung\" stechen lie\u00dfen.<\/p>\n<p>Nat\u00fcrlich k\u00f6nnen diese \"hilfreichen\" Tattoos nur erstellt werden, wenn <a href=\"https:\/\/rightstuff.eu\/product-tag\/tattoo-supplies\/\">professionelle Ausr\u00fcstung<\/a>werden besonders hochwertige Nadeln verwendet.<\/p>\n<p>Runde Liner-Nadeln 5RL aus rostfreiem Stahl mit einem Durchmesser von 0,35 mm d\u00fcrfen in keinem Studio eines T\u00e4towierers fehlen oder m\u00fcssen in seinem Schrank aufbewahrt werden, wenn er zu Hause arbeitet. Diese Tattoonadeln, die f\u00fcr Linien mittlerer L\u00e4nge geeignet sind, kannst du jederzeit online bestellen.<\/p>","protected":false},"excerpt":{"rendered":"<p>50 St\u00fcck\/Packung<\/p>","protected":false},"featured_media":1177,"comment_status":"open","ping_status":"closed","template":"","meta":{"site-sidebar-layout":"","site-content-layout":"","ast-site-content-layout":"default","site-content-style":"default","site-sidebar-style":"default","ast-global-header-display":"","ast-banner-title-visibility":"","ast-main-header-display":"","ast-hfb-above-header-display":"","ast-hfb-below-header-display":"","ast-hfb-mobile-header-display":"","site-post-title":"","ast-breadcrumbs-content":"","ast-featured-img":"","footer-sml-layout":"","ast-disable-related-posts":"","theme-transparent-header-meta":"","adv-header-id-meta":"","stick-header-meta":"","header-above-stick-meta":"","header-main-stick-meta":"","header-below-stick-meta":"","astra-migrate-meta-layouts":"default","ast-page-background-enabled":"default","ast-page-background-meta":{"desktop":{"background-color":"var(--ast-global-color-4)","background-image":"","background-repeat":"repeat","background-position":"center center","background-size":"auto","background-attachment":"scroll","background-type":"","background-media":"","overlay-type":"","overlay-color":"","overlay-opacity":"","overlay-gradient":""},"tablet":{"background-color":"","background-image":"","background-repeat":"repeat","background-position":"center center","background-size":"auto","background-attachment":"scroll","background-type":"","background-media":"","overlay-type":"","overlay-color":"","overlay-opacity":"","overlay-gradient":""},"mobile":{"background-color":"","background-image":"","background-repeat":"repeat","background-position":"center center","background-size":"auto","background-attachment":"scroll","background-type":"","background-media":"","overlay-type":"","overlay-color":"","overlay-opacity":"","overlay-gradient":""}},"ast-content-background-meta":{"desktop":{"background-color":"var(--ast-global-color-5)","background-image":"","background-repeat":"repeat","background-position":"center center","background-size":"auto","background-attachment":"scroll","background-type":"","background-media":"","overlay-type":"","overlay-color":"","overlay-opacity":"","overlay-gradient":""},"tablet":{"background-color":"var(--ast-global-color-5)","background-image":"","background-repeat":"repeat","background-position":"center center","background-size":"auto","background-attachment":"scroll","background-type":"","background-media":"","overlay-type":"","overlay-color":"","overlay-opacity":"","overlay-gradient":""},"mobile":{"background-color":"var(--ast-global-color-5)","background-image":"","background-repeat":"repeat","background-position":"center center","background-size":"auto","background-attachment":"scroll","background-type":"","background-media":"","overlay-type":"","overlay-color":"","overlay-opacity":"","overlay-gradient":""}}},"product_brand":[],"product_cat":[25],"product_tag":[81,102,91,92],"class_list":{"0":"post-511","1":"product","2":"type-product","3":"status-publish","4":"has-post-thumbnail","6":"product_cat-round-liner","7":"product_tag-cartridge-tattoo-needles","8":"product_tag-rotary-tattoo-needles","9":"product_tag-tattoo-equipment","10":"product_tag-tattoo-machines-parts","11":"pa_brand-rightstuff","12":"desktop-align-center","13":"tablet-align-left","14":"mobile-align-left","15":"ast-product-gallery-layout-horizontal-slider","16":"ast-product-gallery-with-no-image","17":"ast-product-tabs-layout-horizontal","19":"first","20":"outofstock","21":"taxable","22":"shipping-taxable","23":"purchasable","24":"product-type-simple"},"_links":{"self":[{"href":"https:\/\/rightstuff.eu\/de\/wp-json\/wp\/v2\/product\/511","targetHints":{"allow":["GET"]}}],"collection":[{"href":"https:\/\/rightstuff.eu\/de\/wp-json\/wp\/v2\/product"}],"about":[{"href":"https:\/\/rightstuff.eu\/de\/wp-json\/wp\/v2\/types\/product"}],"replies":[{"embeddable":true,"href":"https:\/\/rightstuff.eu\/de\/wp-json\/wp\/v2\/comments?post=511"}],"version-history":[{"count":0,"href":"https:\/\/rightstuff.eu\/de\/wp-json\/wp\/v2\/product\/511\/revisions"}],"wp:featuredmedia":[{"embeddable":true,"href":"https:\/\/rightstuff.eu\/de\/wp-json\/wp\/v2\/media\/1177"}],"wp:attachment":[{"href":"https:\/\/rightstuff.eu\/de\/wp-json\/wp\/v2\/media?parent=511"}],"wp:term":[{"taxonomy":"product_brand","embeddable":true,"href":"https:\/\/rightstuff.eu\/de\/wp-json\/wp\/v2\/product_brand?post=511"},{"taxonomy":"product_cat","embeddable":true,"href":"https:\/\/rightstuff.eu\/de\/wp-json\/wp\/v2\/product_cat?post=511"},{"taxonomy":"product_tag","embeddable":true,"href":"https:\/\/rightstuff.eu\/de\/wp-json\/wp\/v2\/product_tag?post=511"}],"curies":[{"name":"wp","href":"https:\/\/api.w.org\/{rel}","templated":true}]}}