{"id":50954,"date":"2022-12-01T22:38:52","date_gmt":"2022-12-01T21:38:52","guid":{"rendered":"https:\/\/rightstuff.eu\/?post_type=product&#038;p=50954"},"modified":"2023-07-03T16:24:09","modified_gmt":"2023-07-03T14:24:09","slug":"lucky-trueliner-brass","status":"publish","type":"product","link":"https:\/\/rightstuff.eu\/de\/produkt\/lucky-trueliner-brass\/","title":{"rendered":"LUCKY TrueLiner Messing"},"content":{"rendered":"<p>Die gr\u00f6\u00dfte Gefahr bei der Verwendung von Powerlinern f\u00fcr fette Linien ist das Verwischen der Farbe. Die LUCKY TrueLiner Brass Tattoo Maschine funktioniert einfach fantastisch. Sie kombiniert einen kraftvollen und pr\u00e4zisen Sto\u00df, der die Tinte in der richtigen Tiefe hinterl\u00e4sst! Dieser Power Liner passt f\u00fcr 9-18 Rl Nadeln. Sie ist f\u00fcr Menschen gedacht, die in aller Ruhe mit einem Finger \u00fcber die Haut ziehen und in einem Durchgang dicke Linien ziehen. Das Ger\u00e4t mit perfekten Spulen von 26 mm und 9 Windungen ist f\u00fcr Nadeln ab 9 geeignet. Dieses Ger\u00e4t bietet eine un\u00fcbertroffene Stabilit\u00e4t und Sicherheit f\u00fcr klare, dicke Linien. Es ist f\u00fcr den Single-Pass-Betrieb mit der Haut konzipiert. <a href=\"https:\/\/rightstuff.eu\/blog\/become-tattoo-artist\/\">Tattoo-K\u00fcnstler<\/a>Diejenigen, die bei der Arbeit mit den anderen Artikeln Probleme mit dem Konturieren dicker Linien hatten, werden ihre alten Maschinen vergessen, wenn sie mit diesem Ger\u00e4t arbeiten.<br \/>\nDer Messingrahmen macht das Werkzeug ziemlich schwer - 250 Gramm. Aber genau dank dieses Materials ist die Lebensdauer der Maschine extrem lang. Dieses Langhubwerkzeug l\u00e4uft mit einer Frequenz von 135 Hz und 6,6 V Spannung.<\/p>","protected":false},"excerpt":{"rendered":"<p>Spule Tattoo Maschine Power Liner<\/p>\n<p>Der Rahmen ist aus einem einzigen St\u00fcck Messing gefr\u00e4st<br \/>\nHochwertige Coils - 26 mm * 9 Wicklungen<br \/>\nBeschl\u00e4ge aus gebl\u00e4utem Stahl<br \/>\nBevorzugte Nadeln 9-18rl<br \/>\nLanger Hub<br \/>\nL\u00e4uft 135hz bei 6,6 Volt - unbelastet<\/p>\n<p>Die Tattoo-Maschine wiegt 200 g.<\/p>","protected":false},"featured_media":50953,"comment_status":"open","ping_status":"closed","template":"","meta":{"site-sidebar-layout":"","site-content-layout":"","ast-site-content-layout":"default","site-content-style":"default","site-sidebar-style":"default","ast-global-header-display":"","ast-banner-title-visibility":"","ast-main-header-display":"","ast-hfb-above-header-display":"","ast-hfb-below-header-display":"","ast-hfb-mobile-header-display":"","site-post-title":"","ast-breadcrumbs-content":"","ast-featured-img":"","footer-sml-layout":"","ast-disable-related-posts":"","theme-transparent-header-meta":"","adv-header-id-meta":"","stick-header-meta":"","header-above-stick-meta":"","header-main-stick-meta":"","header-below-stick-meta":"","astra-migrate-meta-layouts":"default","ast-page-background-enabled":"default","ast-page-background-meta":{"desktop":{"background-color":"var(--ast-global-color-4)","background-image":"","background-repeat":"repeat","background-position":"center center","background-size":"auto","background-attachment":"scroll","background-type":"","background-media":"","overlay-type":"","overlay-color":"","overlay-opacity":"","overlay-gradient":""},"tablet":{"background-color":"","background-image":"","background-repeat":"repeat","background-position":"center center","background-size":"auto","background-attachment":"scroll","background-type":"","background-media":"","overlay-type":"","overlay-color":"","overlay-opacity":"","overlay-gradient":""},"mobile":{"background-color":"","background-image":"","background-repeat":"repeat","background-position":"center center","background-size":"auto","background-attachment":"scroll","background-type":"","background-media":"","overlay-type":"","overlay-color":"","overlay-opacity":"","overlay-gradient":""}},"ast-content-background-meta":{"desktop":{"background-color":"var(--ast-global-color-5)","background-image":"","background-repeat":"repeat","background-position":"center center","background-size":"auto","background-attachment":"scroll","background-type":"","background-media":"","overlay-type":"","overlay-color":"","overlay-opacity":"","overlay-gradient":""},"tablet":{"background-color":"var(--ast-global-color-5)","background-image":"","background-repeat":"repeat","background-position":"center center","background-size":"auto","background-attachment":"scroll","background-type":"","background-media":"","overlay-type":"","overlay-color":"","overlay-opacity":"","overlay-gradient":""},"mobile":{"background-color":"var(--ast-global-color-5)","background-image":"","background-repeat":"repeat","background-position":"center center","background-size":"auto","background-attachment":"scroll","background-type":"","background-media":"","overlay-type":"","overlay-color":"","overlay-opacity":"","overlay-gradient":""}}},"product_brand":[],"product_cat":[8],"product_tag":[82,93,83,99,1802,87,91,95,72],"class_list":{"0":"post-50954","1":"product","2":"type-product","3":"status-publish","4":"has-post-thumbnail","6":"product_cat-lucky","7":"product_tag-coil-tattoo-machines","8":"product_tag-custom-tattoo-guns","9":"product_tag-custom-tattoo-machines","10":"product_tag-handmade-tattoo-machines","11":"product_tag-maquinas-de-tatuaje-de-bobina","12":"product_tag-professional-tattoo-machines","13":"product_tag-tattoo-equipment","14":"product_tag-tattoo-guns","15":"product_tag-tattoo-machine-coils","16":"pa_brand-rightstuff","17":"desktop-align-center","18":"tablet-align-left","19":"mobile-align-left","20":"ast-product-gallery-layout-horizontal-slider","21":"ast-product-gallery-with-no-image","22":"ast-product-tabs-layout-horizontal","24":"first","25":"outofstock","26":"taxable","27":"shipping-taxable","28":"purchasable","29":"product-type-simple"},"_links":{"self":[{"href":"https:\/\/rightstuff.eu\/de\/wp-json\/wp\/v2\/product\/50954","targetHints":{"allow":["GET"]}}],"collection":[{"href":"https:\/\/rightstuff.eu\/de\/wp-json\/wp\/v2\/product"}],"about":[{"href":"https:\/\/rightstuff.eu\/de\/wp-json\/wp\/v2\/types\/product"}],"replies":[{"embeddable":true,"href":"https:\/\/rightstuff.eu\/de\/wp-json\/wp\/v2\/comments?post=50954"}],"version-history":[{"count":0,"href":"https:\/\/rightstuff.eu\/de\/wp-json\/wp\/v2\/product\/50954\/revisions"}],"wp:featuredmedia":[{"embeddable":true,"href":"https:\/\/rightstuff.eu\/de\/wp-json\/wp\/v2\/media\/50953"}],"wp:attachment":[{"href":"https:\/\/rightstuff.eu\/de\/wp-json\/wp\/v2\/media?parent=50954"}],"wp:term":[{"taxonomy":"product_brand","embeddable":true,"href":"https:\/\/rightstuff.eu\/de\/wp-json\/wp\/v2\/product_brand?post=50954"},{"taxonomy":"product_cat","embeddable":true,"href":"https:\/\/rightstuff.eu\/de\/wp-json\/wp\/v2\/product_cat?post=50954"},{"taxonomy":"product_tag","embeddable":true,"href":"https:\/\/rightstuff.eu\/de\/wp-json\/wp\/v2\/product_tag?post=50954"}],"curies":[{"name":"wp","href":"https:\/\/api.w.org\/{rel}","templated":true}]}}