{"id":50900,"date":"2022-10-20T22:00:18","date_gmt":"2022-10-20T20:00:18","guid":{"rendered":"https:\/\/rightstuff.eu\/?post_type=product&#038;p=50900"},"modified":"2025-11-24T12:28:31","modified_gmt":"2025-11-24T11:28:31","slug":"aircord","status":"publish","type":"product","link":"https:\/\/rightstuff.eu\/de\/produkt\/aircord\/","title":{"rendered":"AirCord"},"content":{"rendered":"<p>Bist du auf der Suche nach einem neuen Clip Cord-Kabel f\u00fcr deine Tattoo-Maschine? Dann schau dir dieses Kabel an! Dieses Kabel ist aus hochwertigen Materialien gefertigt, sodass es lange halten wird. Au\u00dferdem ist es d\u00fcnn, nur 1,8 mm im Durchmesser, sodass es zu jeder Maschine passt. Egal, ob du ein Anf\u00e4nger oder ein professioneller T\u00e4towierer bist, dieses Clipkabel ist eine gute Wahl f\u00fcr ein zuverl\u00e4ssiges und langlebiges Ausr\u00fcstungsst\u00fcck.<\/p>","protected":false},"excerpt":{"rendered":"<p>AirCord - Clip cord<\/p>\n<p>6,3 mm Klinkenstecker zum Anschluss an die Klammerleitung<\/p>\n<p>L\u00e4nge 2m<\/p>\n<p>Hochwertiges, milit\u00e4rtaugliches Kabel<\/p>\n<p>Leicht und stark, 1,8 mm Drahtdurchmesser.<\/p>\n<p>Nur 20 Gramm ohne Netzanschlussbuchse<\/p>\n<p>Teflon-Au\u00dfenmantel<\/p>\n<p>&nbsp;<\/p>","protected":false},"featured_media":58082,"comment_status":"open","ping_status":"closed","template":"","meta":{"site-sidebar-layout":"default","site-content-layout":"","ast-site-content-layout":"default","site-content-style":"default","site-sidebar-style":"default","ast-global-header-display":"","ast-banner-title-visibility":"","ast-main-header-display":"","ast-hfb-above-header-display":"","ast-hfb-below-header-display":"","ast-hfb-mobile-header-display":"","site-post-title":"","ast-breadcrumbs-content":"","ast-featured-img":"","footer-sml-layout":"","ast-disable-related-posts":"","theme-transparent-header-meta":"default","adv-header-id-meta":"","stick-header-meta":"default","header-above-stick-meta":"","header-main-stick-meta":"","header-below-stick-meta":"","astra-migrate-meta-layouts":"set","ast-page-background-enabled":"default","ast-page-background-meta":{"desktop":{"background-color":"var(--ast-global-color-4)","background-image":"","background-repeat":"repeat","background-position":"center center","background-size":"auto","background-attachment":"scroll","background-type":"","background-media":"","overlay-type":"","overlay-color":"","overlay-opacity":"","overlay-gradient":""},"tablet":{"background-color":"","background-image":"","background-repeat":"repeat","background-position":"center center","background-size":"auto","background-attachment":"scroll","background-type":"","background-media":"","overlay-type":"","overlay-color":"","overlay-opacity":"","overlay-gradient":""},"mobile":{"background-color":"","background-image":"","background-repeat":"repeat","background-position":"center center","background-size":"auto","background-attachment":"scroll","background-type":"","background-media":"","overlay-type":"","overlay-color":"","overlay-opacity":"","overlay-gradient":""}},"ast-content-background-meta":{"desktop":{"background-color":"var(--ast-global-color-5)","background-image":"","background-repeat":"repeat","background-position":"center center","background-size":"auto","background-attachment":"scroll","background-type":"","background-media":"","overlay-type":"","overlay-color":"","overlay-opacity":"","overlay-gradient":""},"tablet":{"background-color":"var(--ast-global-color-5)","background-image":"","background-repeat":"repeat","background-position":"center center","background-size":"auto","background-attachment":"scroll","background-type":"","background-media":"","overlay-type":"","overlay-color":"","overlay-opacity":"","overlay-gradient":""},"mobile":{"background-color":"var(--ast-global-color-5)","background-image":"","background-repeat":"repeat","background-position":"center center","background-size":"auto","background-attachment":"scroll","background-type":"","background-media":"","overlay-type":"","overlay-color":"","overlay-opacity":"","overlay-gradient":""}}},"product_brand":[],"product_cat":[54],"product_tag":[90,91,70,92,94,69],"class_list":{"0":"post-50900","1":"product","2":"type-product","3":"status-publish","4":"has-post-thumbnail","6":"product_cat-power-supply","7":"product_tag-tattoo-accessories","8":"product_tag-tattoo-equipment","9":"product_tag-tattoo-kits","10":"product_tag-tattoo-machines-parts","11":"product_tag-tattoo-sets","12":"product_tag-tattoo-supplies","13":"pa_brand-rightstuff","14":"desktop-align-center","15":"tablet-align-left","16":"mobile-align-left","17":"ast-product-gallery-layout-horizontal-slider","18":"ast-product-gallery-with-no-image","19":"ast-product-tabs-layout-horizontal","21":"first","22":"instock","23":"taxable","24":"shipping-taxable","25":"purchasable","26":"product-type-simple"},"_links":{"self":[{"href":"https:\/\/rightstuff.eu\/de\/wp-json\/wp\/v2\/product\/50900","targetHints":{"allow":["GET"]}}],"collection":[{"href":"https:\/\/rightstuff.eu\/de\/wp-json\/wp\/v2\/product"}],"about":[{"href":"https:\/\/rightstuff.eu\/de\/wp-json\/wp\/v2\/types\/product"}],"replies":[{"embeddable":true,"href":"https:\/\/rightstuff.eu\/de\/wp-json\/wp\/v2\/comments?post=50900"}],"version-history":[{"count":0,"href":"https:\/\/rightstuff.eu\/de\/wp-json\/wp\/v2\/product\/50900\/revisions"}],"wp:featuredmedia":[{"embeddable":true,"href":"https:\/\/rightstuff.eu\/de\/wp-json\/wp\/v2\/media\/58082"}],"wp:attachment":[{"href":"https:\/\/rightstuff.eu\/de\/wp-json\/wp\/v2\/media?parent=50900"}],"wp:term":[{"taxonomy":"product_brand","embeddable":true,"href":"https:\/\/rightstuff.eu\/de\/wp-json\/wp\/v2\/product_brand?post=50900"},{"taxonomy":"product_cat","embeddable":true,"href":"https:\/\/rightstuff.eu\/de\/wp-json\/wp\/v2\/product_cat?post=50900"},{"taxonomy":"product_tag","embeddable":true,"href":"https:\/\/rightstuff.eu\/de\/wp-json\/wp\/v2\/product_tag?post=50900"}],"curies":[{"name":"wp","href":"https:\/\/api.w.org\/{rel}","templated":true}]}}