{"id":50174,"date":"2021-05-15T21:19:00","date_gmt":"2021-05-15T19:19:00","guid":{"rendered":"https:\/\/rightstuff.eu\/?post_type=product&#038;p=50174"},"modified":"2025-04-26T16:33:40","modified_gmt":"2025-04-26T14:33:40","slug":"finer-grip-28mm-black","status":"publish","type":"product","link":"https:\/\/rightstuff.eu\/de\/produkt\/finer-grip-28mm-black\/","title":{"rendered":"FINER Grip 28mm -Schwarz"},"content":{"rendered":"<p>Die Hornet Tattoo-Maschinengriffe 28mm schwarz sind als einige der sichersten und hochwertigsten Tattoo-Maschinenteile bekannt und werden dir jetzt angeboten. Wenn du ein T\u00e4towierer bist, der au\u00dfergew\u00f6hnliche Kontrolle und Komfort bei der Arbeit braucht, werden sich diese Teile in deinen H\u00e4nden gro\u00dfartig anf\u00fchlen. Der schlanke und klare K\u00f6rper, die elegante schwarze Farbe, sieht nicht nur umwerfend aus, sondern l\u00e4sst auch keine Kratzer erkennen. Es handelt sich um robuste 28-mm-Griffe f\u00fcr T\u00e4towiermaschinen, die f\u00fcr mittelgro\u00dfe H\u00e4nde geeignet sind. Das ist eine wichtige Tatsache, deshalb solltest du bei der Wahl der Griffe f\u00fcr Tattoomaschinen besonders auf die Gr\u00f6\u00dfe deiner Handfl\u00e4che achten.<\/p>","protected":false},"excerpt":{"rendered":"<p>Aluminium-Griff f\u00fcr FINER Pen rotierend<\/p>","protected":false},"featured_media":49250,"comment_status":"open","ping_status":"closed","template":"","meta":{"site-sidebar-layout":"default","site-content-layout":"default","ast-site-content-layout":"default","site-content-style":"default","site-sidebar-style":"default","ast-global-header-display":"","ast-banner-title-visibility":"","ast-main-header-display":"","ast-hfb-above-header-display":"","ast-hfb-below-header-display":"","ast-hfb-mobile-header-display":"","site-post-title":"","ast-breadcrumbs-content":"","ast-featured-img":"","footer-sml-layout":"","ast-disable-related-posts":"","theme-transparent-header-meta":"default","adv-header-id-meta":"","stick-header-meta":"default","header-above-stick-meta":"","header-main-stick-meta":"","header-below-stick-meta":"","astra-migrate-meta-layouts":"set","ast-page-background-enabled":"default","ast-page-background-meta":{"desktop":{"background-color":"var(--ast-global-color-4)","background-image":"","background-repeat":"repeat","background-position":"center center","background-size":"auto","background-attachment":"scroll","background-type":"","background-media":"","overlay-type":"","overlay-color":"","overlay-opacity":"","overlay-gradient":""},"tablet":{"background-color":"","background-image":"","background-repeat":"repeat","background-position":"center center","background-size":"auto","background-attachment":"scroll","background-type":"","background-media":"","overlay-type":"","overlay-color":"","overlay-opacity":"","overlay-gradient":""},"mobile":{"background-color":"","background-image":"","background-repeat":"repeat","background-position":"center center","background-size":"auto","background-attachment":"scroll","background-type":"","background-media":"","overlay-type":"","overlay-color":"","overlay-opacity":"","overlay-gradient":""}},"ast-content-background-meta":{"desktop":{"background-color":"var(--ast-global-color-5)","background-image":"","background-repeat":"repeat","background-position":"center center","background-size":"auto","background-attachment":"scroll","background-type":"","background-media":"","overlay-type":"","overlay-color":"","overlay-opacity":"","overlay-gradient":""},"tablet":{"background-color":"var(--ast-global-color-5)","background-image":"","background-repeat":"repeat","background-position":"center center","background-size":"auto","background-attachment":"scroll","background-type":"","background-media":"","overlay-type":"","overlay-color":"","overlay-opacity":"","overlay-gradient":""},"mobile":{"background-color":"var(--ast-global-color-5)","background-image":"","background-repeat":"repeat","background-position":"center center","background-size":"auto","background-attachment":"scroll","background-type":"","background-media":"","overlay-type":"","overlay-color":"","overlay-opacity":"","overlay-gradient":""}}},"product_brand":[],"product_cat":[1803],"product_tag":[101,100,98,48,97,1792,90,91,92,86],"class_list":{"0":"post-50174","1":"product","2":"type-product","3":"status-publish","4":"has-post-thumbnail","6":"product_cat-pen-tattoo-machines","7":"product_tag-custom-rotary-machines","8":"product_tag-handmade-rotary-tattoo-machines","9":"product_tag-rotary-tattoo-guns","10":"product_tag-rotary-tattoo-machine","11":"product_tag-rotary-tattoo-pen","12":"product_tag-rotary-tattoomaschinen","13":"product_tag-tattoo-accessories","14":"product_tag-tattoo-equipment","15":"product_tag-tattoo-machines-parts","16":"product_tag-tattoo-needle-supply","17":"pa_brand-rightstuff","18":"desktop-align-center","19":"tablet-align-left","20":"mobile-align-left","21":"ast-product-gallery-layout-horizontal-slider","22":"ast-product-tabs-layout-horizontal","24":"first","25":"outofstock","26":"taxable","27":"shipping-taxable","28":"purchasable","29":"product-type-simple"},"_links":{"self":[{"href":"https:\/\/rightstuff.eu\/de\/wp-json\/wp\/v2\/product\/50174","targetHints":{"allow":["GET"]}}],"collection":[{"href":"https:\/\/rightstuff.eu\/de\/wp-json\/wp\/v2\/product"}],"about":[{"href":"https:\/\/rightstuff.eu\/de\/wp-json\/wp\/v2\/types\/product"}],"replies":[{"embeddable":true,"href":"https:\/\/rightstuff.eu\/de\/wp-json\/wp\/v2\/comments?post=50174"}],"version-history":[{"count":0,"href":"https:\/\/rightstuff.eu\/de\/wp-json\/wp\/v2\/product\/50174\/revisions"}],"wp:featuredmedia":[{"embeddable":true,"href":"https:\/\/rightstuff.eu\/de\/wp-json\/wp\/v2\/media\/49250"}],"wp:attachment":[{"href":"https:\/\/rightstuff.eu\/de\/wp-json\/wp\/v2\/media?parent=50174"}],"wp:term":[{"taxonomy":"product_brand","embeddable":true,"href":"https:\/\/rightstuff.eu\/de\/wp-json\/wp\/v2\/product_brand?post=50174"},{"taxonomy":"product_cat","embeddable":true,"href":"https:\/\/rightstuff.eu\/de\/wp-json\/wp\/v2\/product_cat?post=50174"},{"taxonomy":"product_tag","embeddable":true,"href":"https:\/\/rightstuff.eu\/de\/wp-json\/wp\/v2\/product_tag?post=50174"}],"curies":[{"name":"wp","href":"https:\/\/api.w.org\/{rel}","templated":true}]}}