{"id":49426,"date":"2020-05-25T19:28:55","date_gmt":"2020-05-25T16:28:55","guid":{"rendered":"https:\/\/rightstuff.eu\/?post_type=product&#038;p=49426"},"modified":"2025-01-22T01:32:15","modified_gmt":"2025-01-22T00:32:15","slug":"pen-tattoo-machine-finer-32mm-grip-black","status":"publish","type":"product","link":"https:\/\/rightstuff.eu\/de\/produkt\/pen-tattoo-machine-finer-32mm-grip-black\/","title":{"rendered":"Pen Tattoo Maschine Finer -32mm Griff (Schwarz)"},"content":{"rendered":"<p>Die Finer ist eine kompakte und leichte Tattoo-Maschine, die sich perfekt f\u00fcr feine und pr\u00e4zise Arbeiten eignet. Diese Maschine hat einen Hub von 3,2 mm, eine Geschwindigkeit von 8200 U\/min, einen 8-Watt-Motor und eine L\u00e4nge von 120 mm. Der Griff hat einen Durchmesser von 32 mm, so dass du jeden Arbeitsschritt ohne Erm\u00fcdungserscheinungen ausf\u00fchren kannst. Sie ist mit allen Standardpatronen kompatibel und kann eine Nadeltiefe von bis zu 4 mm f\u00fcr pr\u00e4zise Detailarbeit verarbeiten.<\/p>","protected":false},"excerpt":{"rendered":"<p>Pen Tattoo Maschine Finer Schwarz<\/p>\n<p>L\u00e4nge 120 mm, Durchmesser 21 mm<br \/>\nGriff 32mm<\/p>\n<p>Kompatibel mit allen Standard-Patronen<\/p>\n<p>empfehlen wir die Verwendung unserer <a href=\"https:\/\/rightstuff.eu\/tattoo-cartridges\/\">RightStripes-Patronen<\/a><\/p>\n<p>Hub 3,2 mm<\/p>\n<p>Hocheffizienter 8 W kernloser Motor<br \/>\nBis zu 4 mm Nadeltiefe<br \/>\n10000 UMDREHUNGEN PRO MINUTE<br \/>\nBevorzugte Spannung 4,5-12 Volt<\/p>\n<p>RCA-Anschluss<br \/>\nAluminium K\u00f6rper<br \/>\nGewicht 86 gr.<\/p>","protected":false},"featured_media":49419,"comment_status":"open","ping_status":"closed","template":"","meta":{"site-sidebar-layout":"default","site-content-layout":"default","ast-site-content-layout":"default","site-content-style":"default","site-sidebar-style":"default","ast-global-header-display":"","ast-banner-title-visibility":"","ast-main-header-display":"","ast-hfb-above-header-display":"","ast-hfb-below-header-display":"","ast-hfb-mobile-header-display":"","site-post-title":"","ast-breadcrumbs-content":"","ast-featured-img":"","footer-sml-layout":"","ast-disable-related-posts":"","theme-transparent-header-meta":"default","adv-header-id-meta":"","stick-header-meta":"default","header-above-stick-meta":"","header-main-stick-meta":"","header-below-stick-meta":"","astra-migrate-meta-layouts":"set","ast-page-background-enabled":"default","ast-page-background-meta":{"desktop":{"background-color":"var(--ast-global-color-4)","background-image":"","background-repeat":"repeat","background-position":"center center","background-size":"auto","background-attachment":"scroll","background-type":"","background-media":"","overlay-type":"","overlay-color":"","overlay-opacity":"","overlay-gradient":""},"tablet":{"background-color":"","background-image":"","background-repeat":"repeat","background-position":"center center","background-size":"auto","background-attachment":"scroll","background-type":"","background-media":"","overlay-type":"","overlay-color":"","overlay-opacity":"","overlay-gradient":""},"mobile":{"background-color":"","background-image":"","background-repeat":"repeat","background-position":"center center","background-size":"auto","background-attachment":"scroll","background-type":"","background-media":"","overlay-type":"","overlay-color":"","overlay-opacity":"","overlay-gradient":""}},"ast-content-background-meta":{"desktop":{"background-color":"var(--ast-global-color-5)","background-image":"","background-repeat":"repeat","background-position":"center center","background-size":"auto","background-attachment":"scroll","background-type":"","background-media":"","overlay-type":"","overlay-color":"","overlay-opacity":"","overlay-gradient":""},"tablet":{"background-color":"var(--ast-global-color-5)","background-image":"","background-repeat":"repeat","background-position":"center center","background-size":"auto","background-attachment":"scroll","background-type":"","background-media":"","overlay-type":"","overlay-color":"","overlay-opacity":"","overlay-gradient":""},"mobile":{"background-color":"var(--ast-global-color-5)","background-image":"","background-repeat":"repeat","background-position":"center center","background-size":"auto","background-attachment":"scroll","background-type":"","background-media":"","overlay-type":"","overlay-color":"","overlay-opacity":"","overlay-gradient":""}}},"product_brand":[],"product_cat":[1803],"product_tag":[101,93,100,99,53,50,87,98,48,97,1792,1797,71,91,95,52,41,51],"class_list":{"0":"post-49426","1":"product","2":"type-product","3":"status-publish","4":"has-post-thumbnail","6":"product_cat-pen-tattoo-machines","7":"product_tag-custom-rotary-machines","8":"product_tag-custom-tattoo-guns","9":"product_tag-handmade-rotary-tattoo-machines","10":"product_tag-handmade-tattoo-machines","11":"product_tag-hornet-tattoo-machine","12":"product_tag-pen-tattoo-machine","13":"product_tag-professional-tattoo-machines","14":"product_tag-rotary-tattoo-guns","15":"product_tag-rotary-tattoo-machine","16":"product_tag-rotary-tattoo-pen","17":"product_tag-rotary-tattoomaschinen","18":"product_tag-rotative-machines-a-tatouer","19":"product_tag-tattoo-cartridges","20":"product_tag-tattoo-equipment","21":"product_tag-tattoo-guns","22":"product_tag-tattoo-machine-pen","23":"product_tag-tattoo-machines","24":"product_tag-tattoo-pen","25":"pa_brand-rightstuff","26":"desktop-align-center","27":"tablet-align-left","28":"mobile-align-left","29":"ast-product-gallery-layout-horizontal-slider","30":"ast-product-gallery-with-no-image","31":"ast-product-tabs-layout-horizontal","33":"first","34":"outofstock","35":"purchasable","36":"product-type-simple"},"_links":{"self":[{"href":"https:\/\/rightstuff.eu\/de\/wp-json\/wp\/v2\/product\/49426","targetHints":{"allow":["GET"]}}],"collection":[{"href":"https:\/\/rightstuff.eu\/de\/wp-json\/wp\/v2\/product"}],"about":[{"href":"https:\/\/rightstuff.eu\/de\/wp-json\/wp\/v2\/types\/product"}],"replies":[{"embeddable":true,"href":"https:\/\/rightstuff.eu\/de\/wp-json\/wp\/v2\/comments?post=49426"}],"version-history":[{"count":0,"href":"https:\/\/rightstuff.eu\/de\/wp-json\/wp\/v2\/product\/49426\/revisions"}],"wp:featuredmedia":[{"embeddable":true,"href":"https:\/\/rightstuff.eu\/de\/wp-json\/wp\/v2\/media\/49419"}],"wp:attachment":[{"href":"https:\/\/rightstuff.eu\/de\/wp-json\/wp\/v2\/media?parent=49426"}],"wp:term":[{"taxonomy":"product_brand","embeddable":true,"href":"https:\/\/rightstuff.eu\/de\/wp-json\/wp\/v2\/product_brand?post=49426"},{"taxonomy":"product_cat","embeddable":true,"href":"https:\/\/rightstuff.eu\/de\/wp-json\/wp\/v2\/product_cat?post=49426"},{"taxonomy":"product_tag","embeddable":true,"href":"https:\/\/rightstuff.eu\/de\/wp-json\/wp\/v2\/product_tag?post=49426"}],"curies":[{"name":"wp","href":"https:\/\/api.w.org\/{rel}","templated":true}]}}