{"id":31953,"date":"2019-04-17T23:43:54","date_gmt":"2019-04-17T21:43:54","guid":{"rendered":"https:\/\/rightstuff.eu\/shop\/uncategorized\/magnum-cartridge-9m-030\/"},"modified":"2025-01-22T01:32:17","modified_gmt":"2025-01-22T00:32:17","slug":"magnum-cartridge-9m-030","status":"publish","type":"product","link":"https:\/\/rightstuff.eu\/de\/produkt\/magnum-cartridge-9m-030\/","title":{"rendered":"Magnum-Nadelpatrone 9M -0,30"},"content":{"rendered":"<p>Die Magnum Cartridge 9M -0.30 ist eine professionelle Tattoo-Nadelpatrone, die f\u00fcr optimale Leistung und Pr\u00e4zision entwickelt wurde. Diese Patrone ist aus Edelstahl gefertigt und verf\u00fcgt \u00fcber eine 9M-Nadelkonfiguration mit einem Nadeldurchmesser von 0,30 mm. Die 9M-Konfiguration ist ideal f\u00fcr die Erstellung von Schattierungen und Farbpackungen. Die Patrone verf\u00fcgt au\u00dferdem \u00fcber ein Membransystem, das ein Zur\u00fcckflie\u00dfen der Tinte verhindert und f\u00fcr einen gleichm\u00e4\u00dfigen Tintenfluss sorgt. Die Patrone ist mit allen g\u00e4ngigen T\u00e4towiermaschinen kompatibel und l\u00e4sst sich einfach installieren und verwenden. Mit ihrer \u00fcberragenden Leistung und Pr\u00e4zision ist die Magnum Tattoo Cartridge 9M -0.30 die perfekte Wahl f\u00fcr jeden professionellen T\u00e4towierer.<\/p>","protected":false},"excerpt":{"rendered":"<p>Mittlere Verj\u00fcngung<\/p>\n<p>MicroTextured<\/p>\n<p>0,30 mm Nadeln<\/p>\n<p>20 St\u00fcck\/Packung<\/p>","protected":false},"featured_media":53477,"comment_status":"open","ping_status":"closed","template":"","meta":{"site-sidebar-layout":"","site-content-layout":"","ast-site-content-layout":"default","site-content-style":"default","site-sidebar-style":"default","ast-global-header-display":"","ast-banner-title-visibility":"","ast-main-header-display":"","ast-hfb-above-header-display":"","ast-hfb-below-header-display":"","ast-hfb-mobile-header-display":"","site-post-title":"","ast-breadcrumbs-content":"","ast-featured-img":"","footer-sml-layout":"","ast-disable-related-posts":"","theme-transparent-header-meta":"","adv-header-id-meta":"","stick-header-meta":"","header-above-stick-meta":"","header-main-stick-meta":"","header-below-stick-meta":"","astra-migrate-meta-layouts":"default","ast-page-background-enabled":"default","ast-page-background-meta":{"desktop":{"background-color":"var(--ast-global-color-4)","background-image":"","background-repeat":"repeat","background-position":"center center","background-size":"auto","background-attachment":"scroll","background-type":"","background-media":"","overlay-type":"","overlay-color":"","overlay-opacity":"","overlay-gradient":""},"tablet":{"background-color":"","background-image":"","background-repeat":"repeat","background-position":"center center","background-size":"auto","background-attachment":"scroll","background-type":"","background-media":"","overlay-type":"","overlay-color":"","overlay-opacity":"","overlay-gradient":""},"mobile":{"background-color":"","background-image":"","background-repeat":"repeat","background-position":"center center","background-size":"auto","background-attachment":"scroll","background-type":"","background-media":"","overlay-type":"","overlay-color":"","overlay-opacity":"","overlay-gradient":""}},"ast-content-background-meta":{"desktop":{"background-color":"var(--ast-global-color-5)","background-image":"","background-repeat":"repeat","background-position":"center center","background-size":"auto","background-attachment":"scroll","background-type":"","background-media":"","overlay-type":"","overlay-color":"","overlay-opacity":"","overlay-gradient":""},"tablet":{"background-color":"var(--ast-global-color-5)","background-image":"","background-repeat":"repeat","background-position":"center center","background-size":"auto","background-attachment":"scroll","background-type":"","background-media":"","overlay-type":"","overlay-color":"","overlay-opacity":"","overlay-gradient":""},"mobile":{"background-color":"var(--ast-global-color-5)","background-image":"","background-repeat":"repeat","background-position":"center center","background-size":"auto","background-attachment":"scroll","background-type":"","background-media":"","overlay-type":"","overlay-color":"","overlay-opacity":"","overlay-gradient":""}}},"product_brand":[],"product_cat":[226],"product_tag":[81,1796,1795,308,306,310,309,307,102,71,91,92,1793],"class_list":{"0":"post-31953","1":"product","2":"type-product","3":"status-publish","4":"has-post-thumbnail","6":"product_cat-magnum-cartridges","7":"product_tag-cartridge-tattoo-needles","8":"product_tag-cartucce-aghi-per-tatuaggio","9":"product_tag-cartuchos-de-agujas-de-tatuaje","10":"product_tag-disposable-tattoo-cartridge","11":"product_tag-needle-cartridge","12":"product_tag-premium-cartridge","13":"product_tag-premium-needle-cartridge","14":"product_tag-rightstripes","15":"product_tag-rotary-tattoo-needles","16":"product_tag-tattoo-cartridges","17":"product_tag-tattoo-equipment","18":"product_tag-tattoo-machines-parts","19":"product_tag-tattoonadeln-cartridges","20":"pa_brand-rightstuff","21":"pa_quantity-5-pcs","22":"pa_quantity-box-of-20","23":"desktop-align-center","24":"tablet-align-left","25":"mobile-align-left","26":"ast-product-gallery-layout-horizontal-slider","27":"ast-product-gallery-with-no-image","28":"ast-product-single-variable","29":"ast-product-tabs-layout-horizontal","31":"first","32":"instock","33":"taxable","34":"shipping-taxable","35":"purchasable","36":"product-type-variable"},"_links":{"self":[{"href":"https:\/\/rightstuff.eu\/de\/wp-json\/wp\/v2\/product\/31953","targetHints":{"allow":["GET"]}}],"collection":[{"href":"https:\/\/rightstuff.eu\/de\/wp-json\/wp\/v2\/product"}],"about":[{"href":"https:\/\/rightstuff.eu\/de\/wp-json\/wp\/v2\/types\/product"}],"replies":[{"embeddable":true,"href":"https:\/\/rightstuff.eu\/de\/wp-json\/wp\/v2\/comments?post=31953"}],"version-history":[{"count":0,"href":"https:\/\/rightstuff.eu\/de\/wp-json\/wp\/v2\/product\/31953\/revisions"}],"wp:featuredmedia":[{"embeddable":true,"href":"https:\/\/rightstuff.eu\/de\/wp-json\/wp\/v2\/media\/53477"}],"wp:attachment":[{"href":"https:\/\/rightstuff.eu\/de\/wp-json\/wp\/v2\/media?parent=31953"}],"wp:term":[{"taxonomy":"product_brand","embeddable":true,"href":"https:\/\/rightstuff.eu\/de\/wp-json\/wp\/v2\/product_brand?post=31953"},{"taxonomy":"product_cat","embeddable":true,"href":"https:\/\/rightstuff.eu\/de\/wp-json\/wp\/v2\/product_cat?post=31953"},{"taxonomy":"product_tag","embeddable":true,"href":"https:\/\/rightstuff.eu\/de\/wp-json\/wp\/v2\/product_tag?post=31953"}],"curies":[{"name":"wp","href":"https:\/\/api.w.org\/{rel}","templated":true}]}}