{"id":31894,"date":"2019-04-17T22:28:51","date_gmt":"2019-04-17T19:28:51","guid":{"rendered":"https:\/\/rightstuff.eu\/?post_type=product&#038;p=31894"},"modified":"2026-01-12T18:00:59","modified_gmt":"2026-01-12T17:00:59","slug":"round-liner-cartridge-3rl-030","status":"publish","type":"product","link":"https:\/\/rightstuff.eu\/de\/produkt\/round-liner-cartridge-3rl-030\/","title":{"rendered":"Runde Liner-Kartusche 3RL -0,30"},"content":{"rendered":"<p>Diese Linerkartusche 3RL ist f\u00fcr erstaunliche Ergebnisse gemacht. Die geringe Anzahl an Nadeln, die f\u00fcr die Cartridge vorgesehen ist, gew\u00e4hrleistet h\u00f6chste Qualit\u00e4t und Genauigkeit. Diese einzigartige Nadelkonfiguration erm\u00f6glicht ein noch langsameres T\u00e4towieren und f\u00fchrt zu einem nat\u00fcrlichen und leicht zu verfolgenden Muster.Die MicroTextured-Nadeln sind ebenfalls f\u00fcr erstaunliche Ergebnisse gemacht. Mit den MicroTextured-Nadeln k\u00f6nnen T\u00e4towierer die Haut dr\u00fccken, ohne sie zu verletzen, was zu einem nat\u00fcrlicheren und weicheren Ergebnis f\u00fchrt.<\/p>","protected":false},"excerpt":{"rendered":"<p>Lange Verj\u00fcngung<\/p>\n<p>MicroTextured<\/p>\n<p>0,30 mm Nadeln<\/p>\n<p>20 St\u00fcck\/Packung<\/p>","protected":false},"featured_media":32008,"comment_status":"open","ping_status":"closed","template":"","meta":{"site-sidebar-layout":"default","site-content-layout":"","ast-site-content-layout":"default","site-content-style":"default","site-sidebar-style":"default","ast-global-header-display":"","ast-banner-title-visibility":"","ast-main-header-display":"","ast-hfb-above-header-display":"","ast-hfb-below-header-display":"","ast-hfb-mobile-header-display":"","site-post-title":"","ast-breadcrumbs-content":"","ast-featured-img":"","footer-sml-layout":"","ast-disable-related-posts":"","theme-transparent-header-meta":"default","adv-header-id-meta":"","stick-header-meta":"default","header-above-stick-meta":"","header-main-stick-meta":"","header-below-stick-meta":"","astra-migrate-meta-layouts":"set","ast-page-background-enabled":"default","ast-page-background-meta":{"desktop":{"background-color":"var(--ast-global-color-4)","background-image":"","background-repeat":"repeat","background-position":"center center","background-size":"auto","background-attachment":"scroll","background-type":"","background-media":"","overlay-type":"","overlay-color":"","overlay-opacity":"","overlay-gradient":""},"tablet":{"background-color":"","background-image":"","background-repeat":"repeat","background-position":"center center","background-size":"auto","background-attachment":"scroll","background-type":"","background-media":"","overlay-type":"","overlay-color":"","overlay-opacity":"","overlay-gradient":""},"mobile":{"background-color":"","background-image":"","background-repeat":"repeat","background-position":"center center","background-size":"auto","background-attachment":"scroll","background-type":"","background-media":"","overlay-type":"","overlay-color":"","overlay-opacity":"","overlay-gradient":""}},"ast-content-background-meta":{"desktop":{"background-color":"var(--ast-global-color-5)","background-image":"","background-repeat":"repeat","background-position":"center center","background-size":"auto","background-attachment":"scroll","background-type":"","background-media":"","overlay-type":"","overlay-color":"","overlay-opacity":"","overlay-gradient":""},"tablet":{"background-color":"var(--ast-global-color-5)","background-image":"","background-repeat":"repeat","background-position":"center center","background-size":"auto","background-attachment":"scroll","background-type":"","background-media":"","overlay-type":"","overlay-color":"","overlay-opacity":"","overlay-gradient":""},"mobile":{"background-color":"var(--ast-global-color-5)","background-image":"","background-repeat":"repeat","background-position":"center center","background-size":"auto","background-attachment":"scroll","background-type":"","background-media":"","overlay-type":"","overlay-color":"","overlay-opacity":"","overlay-gradient":""}}},"product_brand":[],"product_cat":[224],"product_tag":[81,308,306,310,309,307,102,71,91,92,1793],"class_list":{"0":"post-31894","1":"product","2":"type-product","3":"status-publish","4":"has-post-thumbnail","6":"product_cat-round-liner-cartridges","7":"product_tag-cartridge-tattoo-needles","8":"product_tag-disposable-tattoo-cartridge","9":"product_tag-needle-cartridge","10":"product_tag-premium-cartridge","11":"product_tag-premium-needle-cartridge","12":"product_tag-rightstripes","13":"product_tag-rotary-tattoo-needles","14":"product_tag-tattoo-cartridges","15":"product_tag-tattoo-equipment","16":"product_tag-tattoo-machines-parts","17":"product_tag-tattoonadeln-cartridges","18":"pa_brand-rightstuff","19":"pa_quantity-5-pcs","20":"pa_quantity-box-of-20","21":"desktop-align-center","22":"tablet-align-left","23":"mobile-align-left","24":"ast-product-gallery-layout-horizontal-slider","25":"ast-product-gallery-with-no-image","26":"ast-product-single-variable","27":"ast-product-tabs-layout-horizontal","29":"first","30":"instock","31":"taxable","32":"shipping-taxable","33":"purchasable","34":"product-type-variable"},"_links":{"self":[{"href":"https:\/\/rightstuff.eu\/de\/wp-json\/wp\/v2\/product\/31894","targetHints":{"allow":["GET"]}}],"collection":[{"href":"https:\/\/rightstuff.eu\/de\/wp-json\/wp\/v2\/product"}],"about":[{"href":"https:\/\/rightstuff.eu\/de\/wp-json\/wp\/v2\/types\/product"}],"replies":[{"embeddable":true,"href":"https:\/\/rightstuff.eu\/de\/wp-json\/wp\/v2\/comments?post=31894"}],"version-history":[{"count":0,"href":"https:\/\/rightstuff.eu\/de\/wp-json\/wp\/v2\/product\/31894\/revisions"}],"wp:featuredmedia":[{"embeddable":true,"href":"https:\/\/rightstuff.eu\/de\/wp-json\/wp\/v2\/media\/32008"}],"wp:attachment":[{"href":"https:\/\/rightstuff.eu\/de\/wp-json\/wp\/v2\/media?parent=31894"}],"wp:term":[{"taxonomy":"product_brand","embeddable":true,"href":"https:\/\/rightstuff.eu\/de\/wp-json\/wp\/v2\/product_brand?post=31894"},{"taxonomy":"product_cat","embeddable":true,"href":"https:\/\/rightstuff.eu\/de\/wp-json\/wp\/v2\/product_cat?post=31894"},{"taxonomy":"product_tag","embeddable":true,"href":"https:\/\/rightstuff.eu\/de\/wp-json\/wp\/v2\/product_tag?post=31894"}],"curies":[{"name":"wp","href":"https:\/\/api.w.org\/{rel}","templated":true}]}}