{"id":31011,"date":"2018-03-22T20:01:34","date_gmt":"2018-03-22T19:01:34","guid":{"rendered":"https:\/\/rightstuff.eu\/?post_type=product&#038;p=31011"},"modified":"2025-07-26T14:54:06","modified_gmt":"2025-07-26T12:54:06","slug":"minidozzer-trueliner-alu-blck-red","status":"publish","type":"product","link":"https:\/\/rightstuff.eu\/de\/produkt\/minidozzer-trueliner-alu-blck-red\/","title":{"rendered":"miniDOZZER TrueLiner ALU BLCK\/RED"},"content":{"rendered":"<p>miniDOZZER TrueLiner ALU BLCK\/RED ist eine Tattoo-Maschine, die dir das bestm\u00f6gliche Tattoo-Erlebnis bietet. Mit den ma\u00dfgeschneiderten Tattoo-Pistolen und den handgefertigten Tattoo-Maschinen kannst du sicher sein, dass dein Tattoo von h\u00f6chster Qualit\u00e4t sein wird. Au\u00dferdem bekommst du mit den professionellen Tattoo-Maschinen und der Tattoo-Ausr\u00fcstung alle notwendigen Werkzeuge, um dein Tattoo perfekt zu machen.<\/p>\n<p>Wenn du diesen True Liner bei Right Stuff bestellst, bekommst du das Ger\u00e4t eingestellt und einsatzbereit. Wie jede andere T\u00e4towiermaschine kann das Ger\u00e4t jedoch mehr Feinabstimmung erfordern. Das Ger\u00e4t l\u00e4uft mit einer Frequenz von 140 Hz und einer Spannung von 6, 6 V, wenn es unbelastet ist.<\/p>","protected":false},"excerpt":{"rendered":"<p>Spulen-T\u00e4towiermaschine<\/p>\n<p>Der Rahmen ist aus einem einzigen St\u00fcck 7075 Flugzeugaluminium gefr\u00e4st<br \/>\nHochwertige Coils - 26 mm * 9 Wicklungen<br \/>\nBeschl\u00e4ge aus gebl\u00e4utem Stahl<br \/>\nBevorzugte Nadeln 7-14rl<br \/>\nLanger Hub<br \/>\nL\u00e4uft 140hz bei 6,6 Volt - unbelastet<\/p>\n<p>Die Tattoo-Maschine wiegt 150 g.<\/p>","protected":false},"featured_media":57992,"comment_status":"open","ping_status":"closed","template":"","meta":{"site-sidebar-layout":"default","site-content-layout":"","ast-site-content-layout":"default","site-content-style":"default","site-sidebar-style":"default","ast-global-header-display":"","ast-banner-title-visibility":"","ast-main-header-display":"","ast-hfb-above-header-display":"","ast-hfb-below-header-display":"","ast-hfb-mobile-header-display":"","site-post-title":"","ast-breadcrumbs-content":"","ast-featured-img":"","footer-sml-layout":"","ast-disable-related-posts":"","theme-transparent-header-meta":"default","adv-header-id-meta":"","stick-header-meta":"default","header-above-stick-meta":"","header-main-stick-meta":"","header-below-stick-meta":"","astra-migrate-meta-layouts":"set","ast-page-background-enabled":"default","ast-page-background-meta":{"desktop":{"background-color":"var(--ast-global-color-4)","background-image":"","background-repeat":"repeat","background-position":"center center","background-size":"auto","background-attachment":"scroll","background-type":"","background-media":"","overlay-type":"","overlay-color":"","overlay-opacity":"","overlay-gradient":""},"tablet":{"background-color":"","background-image":"","background-repeat":"repeat","background-position":"center center","background-size":"auto","background-attachment":"scroll","background-type":"","background-media":"","overlay-type":"","overlay-color":"","overlay-opacity":"","overlay-gradient":""},"mobile":{"background-color":"","background-image":"","background-repeat":"repeat","background-position":"center center","background-size":"auto","background-attachment":"scroll","background-type":"","background-media":"","overlay-type":"","overlay-color":"","overlay-opacity":"","overlay-gradient":""}},"ast-content-background-meta":{"desktop":{"background-color":"var(--ast-global-color-5)","background-image":"","background-repeat":"repeat","background-position":"center center","background-size":"auto","background-attachment":"scroll","background-type":"","background-media":"","overlay-type":"","overlay-color":"","overlay-opacity":"","overlay-gradient":""},"tablet":{"background-color":"var(--ast-global-color-5)","background-image":"","background-repeat":"repeat","background-position":"center center","background-size":"auto","background-attachment":"scroll","background-type":"","background-media":"","overlay-type":"","overlay-color":"","overlay-opacity":"","overlay-gradient":""},"mobile":{"background-color":"var(--ast-global-color-5)","background-image":"","background-repeat":"repeat","background-position":"center center","background-size":"auto","background-attachment":"scroll","background-type":"","background-media":"","overlay-type":"","overlay-color":"","overlay-opacity":"","overlay-gradient":""}}},"product_brand":[],"product_cat":[32],"product_tag":[82,93,83,99,1801,87,91,95,72],"class_list":{"0":"post-31011","1":"product","2":"type-product","3":"status-publish","4":"has-post-thumbnail","6":"product_cat-dozzer","7":"product_tag-coil-tattoo-machines","8":"product_tag-custom-tattoo-guns","9":"product_tag-custom-tattoo-machines","10":"product_tag-handmade-tattoo-machines","11":"product_tag-machines-a-tatouer-les-bobines","12":"product_tag-professional-tattoo-machines","13":"product_tag-tattoo-equipment","14":"product_tag-tattoo-guns","15":"product_tag-tattoo-machine-coils","16":"pa_brand-rightstuff","17":"desktop-align-center","18":"tablet-align-left","19":"mobile-align-left","20":"ast-product-gallery-layout-horizontal-slider","21":"ast-product-tabs-layout-horizontal","23":"first","24":"instock","25":"taxable","26":"shipping-taxable","27":"purchasable","28":"product-type-simple"},"_links":{"self":[{"href":"https:\/\/rightstuff.eu\/de\/wp-json\/wp\/v2\/product\/31011","targetHints":{"allow":["GET"]}}],"collection":[{"href":"https:\/\/rightstuff.eu\/de\/wp-json\/wp\/v2\/product"}],"about":[{"href":"https:\/\/rightstuff.eu\/de\/wp-json\/wp\/v2\/types\/product"}],"replies":[{"embeddable":true,"href":"https:\/\/rightstuff.eu\/de\/wp-json\/wp\/v2\/comments?post=31011"}],"version-history":[{"count":0,"href":"https:\/\/rightstuff.eu\/de\/wp-json\/wp\/v2\/product\/31011\/revisions"}],"wp:featuredmedia":[{"embeddable":true,"href":"https:\/\/rightstuff.eu\/de\/wp-json\/wp\/v2\/media\/57992"}],"wp:attachment":[{"href":"https:\/\/rightstuff.eu\/de\/wp-json\/wp\/v2\/media?parent=31011"}],"wp:term":[{"taxonomy":"product_brand","embeddable":true,"href":"https:\/\/rightstuff.eu\/de\/wp-json\/wp\/v2\/product_brand?post=31011"},{"taxonomy":"product_cat","embeddable":true,"href":"https:\/\/rightstuff.eu\/de\/wp-json\/wp\/v2\/product_cat?post=31011"},{"taxonomy":"product_tag","embeddable":true,"href":"https:\/\/rightstuff.eu\/de\/wp-json\/wp\/v2\/product_tag?post=31011"}],"curies":[{"name":"wp","href":"https:\/\/api.w.org\/{rel}","templated":true}]}}